{"id":367757,"date":"2023-01-15T22:00:25","date_gmt":"2023-01-15T21:00:25","guid":{"rendered":"https:\/\/www.claret.cat\/llibre\/jesus-es-el-senyor-segon-quadern-dexercicis-9788498464085\/"},"modified":"2025-12-02T18:55:54","modified_gmt":"2025-12-02T17:55:54","slug":"jesus-es-el-senyor-segon-quadern-dexercicis-9788498464085","status":"publish","type":"product","link":"https:\/\/www.claret.cat\/es\/libro\/jesus-es-el-senyor-segon-quadern-dexercicis-9788498464085\/","title":{"rendered":"JES\u00daS \u00c9S EL SENYOR. SEGON QUADERN D&#8217;EXERCICIS"},"content":{"rendered":"<p>El Servei de Catequesi ha elaborat aquest quadern d&#8217;exercicis per poder treballar els continguts del Catecisme Jes\u00fas \u00e9s el Senyor, de forma senzilla, ordenada i progressiva. Es tracta d&#8217;una proposta de treball perqu\u00e8 els nens i nenes de 2on Curs de Catequesi realitzin uns exercicis variats i pr\u00e0ctics que els ajudin a construir una veritable experi\u00e8ncia de fe cristiana infantil, a cada moment dels seu proc\u00e9s de creixement.<\/p>\n","protected":false},"excerpt":{"rendered":"<p>MART\u00cdNEZ DESCHAMPS, MONTSERRAT<\/p>\n","protected":false},"featured_media":373567,"template":"","meta":{"_acf_changed":false,"om_disable_all_campaigns":false,"rs_blank_template":"","rs_page_bg_color":"","slide_template_v7":"","inline_featured_image":false,"_monsterinsights_skip_tracking":false,"_monsterinsights_sitenote_active":false,"_monsterinsights_sitenote_note":"","_monsterinsights_sitenote_category":0},"product_brand":[],"product_cat":[90,581,540],"product_tag":[],"class_list":{"0":"post-367757","1":"product","2":"type-product","3":"status-publish","4":"has-post-thumbnail","6":"product_cat-altres","7":"product_cat-editorial-claret","8":"product_cat-otros","10":"first","11":"instock","12":"taxable","13":"shipping-taxable","14":"purchasable","15":"product-type-simple"},"acf":{"editorial":[{"ID":6158,"post_author":"3","post_date":"2022-07-28 17:46:08","post_date_gmt":"2022-07-28 15:46:08","post_content":"","post_title":"CLARET","post_excerpt":"","post_status":"publish","comment_status":"closed","ping_status":"closed","post_password":"","post_name":"claret","to_ping":"","pinged":"","post_modified":"2022-07-28 17:46:08","post_modified_gmt":"2022-07-28 15:46:08","post_content_filtered":"","post_parent":0,"guid":"http:\/\/dev.claret.cat\/editorial\/claret\/","menu_order":0,"post_type":"editorial","post_mime_type":"","comment_count":"0","filter":"raw"}],"autores-libros":[{"ID":367662,"post_author":"3","post_date":"2023-01-15 21:35:22","post_date_gmt":"2023-01-15 20:35:22","post_content":"","post_title":"MONTSERRAT MART\u00cdNEZ DESCHAMPS","post_excerpt":"","post_status":"publish","comment_status":"closed","ping_status":"closed","post_password":"","post_name":"montserrat-martinez-deschamps-2","to_ping":"","pinged":"","post_modified":"2023-01-15 21:35:22","post_modified_gmt":"2023-01-15 20:35:22","post_content_filtered":"","post_parent":0,"guid":"https:\/\/www.claret.cat\/autor\/montserrat-martinez-deschamps-2\/","menu_order":0,"post_type":"autor","post_mime_type":"","comment_count":"0","filter":"raw"}],"autor":"MART\u00cdNEZ DESCHAMPS, MONTSERRAT","codart":"849846408","libros-coleccion":"","ediciones":"1","encuadernacion":"R\u00fastica","fecha_de_publicacion":"08\/06\/2010","novedad":"0","paginas":"69","subtitulo":"CORRESPONENT AL CATECISME","orden":"999","portada":"0","idioma":"cat","booktrailer":"","resenas":""},"aioseo_notices":[],"_links":{"self":[{"href":"https:\/\/www.claret.cat\/es\/wp-json\/wp\/v2\/product\/367757","targetHints":{"allow":["GET"]}}],"collection":[{"href":"https:\/\/www.claret.cat\/es\/wp-json\/wp\/v2\/product"}],"about":[{"href":"https:\/\/www.claret.cat\/es\/wp-json\/wp\/v2\/types\/product"}],"wp:featuredmedia":[{"embeddable":true,"href":"https:\/\/www.claret.cat\/es\/wp-json\/wp\/v2\/media\/373567"}],"wp:attachment":[{"href":"https:\/\/www.claret.cat\/es\/wp-json\/wp\/v2\/media?parent=367757"}],"wp:term":[{"taxonomy":"product_brand","embeddable":true,"href":"https:\/\/www.claret.cat\/es\/wp-json\/wp\/v2\/product_brand?post=367757"},{"taxonomy":"product_cat","embeddable":true,"href":"https:\/\/www.claret.cat\/es\/wp-json\/wp\/v2\/product_cat?post=367757"},{"taxonomy":"product_tag","embeddable":true,"href":"https:\/\/www.claret.cat\/es\/wp-json\/wp\/v2\/product_tag?post=367757"}],"curies":[{"name":"wp","href":"https:\/\/api.w.org\/{rel}","templated":true}]}}