{"id":367763,"date":"2023-01-15T22:00:50","date_gmt":"2023-01-15T21:00:50","guid":{"rendered":"https:\/\/www.claret.cat\/llibre\/jesus-es-el-senor-guia-segundo-cuaderno-de-ejercicios-9788498464115\/"},"modified":"2025-02-12T12:06:37","modified_gmt":"2025-02-12T11:06:37","slug":"jesus-es-el-senor-guia-segundo-cuaderno-de-ejercicios-9788498464115","status":"publish","type":"product","link":"https:\/\/www.claret.cat\/es\/libro\/jesus-es-el-senor-guia-segundo-cuaderno-de-ejercicios-9788498464115\/","title":{"rendered":"JES\u00daS ES EL SE\u00d1OR. GUIA. SEGUNDO CUADERNO DE EJERCICIOS"},"content":{"rendered":"","protected":false},"excerpt":{"rendered":"<p>MART\u00cdNEZ DESCHAMPS, MONTSERRAT; BASS\u00d3 UBACH. FREDERIC<\/p>\n","protected":false},"featured_media":367764,"template":"","meta":{"_acf_changed":false,"om_disable_all_campaigns":false,"rs_blank_template":"","rs_page_bg_color":"","slide_template_v7":"","inline_featured_image":false,"_monsterinsights_skip_tracking":false,"_monsterinsights_sitenote_active":false,"_monsterinsights_sitenote_note":"","_monsterinsights_sitenote_category":0},"product_brand":[],"product_cat":[77,343,581,352,86,346,80],"product_tag":[],"class_list":{"0":"post-367763","1":"product","2":"type-product","3":"status-publish","4":"has-post-thumbnail","6":"product_cat-catequesi","7":"product_cat-catequesis","8":"product_cat-editorial-claret","9":"product_cat-infantil-3_infantil-juvenil-spa","10":"product_cat-infantil","11":"product_cat-libros-liturgia","12":"product_cat-liturgia","14":"first","15":"instock","16":"taxable","17":"shipping-taxable","18":"purchasable","19":"product-type-simple"},"acf":{"editorial":[{"ID":6158,"post_author":"3","post_date":"2022-07-28 17:46:08","post_date_gmt":"2022-07-28 15:46:08","post_content":"","post_title":"CLARET","post_excerpt":"","post_status":"publish","comment_status":"closed","ping_status":"closed","post_password":"","post_name":"claret","to_ping":"","pinged":"","post_modified":"2022-07-28 17:46:08","post_modified_gmt":"2022-07-28 15:46:08","post_content_filtered":"","post_parent":0,"guid":"http:\/\/dev.claret.cat\/editorial\/claret\/","menu_order":0,"post_type":"editorial","post_mime_type":"","comment_count":"0","filter":"raw"}],"autores-libros":[{"ID":367689,"post_author":"3","post_date":"2023-01-15 21:40:54","post_date_gmt":"2023-01-15 20:40:54","post_content":"","post_title":"BASS\u00d3 UBACH. FREDERIC","post_excerpt":"","post_status":"publish","comment_status":"closed","ping_status":"closed","post_password":"","post_name":"basso-ubach-frederic","to_ping":"","pinged":"","post_modified":"2023-01-15 21:40:54","post_modified_gmt":"2023-01-15 20:40:54","post_content_filtered":"","post_parent":0,"guid":"https:\/\/www.claret.cat\/autor\/basso-ubach-frederic\/","menu_order":0,"post_type":"autor","post_mime_type":"","comment_count":"0","filter":"raw"},{"ID":165437,"post_author":"3","post_date":"2022-10-14 17:55:10","post_date_gmt":"2022-10-14 15:55:10","post_content":"","post_title":"MONTSERRAT MARTINEZ DESCHAMPS","post_excerpt":"","post_status":"publish","comment_status":"closed","ping_status":"closed","post_password":"","post_name":"montserrat-martinez-deschamps","to_ping":"","pinged":"","post_modified":"2022-10-14 17:55:10","post_modified_gmt":"2022-10-14 15:55:10","post_content_filtered":"","post_parent":0,"guid":"http:\/\/dev.claret.cat\/autor\/montserrat-martinez-deschamps\/","menu_order":0,"post_type":"autor","post_mime_type":"","comment_count":"0","filter":"raw"}],"autor":"MART\u00cdNEZ DESCHAMPS, MONTSERRAT; BASS\u00d3 UBACH. FREDERIC","codart":"849846411","libros-coleccion":"","ediciones":"1","encuadernacion":"R\u00fastica","fecha_de_publicacion":"15\/11\/2010","novedad":"0","paginas":"82","subtitulo":"","orden":"999","portada":"0","idioma":"spa"},"aioseo_notices":[],"_links":{"self":[{"href":"https:\/\/www.claret.cat\/es\/wp-json\/wp\/v2\/product\/367763","targetHints":{"allow":["GET"]}}],"collection":[{"href":"https:\/\/www.claret.cat\/es\/wp-json\/wp\/v2\/product"}],"about":[{"href":"https:\/\/www.claret.cat\/es\/wp-json\/wp\/v2\/types\/product"}],"wp:featuredmedia":[{"embeddable":true,"href":"https:\/\/www.claret.cat\/es\/wp-json\/wp\/v2\/media\/367764"}],"wp:attachment":[{"href":"https:\/\/www.claret.cat\/es\/wp-json\/wp\/v2\/media?parent=367763"}],"wp:term":[{"taxonomy":"product_brand","embeddable":true,"href":"https:\/\/www.claret.cat\/es\/wp-json\/wp\/v2\/product_brand?post=367763"},{"taxonomy":"product_cat","embeddable":true,"href":"https:\/\/www.claret.cat\/es\/wp-json\/wp\/v2\/product_cat?post=367763"},{"taxonomy":"product_tag","embeddable":true,"href":"https:\/\/www.claret.cat\/es\/wp-json\/wp\/v2\/product_tag?post=367763"}],"curies":[{"name":"wp","href":"https:\/\/api.w.org\/{rel}","templated":true}]}}