{"id":367834,"date":"2023-01-15T22:10:25","date_gmt":"2023-01-15T21:10:25","guid":{"rendered":"https:\/\/www.claret.cat\/llibre\/pelegrinatge-a-terra-santa-9788498464344\/"},"modified":"2024-05-22T18:35:52","modified_gmt":"2024-05-22T16:35:52","slug":"pelegrinatge-a-terra-santa-9788498464344","status":"publish","type":"product","link":"https:\/\/www.claret.cat\/es\/libro\/pelegrinatge-a-terra-santa-9788498464344\/","title":{"rendered":"PELEGRINATGE A TERRA SANTA"},"content":{"rendered":"<p>En el cinquant\u00e8 aniversari de la Guerra Civil, els bisbes espanyols afirmaven: \u00abEls estudiosos de la historia i de la societat han d&#8217;ajudar-nos a con\u00e8ixer la veritat sencera sobre els precedents, les causes, els continguts i les conseq\u00fc\u00e8ncies d&#8217;aquell enfrontament. Aquest coneixement de la realitat \u00e9s condici\u00f3 indispensable perqu\u00e8 puguem superar-la de veritat.\u00bb La figura de Manuel de Irujo Ollo \u00e9s un bon angle d&#8217;enfocament per aprofundir en aquest coneixement del que va ser la Guerra Civil, sobretot en la relaci\u00f3 que va tenir amb el factor religi\u00f3s. Reconstruir la veritat hist\u00f2rica, si es fa amb objectivitat i serenitat, no \u00e9s reobrir-ne les ferides, sin\u00f3 tot just al contrari: \u00e9s la condici\u00f3 perqu\u00e8 cicatritzin. Podr\u00edem completar les paraules dels bisbes espanyols amb les de l&#8217;historiador d&#8217;inspiraci\u00f3 marxista Pierre Vilar, que va acabar el seu discurs de conclusi\u00f3 d&#8217;un col\u00b7loqui sobre els francesos i la guerra d&#8217;Espanya dient: \u00abTinguem present que la historia est\u00e0 feta del que uns van voler oblidar i del que els altres no poden oblidar. \u00c9s tasca de l&#8217;historiador esbrinar el perqu\u00e8 d&#8217;una cosa i de l&#8217;altra.\u00bb<\/p>\n","protected":false},"excerpt":{"rendered":"<p>CODINA I FARR\u00c9S, JOSEP<\/p>\n","protected":false},"featured_media":367901,"template":"","meta":{"_acf_changed":false,"om_disable_all_campaigns":false,"rs_blank_template":"","rs_page_bg_color":"","slide_template_v7":"","inline_featured_image":false,"_monsterinsights_skip_tracking":false,"_monsterinsights_sitenote_active":false,"_monsterinsights_sitenote_note":"","_monsterinsights_sitenote_category":0},"product_brand":[],"product_cat":[90,581,540],"product_tag":[],"class_list":{"0":"post-367834","1":"product","2":"type-product","3":"status-publish","4":"has-post-thumbnail","6":"product_cat-altres","7":"product_cat-editorial-claret","8":"product_cat-otros","10":"first","11":"instock","12":"taxable","13":"shipping-taxable","14":"purchasable","15":"product-type-simple"},"acf":{"editorial":[{"ID":6158,"post_author":"3","post_date":"2022-07-28 17:46:08","post_date_gmt":"2022-07-28 15:46:08","post_content":"","post_title":"CLARET","post_excerpt":"","post_status":"publish","comment_status":"closed","ping_status":"closed","post_password":"","post_name":"claret","to_ping":"","pinged":"","post_modified":"2022-07-28 17:46:08","post_modified_gmt":"2022-07-28 15:46:08","post_content_filtered":"","post_parent":0,"guid":"http:\/\/dev.claret.cat\/editorial\/claret\/","menu_order":0,"post_type":"editorial","post_mime_type":"","comment_count":"0","filter":"raw"}],"autores-libros":[{"ID":5656,"post_author":"3","post_date":"2022-07-28 17:28:40","post_date_gmt":"2022-07-28 15:28:40","post_content":"","post_title":"JOSEP CODINA I FARRES","post_excerpt":"","post_status":"publish","comment_status":"closed","ping_status":"closed","post_password":"","post_name":"josep-codina-i-farres","to_ping":"","pinged":"","post_modified":"2022-07-28 17:28:40","post_modified_gmt":"2022-07-28 15:28:40","post_content_filtered":"","post_parent":0,"guid":"http:\/\/dev.claret.cat\/autor\/josep-codina-i-farres\/","menu_order":0,"post_type":"autor","post_mime_type":"","comment_count":"0","filter":"raw"}],"autor":"CODINA I FARR\u00c9S, JOSEP","codart":"849846434","libros-coleccion":"","ediciones":"1","encuadernacion":"Carpeta","fecha_de_publicacion":"12\/01\/2011","novedad":"0","paginas":"32","subtitulo":"GUIATS PER L'EVANGELI I LA VIDA","orden":"999","portada":"0","idioma":"cat"},"aioseo_notices":[],"_links":{"self":[{"href":"https:\/\/www.claret.cat\/es\/wp-json\/wp\/v2\/product\/367834","targetHints":{"allow":["GET"]}}],"collection":[{"href":"https:\/\/www.claret.cat\/es\/wp-json\/wp\/v2\/product"}],"about":[{"href":"https:\/\/www.claret.cat\/es\/wp-json\/wp\/v2\/types\/product"}],"wp:featuredmedia":[{"embeddable":true,"href":"https:\/\/www.claret.cat\/es\/wp-json\/wp\/v2\/media\/367901"}],"wp:attachment":[{"href":"https:\/\/www.claret.cat\/es\/wp-json\/wp\/v2\/media?parent=367834"}],"wp:term":[{"taxonomy":"product_brand","embeddable":true,"href":"https:\/\/www.claret.cat\/es\/wp-json\/wp\/v2\/product_brand?post=367834"},{"taxonomy":"product_cat","embeddable":true,"href":"https:\/\/www.claret.cat\/es\/wp-json\/wp\/v2\/product_cat?post=367834"},{"taxonomy":"product_tag","embeddable":true,"href":"https:\/\/www.claret.cat\/es\/wp-json\/wp\/v2\/product_tag?post=367834"}],"curies":[{"name":"wp","href":"https:\/\/api.w.org\/{rel}","templated":true}]}}