{"id":367852,"date":"2023-01-15T22:16:04","date_gmt":"2023-01-15T21:16:04","guid":{"rendered":"https:\/\/www.claret.cat\/llibre\/evangeli-de-mateu-segona-part-9788498464405\/"},"modified":"2024-10-01T18:07:10","modified_gmt":"2024-10-01T16:07:10","slug":"evangeli-de-mateu-segona-part-9788498464405","status":"publish","type":"product","link":"https:\/\/www.claret.cat\/es\/libro\/evangeli-de-mateu-segona-part-9788498464405\/","title":{"rendered":"EVANGELI DE MATEU &#8211; SEGONA PART"},"content":{"rendered":"<p>La pluralitat que la globalitzaci\u00f3 ha portat al nostre m\u00f3n d\u2019avui ens obliga a repensar la fe des de perspectives no gens etnoc\u00e8ntriques, ni llatines, ni occidentals. \u00c9s un repte semblant al que en el seu moment va afrontar la comunitat on s\u2019escriu l\u2019evangeli de Mateu, que fou lliure, carism\u00e0tica i oberta a la universalitat. En aquest volum, que completa el comentari de l\u2019Evangeli de Mateu, comen\u00e7a all\u00e0 on acabava el primer volum, a les portes de Jerusalem, i recorre els darrers vuit cap\u00edtols de l\u2019Evangeli, els corresponents a Jerusalem, la passi\u00f3 i el misteri pasqual. I acaba per all\u00e0 on comen\u00e7a l\u2019Evangeli, amb el naixement i la infantesa, ja que aquestes contemplacions plenes de teologia, de m\u00edstica i de poesia formen part del darrer estadi de la tradici\u00f3. Els homes i dones sants de la comunitat de Mateu, i els seus rabins, saberen mirar el rostre i la llibertat de Jes\u00fas dels anys trenta. Avui animen a encaixar el rostre i la llibertat de Jes\u00fas en la cru\u00eflla de civilitzacions que ens toca viure.<\/p>\n","protected":false},"excerpt":{"rendered":"<p>RIERA I FIGUERAS, FRANCES<\/p>\n","protected":false},"featured_media":367853,"template":"","meta":{"_acf_changed":false,"om_disable_all_campaigns":false,"rs_blank_template":"","rs_page_bg_color":"","slide_template_v7":"","inline_featured_image":false,"_monsterinsights_skip_tracking":false,"_monsterinsights_sitenote_active":false,"_monsterinsights_sitenote_note":"","_monsterinsights_sitenote_category":0},"product_brand":[],"product_cat":[90,581,540],"product_tag":[],"class_list":{"0":"post-367852","1":"product","2":"type-product","3":"status-publish","4":"has-post-thumbnail","6":"product_cat-altres","7":"product_cat-editorial-claret","8":"product_cat-otros","10":"first","11":"instock","12":"taxable","13":"shipping-taxable","14":"purchasable","15":"product-type-simple"},"acf":{"editorial":[{"ID":6158,"post_author":"3","post_date":"2022-07-28 17:46:08","post_date_gmt":"2022-07-28 15:46:08","post_content":"","post_title":"CLARET","post_excerpt":"","post_status":"publish","comment_status":"closed","ping_status":"closed","post_password":"","post_name":"claret","to_ping":"","pinged":"","post_modified":"2022-07-28 17:46:08","post_modified_gmt":"2022-07-28 15:46:08","post_content_filtered":"","post_parent":0,"guid":"http:\/\/dev.claret.cat\/editorial\/claret\/","menu_order":0,"post_type":"editorial","post_mime_type":"","comment_count":"0","filter":"raw"}],"autores-libros":[{"ID":8322,"post_author":"3","post_date":"2022-09-30 09:47:42","post_date_gmt":"2022-09-30 07:47:42","post_content":"","post_title":"FRANCESC RIERA I FIGUERAS","post_excerpt":"","post_status":"publish","comment_status":"closed","ping_status":"closed","post_password":"","post_name":"francesc-riera-i-figueras","to_ping":"","pinged":"","post_modified":"2022-09-30 09:47:42","post_modified_gmt":"2022-09-30 07:47:42","post_content_filtered":"","post_parent":0,"guid":"http:\/\/dev.claret.cat\/autor\/francesc-riera-i-figueras\/","menu_order":0,"post_type":"autor","post_mime_type":"","comment_count":"0","filter":"raw"}],"autor":"RIERA I FIGUERAS, FRANCES","codart":"849846440","libros-coleccion":"","ediciones":"1","encuadernacion":"R\u00fastica","fecha_de_publicacion":"19\/11\/2010","novedad":"0","paginas":"162","subtitulo":"LA MIRADA A JES\u00daS CREA EL DIF\u00cdCIL CONSENS EN UNA ESGL\u00c9SIA PLURAL","orden":"999","portada":"0","idioma":"cat"},"aioseo_notices":[],"_links":{"self":[{"href":"https:\/\/www.claret.cat\/es\/wp-json\/wp\/v2\/product\/367852","targetHints":{"allow":["GET"]}}],"collection":[{"href":"https:\/\/www.claret.cat\/es\/wp-json\/wp\/v2\/product"}],"about":[{"href":"https:\/\/www.claret.cat\/es\/wp-json\/wp\/v2\/types\/product"}],"wp:featuredmedia":[{"embeddable":true,"href":"https:\/\/www.claret.cat\/es\/wp-json\/wp\/v2\/media\/367853"}],"wp:attachment":[{"href":"https:\/\/www.claret.cat\/es\/wp-json\/wp\/v2\/media?parent=367852"}],"wp:term":[{"taxonomy":"product_brand","embeddable":true,"href":"https:\/\/www.claret.cat\/es\/wp-json\/wp\/v2\/product_brand?post=367852"},{"taxonomy":"product_cat","embeddable":true,"href":"https:\/\/www.claret.cat\/es\/wp-json\/wp\/v2\/product_cat?post=367852"},{"taxonomy":"product_tag","embeddable":true,"href":"https:\/\/www.claret.cat\/es\/wp-json\/wp\/v2\/product_tag?post=367852"}],"curies":[{"name":"wp","href":"https:\/\/api.w.org\/{rel}","templated":true}]}}