{"id":367856,"date":"2023-01-15T22:16:16","date_gmt":"2023-01-15T21:16:16","guid":{"rendered":"https:\/\/www.claret.cat\/llibre\/dietrich-bonhoeffer-conferencies-a-la-comunitat-de-barcelona-9788498464429\/"},"modified":"2024-05-22T18:33:31","modified_gmt":"2024-05-22T16:33:31","slug":"dietrich-bonhoeffer-conferencies-a-la-comunitat-de-barcelona-9788498464429","status":"publish","type":"product","link":"https:\/\/www.claret.cat\/es\/libro\/dietrich-bonhoeffer-conferencies-a-la-comunitat-de-barcelona-9788498464429\/","title":{"rendered":"DIETRICH BONHOEFFER. CONFER\u00c8NCIES A LA COMUNITAT DE BARCELONA"},"content":{"rendered":"<p>Tot just acabada la carrera de teologia, amb vint-i-dos anys per\u00f2 ja doctor, el jove Dietrich Bonhoeffer va ser destinat a Barcelona com a vicari en pr\u00e0ctiques a la parr\u00f2quia alemanya. Les tres confer\u00e8ncies aplegades en aquest llibret foren pronunciades en aquest per\u00edode, entre novembre de 1928 i febrer de 1929. Els textos ens parlen del moment que viu Europa i especialment Alemanya, immersa en la desil\u00b7lusi\u00f3 despr\u00e9s de la derrota a la Primera Guerra Mundial, i a punt d&#8217;esclatar la crisi del 29. I ens d\u00f3nen tamb\u00e9 el retrat d&#8217;un jove d&#8217;una notable radicalitat i alhora d&#8217;una maduresa impr\u00f2pia per a la seva edat. Aquestes confer\u00e8ncies, juntament amb les cartes d&#8217;aquesta mateixa \u00e8poca recentment publicades en el Quadern n\u00fam. 97, ens donen idea de la import\u00e0ncia d&#8217;aquesta estada barcelonina en la formaci\u00f3 del qui havia de ser un dels te\u00f2legs m\u00e9s brillants del segle XX.<\/p>\n","protected":false},"excerpt":{"rendered":"<p>GONZ\u00c1LEZ FAUS, JOS\u00c9 IGNACIO; JAUMA, JOSEP M.<\/p>\n","protected":false},"featured_media":367857,"template":"","meta":{"_acf_changed":false,"om_disable_all_campaigns":false,"rs_blank_template":"","rs_page_bg_color":"","slide_template_v7":"","inline_featured_image":false,"_monsterinsights_skip_tracking":false,"_monsterinsights_sitenote_active":false,"_monsterinsights_sitenote_note":"","_monsterinsights_sitenote_category":0},"product_brand":[],"product_cat":[90,581,540],"product_tag":[],"class_list":{"0":"post-367856","1":"product","2":"type-product","3":"status-publish","4":"has-post-thumbnail","6":"product_cat-altres","7":"product_cat-editorial-claret","8":"product_cat-otros","10":"first","11":"instock","12":"taxable","13":"shipping-taxable","14":"purchasable","15":"product-type-simple"},"acf":{"editorial":[{"ID":6158,"post_author":"3","post_date":"2022-07-28 17:46:08","post_date_gmt":"2022-07-28 15:46:08","post_content":"","post_title":"CLARET","post_excerpt":"","post_status":"publish","comment_status":"closed","ping_status":"closed","post_password":"","post_name":"claret","to_ping":"","pinged":"","post_modified":"2022-07-28 17:46:08","post_modified_gmt":"2022-07-28 15:46:08","post_content_filtered":"","post_parent":0,"guid":"http:\/\/dev.claret.cat\/editorial\/claret\/","menu_order":0,"post_type":"editorial","post_mime_type":"","comment_count":"0","filter":"raw"}],"autores-libros":[{"ID":5517,"post_author":"3","post_date":"2022-07-28 17:25:41","post_date_gmt":"2022-07-28 15:25:41","post_content":"","post_title":"GONZ\u00c1LEZ FAUS, JOS\u00c9 IGNACIO","post_excerpt":"","post_status":"publish","comment_status":"closed","ping_status":"closed","post_password":"","post_name":"gonzalez-faus-jose-ignacio","to_ping":"","pinged":"","post_modified":"2022-07-28 17:25:41","post_modified_gmt":"2022-07-28 15:25:41","post_content_filtered":"","post_parent":0,"guid":"http:\/\/dev.claret.cat\/autor\/gonzalez-faus-jose-ignacio\/","menu_order":0,"post_type":"autor","post_mime_type":"","comment_count":"0","filter":"raw"},{"ID":367855,"post_author":"3","post_date":"2023-01-15 22:16:13","post_date_gmt":"2023-01-15 21:16:13","post_content":"","post_title":"JOSEP M. JAUMA","post_excerpt":"","post_status":"publish","comment_status":"closed","ping_status":"closed","post_password":"","post_name":"josep-m-jauma","to_ping":"","pinged":"","post_modified":"2023-01-15 22:16:13","post_modified_gmt":"2023-01-15 21:16:13","post_content_filtered":"","post_parent":0,"guid":"https:\/\/www.claret.cat\/autor\/josep-m-jauma\/","menu_order":0,"post_type":"autor","post_mime_type":"","comment_count":"0","filter":"raw"}],"autor":"GONZ\u00c1LEZ FAUS, JOS\u00c9 IGNACIO; JAUMA, JOSEP M.","codart":"849846442","libros-coleccion":"","ediciones":"1","encuadernacion":"Grapado","fecha_de_publicacion":"10\/03\/2011","novedad":"0","paginas":"64","subtitulo":"","orden":"999","portada":"0","idioma":"cat"},"aioseo_notices":[],"_links":{"self":[{"href":"https:\/\/www.claret.cat\/es\/wp-json\/wp\/v2\/product\/367856","targetHints":{"allow":["GET"]}}],"collection":[{"href":"https:\/\/www.claret.cat\/es\/wp-json\/wp\/v2\/product"}],"about":[{"href":"https:\/\/www.claret.cat\/es\/wp-json\/wp\/v2\/types\/product"}],"wp:featuredmedia":[{"embeddable":true,"href":"https:\/\/www.claret.cat\/es\/wp-json\/wp\/v2\/media\/367857"}],"wp:attachment":[{"href":"https:\/\/www.claret.cat\/es\/wp-json\/wp\/v2\/media?parent=367856"}],"wp:term":[{"taxonomy":"product_brand","embeddable":true,"href":"https:\/\/www.claret.cat\/es\/wp-json\/wp\/v2\/product_brand?post=367856"},{"taxonomy":"product_cat","embeddable":true,"href":"https:\/\/www.claret.cat\/es\/wp-json\/wp\/v2\/product_cat?post=367856"},{"taxonomy":"product_tag","embeddable":true,"href":"https:\/\/www.claret.cat\/es\/wp-json\/wp\/v2\/product_tag?post=367856"}],"curies":[{"name":"wp","href":"https:\/\/api.w.org\/{rel}","templated":true}]}}