{"id":367898,"date":"2023-01-15T22:18:45","date_gmt":"2023-01-15T21:18:45","guid":{"rendered":"https:\/\/www.claret.cat\/llibre\/els-colors-de-lamor-9788498464900\/"},"modified":"2025-05-23T12:43:21","modified_gmt":"2025-05-23T10:43:21","slug":"els-colors-de-lamor-9788498464900","status":"publish","type":"product","link":"https:\/\/www.claret.cat\/es\/libro\/els-colors-de-lamor-9788498464900\/","title":{"rendered":"ELS COLORS DE L&#8217;AMOR"},"content":{"rendered":"<p>D\u2019una manera ben pedag\u00f2gica i entenedora, Bruno Forte, arquebisbe de Chieti-Vasto i destacat te\u00f2leg, ens ofereix en aquest llibre un text preci\u00f3s sobre l\u2019amor i el matrimoni cristi\u00e0. La celebraci\u00f3 del matrimoni no \u00e9s pas una simple convenci\u00f3 social, sin\u00f3 el moment decisiu en qu\u00e8 l\u2019amor de tots dos queda marcat amb el segell de l\u2019amor etern. \u00c9s el do que els far\u00e0 capa\u00e7os d\u2019estimar-se fidelment, avan\u00e7ant junts en circumst\u00e0ncies favorables i adverses tot fundant una nova fam\u00edlia. \u00c9s el repte i la promesa d\u2019un amor que cal renovar cada dia fins al final.<\/p>\n<p>Bruno Forte va n\u00e9ixer a N\u00e0pols. Va ser ordenat sacerdot el 18 d&#8217;abril de 1973. Va estudiar teologia a Tubinga i a Par\u00eds; \u00e9s doctor en teologia (1974) i filosofia (1977). Ha estat professor de teologia sistem\u00e0tica en la Facultat Pontif\u00edcia de Teologia d&#8217;It\u00e0lia Meridional (N\u00e0pols). Va ser nomenat Arquebisbe de Chieti-Vast pel Papa Joan Pau II el 26 de juny de 2004. Va ser consagrat bisbe pel cardenal Joseph Ratzinger (actualment, Papa Benet XVI) el 8 de setembre de 2004. Despr\u00e9s de l\u2019elecci\u00f3 del Papa Benet XVI, Forte va ser vist com el seu possible successor al capdavant de la Congregaci\u00f3 per a la Doctrina de la Fe, abans que fora escollit per aquest c\u00e0rrec el cardenal nord-americ\u00e0 William Levada. Te\u00f2leg de s\u00f2lida formaci\u00f3 filos\u00f2fica amb un estil molt propi i am\u00e8.<br \/>No hi ha cap llibre relacionat amb aquest autor.<\/p>\n","protected":false},"excerpt":{"rendered":"<p>FORTE, BRUNO<\/p>\n","protected":false},"featured_media":394085,"template":"","meta":{"_acf_changed":false,"om_disable_all_campaigns":false,"rs_blank_template":"","rs_page_bg_color":"","slide_template_v7":"","inline_featured_image":false,"_monsterinsights_skip_tracking":false,"_monsterinsights_sitenote_active":false,"_monsterinsights_sitenote_note":"","_monsterinsights_sitenote_category":0},"product_brand":[],"product_cat":[90,581,540],"product_tag":[],"class_list":{"0":"post-367898","1":"product","2":"type-product","3":"status-publish","4":"has-post-thumbnail","6":"product_cat-altres","7":"product_cat-editorial-claret","8":"product_cat-otros","10":"first","11":"instock","12":"taxable","13":"shipping-taxable","14":"purchasable","15":"product-type-simple"},"acf":{"editorial":[{"ID":6158,"post_author":"3","post_date":"2022-07-28 17:46:08","post_date_gmt":"2022-07-28 15:46:08","post_content":"","post_title":"CLARET","post_excerpt":"","post_status":"publish","comment_status":"closed","ping_status":"closed","post_password":"","post_name":"claret","to_ping":"","pinged":"","post_modified":"2022-07-28 17:46:08","post_modified_gmt":"2022-07-28 15:46:08","post_content_filtered":"","post_parent":0,"guid":"http:\/\/dev.claret.cat\/editorial\/claret\/","menu_order":0,"post_type":"editorial","post_mime_type":"","comment_count":"0","filter":"raw"}],"autores-libros":[{"ID":151932,"post_author":"3","post_date":"2022-10-14 14:44:47","post_date_gmt":"2022-10-14 12:44:47","post_content":"","post_title":"BRUNO FORTE","post_excerpt":"","post_status":"publish","comment_status":"closed","ping_status":"closed","post_password":"","post_name":"bruno-forte-2","to_ping":"","pinged":"","post_modified":"2022-10-14 14:44:47","post_modified_gmt":"2022-10-14 12:44:47","post_content_filtered":"","post_parent":0,"guid":"http:\/\/dev.claret.cat\/autor\/bruno-forte-2\/","menu_order":0,"post_type":"autor","post_mime_type":"","comment_count":"0","filter":"raw"}],"autor":"FORTE, BRUNO","codart":"849846490","libros-coleccion":"El Bri","ediciones":"1","encuadernacion":"R\u00fastica","fecha_de_publicacion":"04\/07\/2011","novedad":"0","paginas":"53","subtitulo":"EL MATRIMONI I LA BELLESA DE D\u00c9U","orden":"999","portada":"0","idioma":"cat","booktrailer":"","resenas":""},"aioseo_notices":[],"_links":{"self":[{"href":"https:\/\/www.claret.cat\/es\/wp-json\/wp\/v2\/product\/367898","targetHints":{"allow":["GET"]}}],"collection":[{"href":"https:\/\/www.claret.cat\/es\/wp-json\/wp\/v2\/product"}],"about":[{"href":"https:\/\/www.claret.cat\/es\/wp-json\/wp\/v2\/types\/product"}],"wp:featuredmedia":[{"embeddable":true,"href":"https:\/\/www.claret.cat\/es\/wp-json\/wp\/v2\/media\/394085"}],"wp:attachment":[{"href":"https:\/\/www.claret.cat\/es\/wp-json\/wp\/v2\/media?parent=367898"}],"wp:term":[{"taxonomy":"product_brand","embeddable":true,"href":"https:\/\/www.claret.cat\/es\/wp-json\/wp\/v2\/product_brand?post=367898"},{"taxonomy":"product_cat","embeddable":true,"href":"https:\/\/www.claret.cat\/es\/wp-json\/wp\/v2\/product_cat?post=367898"},{"taxonomy":"product_tag","embeddable":true,"href":"https:\/\/www.claret.cat\/es\/wp-json\/wp\/v2\/product_tag?post=367898"}],"curies":[{"name":"wp","href":"https:\/\/api.w.org\/{rel}","templated":true}]}}