{"id":367917,"date":"2023-01-15T22:20:56","date_gmt":"2023-01-15T21:20:56","guid":{"rendered":"https:\/\/www.claret.cat\/llibre\/diccionari-de-barbarismes-9788498464986\/"},"modified":"2025-09-25T10:40:28","modified_gmt":"2025-09-25T08:40:28","slug":"diccionari-de-barbarismes-9788498464986","status":"publish","type":"product","link":"https:\/\/www.claret.cat\/es\/libro\/diccionari-de-barbarismes-9788498464986\/","title":{"rendered":"DICCIONARI DE BARBARISMES"},"content":{"rendered":"","protected":false},"excerpt":{"rendered":"<p>RUAIX I VINYET, JOSEP<\/p>\n","protected":false},"featured_media":393401,"template":"","meta":{"_acf_changed":false,"om_disable_all_campaigns":false,"rs_blank_template":"","rs_page_bg_color":"","slide_template_v7":"","inline_featured_image":false,"_monsterinsights_skip_tracking":false,"_monsterinsights_sitenote_active":false,"_monsterinsights_sitenote_note":"","_monsterinsights_sitenote_category":0},"product_brand":[],"product_cat":[90,581,540],"product_tag":[],"class_list":{"0":"post-367917","1":"product","2":"type-product","3":"status-publish","4":"has-post-thumbnail","6":"product_cat-altres","7":"product_cat-editorial-claret","8":"product_cat-otros","10":"first","11":"instock","12":"taxable","13":"shipping-taxable","14":"purchasable","15":"product-type-simple"},"acf":{"editorial":[{"ID":6158,"post_author":"3","post_date":"2022-07-28 17:46:08","post_date_gmt":"2022-07-28 15:46:08","post_content":"","post_title":"CLARET","post_excerpt":"","post_status":"publish","comment_status":"closed","ping_status":"closed","post_password":"","post_name":"claret","to_ping":"","pinged":"","post_modified":"2022-07-28 17:46:08","post_modified_gmt":"2022-07-28 15:46:08","post_content_filtered":"","post_parent":0,"guid":"http:\/\/dev.claret.cat\/editorial\/claret\/","menu_order":0,"post_type":"editorial","post_mime_type":"","comment_count":"0","filter":"raw"}],"autores-libros":[{"ID":8368,"post_author":"3","post_date":"2022-09-30 09:48:03","post_date_gmt":"2022-09-30 07:48:03","post_content":"Eclesi\u00e0stic, gram\u00e0tic i escriptor. Estudi\u00e0\u00a0la carrera eclesi\u00e0stica i la de magisteri al\u00a0Seminari de Vic i a la Facultat de Teologia de Catalunya; es llicenci\u00e0 en humanitats al Pontifici Institut Superior de\u00a0Llatinitat en 1969 i en filologia cl\u00e0ssica a\u00a0la Universitat de Barcelona en 1979. Ordenat de prevere en 1966, ha exercit el ministeri sacerdotal en diverses parr\u00f2quies de Roma i del bisbat de Vic. Ha exercit\u00a0com a docent en nombrosos centres i ha publicat una\u00a0seixantena de t\u00edtols d\u2019obres sobre gram\u00e0tica.","post_title":"JOSEP RUAIX I VINYET","post_excerpt":"","post_status":"publish","comment_status":"closed","ping_status":"closed","post_password":"","post_name":"josep-ruaix-i-vinyet","to_ping":"","pinged":"","post_modified":"2023-06-14 12:30:22","post_modified_gmt":"2023-06-14 10:30:22","post_content_filtered":"","post_parent":0,"guid":"http:\/\/dev.claret.cat\/autor\/josep-ruaix-i-vinyet\/","menu_order":0,"post_type":"autor","post_mime_type":"","comment_count":"0","filter":"raw"}],"autor":"RUAIX I VINYET, JOSEP","codart":"849846498","libros-coleccion":"","ediciones":"1","encuadernacion":"R\u00fastica","fecha_de_publicacion":"11\/10\/2011","novedad":"0","paginas":"204","subtitulo":"","orden":"999","portada":"0","idioma":"cat","booktrailer":"","resenas":""},"aioseo_notices":[],"_links":{"self":[{"href":"https:\/\/www.claret.cat\/es\/wp-json\/wp\/v2\/product\/367917","targetHints":{"allow":["GET"]}}],"collection":[{"href":"https:\/\/www.claret.cat\/es\/wp-json\/wp\/v2\/product"}],"about":[{"href":"https:\/\/www.claret.cat\/es\/wp-json\/wp\/v2\/types\/product"}],"wp:featuredmedia":[{"embeddable":true,"href":"https:\/\/www.claret.cat\/es\/wp-json\/wp\/v2\/media\/393401"}],"wp:attachment":[{"href":"https:\/\/www.claret.cat\/es\/wp-json\/wp\/v2\/media?parent=367917"}],"wp:term":[{"taxonomy":"product_brand","embeddable":true,"href":"https:\/\/www.claret.cat\/es\/wp-json\/wp\/v2\/product_brand?post=367917"},{"taxonomy":"product_cat","embeddable":true,"href":"https:\/\/www.claret.cat\/es\/wp-json\/wp\/v2\/product_cat?post=367917"},{"taxonomy":"product_tag","embeddable":true,"href":"https:\/\/www.claret.cat\/es\/wp-json\/wp\/v2\/product_tag?post=367917"}],"curies":[{"name":"wp","href":"https:\/\/api.w.org\/{rel}","templated":true}]}}