{"id":36796,"date":"2022-10-02T18:25:16","date_gmt":"2022-10-02T16:25:16","guid":{"rendered":"http:\/\/dev.claret.cat\/producte\/bocatas-arte-entre-dos-panes\/"},"modified":"2023-10-06T09:05:57","modified_gmt":"2023-10-06T07:05:57","slug":"bocatas-arte-entre-dos-panes-9788418967115","status":"publish","type":"product","link":"https:\/\/www.claret.cat\/es\/libro\/bocatas-arte-entre-dos-panes-9788418967115\/","title":{"rendered":"BOCATAS, ARTE ENTRE DOS PANES"},"content":{"rendered":"<p>La vuelta a Espa\u00f1a en 50 bocatas. A menudo denostado en la alta cocina, el bocadillo se est\u00e1 reivindicando  con m\u00e1s fuerza que nunca. Recuperado el respeto que se le hab\u00eda perdido,  ya no es patrimonio exclusivo de bares y cafeter\u00edas, sino que se  encuentra en formato gourmet en infinidad de bocadiller\u00edas de nuevo cu\u00f1o  y en las cartas de algunos de los mejores restaurantes del momento.  Porque, en definitiva, entre dos panes solo hay un universo infinito de posibilidades. Esa es su magia, el triunfo de una idea genial que nos sobrevivir\u00e1 a  todos e incluso maravillar\u00e1 a las civilizaciones alien\u00edgenas que, dentro  de varios milenios, visiten las ruinas de nuestro mundo y encuentren  restos de un bocata de calamares. \u00abPues no eran tan tontos, los malditos humanos\u00bb. Espa\u00f1a es un pa\u00eds de bocadillo, no de pandereta.<\/p>\n","protected":false},"excerpt":{"rendered":"<p>GARC\u00cdA RAM\u00d3N, TONI \/ BROC BOLUDA, \u00d3SCAR<\/p>\n","protected":false},"featured_media":54201,"template":"","meta":{"_acf_changed":false,"om_disable_all_campaigns":false,"rs_blank_template":"","rs_page_bg_color":"","slide_template_v7":"","inline_featured_image":false,"_monsterinsights_skip_tracking":false,"_monsterinsights_sitenote_active":false,"_monsterinsights_sitenote_note":"","_monsterinsights_sitenote_category":0},"product_brand":[],"product_cat":[553],"product_tag":[],"class_list":{"0":"post-36796","1":"product","2":"type-product","3":"status-publish","4":"has-post-thumbnail","6":"product_cat-cocina","8":"first","9":"instock","10":"taxable","11":"shipping-taxable","12":"purchasable","13":"product-type-simple"},"acf":{"autor":"GARC\u00cdA RAM\u00d3N, TONI \/ BROC BOLUDA, \u00d3SCAR","codart":"841896711","libros-coleccion":"COCINA","ediciones":"1","encuadernacion":"R\u00fastica","fecha_de_publicacion":"01\/05\/2022","novedad":"1","paginas":"232","subtitulo":"","orden":"0","portada":"0","idioma":"spa","editorial":[{"ID":6177,"post_author":"3","post_date":"2022-07-28 17:46:33","post_date_gmt":"2022-07-28 15:46:33","post_content":"","post_title":"DEBATE","post_excerpt":"","post_status":"publish","comment_status":"closed","ping_status":"closed","post_password":"","post_name":"debate","to_ping":"","pinged":"","post_modified":"2022-07-28 17:46:33","post_modified_gmt":"2022-07-28 15:46:33","post_content_filtered":"","post_parent":0,"guid":"http:\/\/dev.claret.cat\/editorial\/debate\/","menu_order":0,"post_type":"editorial","post_mime_type":"","comment_count":"0","filter":"raw"}],"autores-libros":[{"ID":170540,"post_author":"3","post_date":"2022-10-14 22:36:10","post_date_gmt":"2022-10-14 20:36:10","post_content":"","post_title":"TONI GARC\u00cdA RAM\u00d3N","post_excerpt":"","post_status":"publish","comment_status":"closed","ping_status":"closed","post_password":"","post_name":"toni-garcia-ramon","to_ping":"","pinged":"","post_modified":"2022-10-14 22:36:10","post_modified_gmt":"2022-10-14 20:36:10","post_content_filtered":"","post_parent":0,"guid":"http:\/\/dev.claret.cat\/autor\/toni-garcia-ramon\/","menu_order":0,"post_type":"autor","post_mime_type":"","comment_count":"0","filter":"raw"},{"ID":166298,"post_author":"3","post_date":"2022-10-14 18:02:02","post_date_gmt":"2022-10-14 16:02:02","post_content":"","post_title":"\u00d3SCAR BROC BOLUDA","post_excerpt":"","post_status":"publish","comment_status":"closed","ping_status":"closed","post_password":"","post_name":"oscar-broc-boluda","to_ping":"","pinged":"","post_modified":"2022-10-14 18:02:02","post_modified_gmt":"2022-10-14 16:02:02","post_content_filtered":"","post_parent":0,"guid":"http:\/\/dev.claret.cat\/autor\/oscar-broc-boluda\/","menu_order":0,"post_type":"autor","post_mime_type":"","comment_count":"0","filter":"raw"}]},"aioseo_notices":[],"_links":{"self":[{"href":"https:\/\/www.claret.cat\/es\/wp-json\/wp\/v2\/product\/36796","targetHints":{"allow":["GET"]}}],"collection":[{"href":"https:\/\/www.claret.cat\/es\/wp-json\/wp\/v2\/product"}],"about":[{"href":"https:\/\/www.claret.cat\/es\/wp-json\/wp\/v2\/types\/product"}],"wp:featuredmedia":[{"embeddable":true,"href":"https:\/\/www.claret.cat\/es\/wp-json\/wp\/v2\/media\/54201"}],"wp:attachment":[{"href":"https:\/\/www.claret.cat\/es\/wp-json\/wp\/v2\/media?parent=36796"}],"wp:term":[{"taxonomy":"product_brand","embeddable":true,"href":"https:\/\/www.claret.cat\/es\/wp-json\/wp\/v2\/product_brand?post=36796"},{"taxonomy":"product_cat","embeddable":true,"href":"https:\/\/www.claret.cat\/es\/wp-json\/wp\/v2\/product_cat?post=36796"},{"taxonomy":"product_tag","embeddable":true,"href":"https:\/\/www.claret.cat\/es\/wp-json\/wp\/v2\/product_tag?post=36796"}],"curies":[{"name":"wp","href":"https:\/\/api.w.org\/{rel}","templated":true}]}}