{"id":36805,"date":"2022-10-02T18:25:26","date_gmt":"2022-10-02T16:25:26","guid":{"rendered":"http:\/\/dev.claret.cat\/producte\/cronica-fabulosa-de-la-mama-asya-i-la-seva-descendencia\/"},"modified":"2023-10-06T09:05:38","modified_gmt":"2023-10-06T07:05:38","slug":"cronica-fabulosa-de-la-mama-asya-i-la-seva-descendencia-9788418226601","status":"publish","type":"product","link":"https:\/\/www.claret.cat\/es\/libro\/cronica-fabulosa-de-la-mama-asya-i-la-seva-descendencia-9788418226601\/","title":{"rendered":"CR\u00d2NICA FABULOSA DE LA MAM\u00c0 ASYA I LA SEVA DESCEND\u00c8NCIA"},"content":{"rendered":"<p>Des de la mort d&#8217;una noia escanyada a la platja, una maledicci\u00f3  terrible cau sobre el Poblenou. Quin monstre pot haver com\u00e8s un crim tan cruel? En ple segle XIX, la formidable i misteriosa Mam\u00e0 Asya obre les  portes del seu lux\u00f3s prost\u00edbul al Poblenou i atrau clients de tota la  ciutat per\u00f2 ignora que acaba de posar la primera pedra d&#8217;un llinatge  familiar que ser\u00e0 perseguit per una maledicci\u00f3 terrible fins als nostres  dies. Tot comen\u00e7a quan la bell\u00edssima prostituta K\u00e0tia Soloviov, criada  al bordell per la imponent i desp\u00f2tica madame, apareix morta a la platja  amb una expressi\u00f3 d&#8217;horror a la mirada i la marca d&#8217;una corda al voltant  del coll. Qui \u00e9s el monstre que pot haver com\u00e8s un crim tan cruel? Poc abans de celebrar-se el seu funeral, els ve\u00efns descobreixen que el  cad\u00e0ver de la jove no mostra cap senyal de descomposici\u00f3 i surten  meravellats al carrer a predicar el miracle. Mentre el moss\u00e8n demana  consell a l&#8217;arquebisbe de Barcelona, el cos de la K\u00e0tia \u00e9s dipositat a  l&#8217;altar de l&#8217;esgl\u00e9sia de Sant Bernat Calb\u00f3, on, sense pansir-se, rep a  diari les visites de devots de tot el pa\u00eds. Fins que una nit d&#8217;hivern  del 1885 en Seraf\u00ed Carcosa, un pertorbat obsessionat amb aquesta pobra  noia, entra d&#8217;amagat a l&#8217;esgl\u00e9sia per jeure finalment al seu costat&#8230; Amb un extraordinari pols narratiu i una intriga trepidant, la Cr\u00f2nica  fabulosa de Mam\u00e0 Asya i la seva descend\u00e8ncia ens endinsa en un univers  m\u00e0gic i dibuixa, al llarg de cinc generacions estramb\u00f2tiques i  tragic\u00f2miques, un retrat del Poblenou evocador d&#8217;un m\u00f3n fascinador  sepultat sota una ciutat que no deixa de cr\u00e9ixer. Aquesta novel\u00b7la n&#8217;\u00e9s  la porta d&#8221;entrada. Nom\u00e9s cal obrir les seves p\u00e0gines i comen\u00e7ar a llegir.<\/p>\n","protected":false},"excerpt":{"rendered":"<p>BELLART BERG\u00c9S, FRANCESC<\/p>\n","protected":false},"featured_media":54207,"template":"","meta":{"_acf_changed":false,"om_disable_all_campaigns":false,"rs_blank_template":"","rs_page_bg_color":"","slide_template_v7":"","inline_featured_image":false,"_monsterinsights_skip_tracking":false,"_monsterinsights_sitenote_active":false,"_monsterinsights_sitenote_note":"","_monsterinsights_sitenote_category":0},"product_brand":[],"product_cat":[130],"product_tag":[],"class_list":{"0":"post-36805","1":"product","2":"type-product","3":"status-publish","4":"has-post-thumbnail","6":"product_cat-novella-historica-i-ficcio","8":"first","9":"instock","10":"taxable","11":"shipping-taxable","12":"purchasable","13":"product-type-simple"},"acf":{"autor":"BELLART BERG\u00c9S, FRANCESC","codart":"841822660","libros-coleccion":"","ediciones":"1","encuadernacion":"R\u00fastica","fecha_de_publicacion":"01\/05\/2022","novedad":"1","paginas":"304","subtitulo":"","orden":"0","portada":"0","idioma":"cat","editorial":[{"ID":6276,"post_author":"3","post_date":"2022-07-28 17:48:43","post_date_gmt":"2022-07-28 15:48:43","post_content":"","post_title":"LA CAMPANA","post_excerpt":"","post_status":"publish","comment_status":"closed","ping_status":"closed","post_password":"","post_name":"la-campana","to_ping":"","pinged":"","post_modified":"2022-07-28 17:48:43","post_modified_gmt":"2022-07-28 15:48:43","post_content_filtered":"","post_parent":0,"guid":"http:\/\/dev.claret.cat\/editorial\/la-campana\/","menu_order":0,"post_type":"editorial","post_mime_type":"","comment_count":"0","filter":"raw"}],"autores-libros":[{"ID":156071,"post_author":"3","post_date":"2022-10-14 15:17:53","post_date_gmt":"2022-10-14 13:17:53","post_content":"","post_title":"FRANCESC BELLART BERG\u00c9S","post_excerpt":"","post_status":"publish","comment_status":"closed","ping_status":"closed","post_password":"","post_name":"francesc-bellart-berges","to_ping":"","pinged":"","post_modified":"2022-10-14 15:17:53","post_modified_gmt":"2022-10-14 13:17:53","post_content_filtered":"","post_parent":0,"guid":"http:\/\/dev.claret.cat\/autor\/francesc-bellart-berges\/","menu_order":0,"post_type":"autor","post_mime_type":"","comment_count":"0","filter":"raw"}]},"aioseo_notices":[],"_links":{"self":[{"href":"https:\/\/www.claret.cat\/es\/wp-json\/wp\/v2\/product\/36805","targetHints":{"allow":["GET"]}}],"collection":[{"href":"https:\/\/www.claret.cat\/es\/wp-json\/wp\/v2\/product"}],"about":[{"href":"https:\/\/www.claret.cat\/es\/wp-json\/wp\/v2\/types\/product"}],"wp:featuredmedia":[{"embeddable":true,"href":"https:\/\/www.claret.cat\/es\/wp-json\/wp\/v2\/media\/54207"}],"wp:attachment":[{"href":"https:\/\/www.claret.cat\/es\/wp-json\/wp\/v2\/media?parent=36805"}],"wp:term":[{"taxonomy":"product_brand","embeddable":true,"href":"https:\/\/www.claret.cat\/es\/wp-json\/wp\/v2\/product_brand?post=36805"},{"taxonomy":"product_cat","embeddable":true,"href":"https:\/\/www.claret.cat\/es\/wp-json\/wp\/v2\/product_cat?post=36805"},{"taxonomy":"product_tag","embeddable":true,"href":"https:\/\/www.claret.cat\/es\/wp-json\/wp\/v2\/product_tag?post=36805"}],"curies":[{"name":"wp","href":"https:\/\/api.w.org\/{rel}","templated":true}]}}