{"id":368058,"date":"2023-01-15T22:42:21","date_gmt":"2023-01-15T21:42:21","guid":{"rendered":"https:\/\/www.claret.cat\/llibre\/el-compromiso-de-africa-africa-munus-9788498466447\/"},"modified":"2024-05-22T18:19:12","modified_gmt":"2024-05-22T16:19:12","slug":"el-compromiso-de-africa-africa-munus-9788498466447","status":"publish","type":"product","link":"https:\/\/www.claret.cat\/es\/libro\/el-compromiso-de-africa-africa-munus-9788498466447\/","title":{"rendered":"EL COMPROMISO DE \u00c1FRICA &#8211; AFRICA MUNUS"},"content":{"rendered":"<p>El papa Benedicto XVI convoc\u00f3 una segunda Asamblea especial para \u00c1frica del S\u00ednodo de los Obispos, que tuvo lugar del 4 al 25 de octubre de 2009 en el Vaticano.Recogiendo las conclusiones del S\u00ednodo, y coincidiendo con su reciente visita a Ben\u00edn, el pasado mes de noviembre, el Santo Padre firm\u00f3 este documento.<\/p>\n","protected":false},"excerpt":{"rendered":"<p>BENEDICTO XVI<\/p>\n","protected":false},"featured_media":952503,"template":"","meta":{"_acf_changed":false,"om_disable_all_campaigns":false,"rs_blank_template":"","rs_page_bg_color":"","slide_template_v7":"","inline_featured_image":false,"_monsterinsights_skip_tracking":false,"_monsterinsights_sitenote_active":false,"_monsterinsights_sitenote_note":"","_monsterinsights_sitenote_category":0},"product_brand":[],"product_cat":[90,581,540],"product_tag":[],"class_list":{"0":"post-368058","1":"product","2":"type-product","3":"status-publish","4":"has-post-thumbnail","6":"product_cat-altres","7":"product_cat-editorial-claret","8":"product_cat-otros","10":"first","11":"instock","12":"taxable","13":"shipping-taxable","14":"purchasable","15":"product-type-simple"},"acf":{"editorial":[{"ID":6158,"post_author":"3","post_date":"2022-07-28 17:46:08","post_date_gmt":"2022-07-28 15:46:08","post_content":"","post_title":"CLARET","post_excerpt":"","post_status":"publish","comment_status":"closed","ping_status":"closed","post_password":"","post_name":"claret","to_ping":"","pinged":"","post_modified":"2022-07-28 17:46:08","post_modified_gmt":"2022-07-28 15:46:08","post_content_filtered":"","post_parent":0,"guid":"http:\/\/dev.claret.cat\/editorial\/claret\/","menu_order":0,"post_type":"editorial","post_mime_type":"","comment_count":"0","filter":"raw"}],"autores-libros":[{"ID":8295,"post_author":"3","post_date":"2022-09-30 09:47:30","post_date_gmt":"2022-09-30 07:47:30","post_content":"","post_title":"BENEDICTO XVI","post_excerpt":"","post_status":"publish","comment_status":"closed","ping_status":"closed","post_password":"","post_name":"benedicto-xvi","to_ping":"","pinged":"","post_modified":"2022-09-30 09:47:30","post_modified_gmt":"2022-09-30 07:47:30","post_content_filtered":"","post_parent":0,"guid":"http:\/\/dev.claret.cat\/autor\/benedicto-xvi\/","menu_order":0,"post_type":"autor","post_mime_type":"","comment_count":"0","filter":"raw"}],"autor":"BENEDICTO XVI","codart":"849846644","libros-coleccion":"Magisterio","ediciones":"1","encuadernacion":"R\u00fastica","fecha_de_publicacion":"06\/02\/2012","novedad":"0","paginas":"138","subtitulo":"AFRICA MUNUS - EXHORTACI\u00d3N APOST\u00d3LICA POSTSINODAL","orden":"999","portada":"0","idioma":"spa"},"aioseo_notices":[],"_links":{"self":[{"href":"https:\/\/www.claret.cat\/es\/wp-json\/wp\/v2\/product\/368058","targetHints":{"allow":["GET"]}}],"collection":[{"href":"https:\/\/www.claret.cat\/es\/wp-json\/wp\/v2\/product"}],"about":[{"href":"https:\/\/www.claret.cat\/es\/wp-json\/wp\/v2\/types\/product"}],"wp:featuredmedia":[{"embeddable":true,"href":"https:\/\/www.claret.cat\/es\/wp-json\/wp\/v2\/media\/952503"}],"wp:attachment":[{"href":"https:\/\/www.claret.cat\/es\/wp-json\/wp\/v2\/media?parent=368058"}],"wp:term":[{"taxonomy":"product_brand","embeddable":true,"href":"https:\/\/www.claret.cat\/es\/wp-json\/wp\/v2\/product_brand?post=368058"},{"taxonomy":"product_cat","embeddable":true,"href":"https:\/\/www.claret.cat\/es\/wp-json\/wp\/v2\/product_cat?post=368058"},{"taxonomy":"product_tag","embeddable":true,"href":"https:\/\/www.claret.cat\/es\/wp-json\/wp\/v2\/product_tag?post=368058"}],"curies":[{"name":"wp","href":"https:\/\/api.w.org\/{rel}","templated":true}]}}