{"id":368061,"date":"2023-01-15T22:42:34","date_gmt":"2023-01-15T21:42:34","guid":{"rendered":"https:\/\/www.claret.cat\/llibre\/preguem-de-la-a-a-la-z-9788498466478\/"},"modified":"2026-04-01T14:20:36","modified_gmt":"2026-04-01T12:20:36","slug":"preguem-de-la-a-a-la-z-9788498466478","status":"publish","type":"product","link":"https:\/\/www.claret.cat\/es\/libro\/preguem-de-la-a-a-la-z-9788498466478\/","title":{"rendered":"PREGUEM DE LA A A LA Z"},"content":{"rendered":"<p>D\u2019en\u00e7\u00e0 la seva publicaci\u00f3 el 2008, La Preg\u00e0ria de la Porta ha esdevingut un llibre de refer\u00e8ncia i gran utilitat per a moltes fam\u00edlies, escoles i parr\u00f2quies. Doncs b\u00e9, tots els que ja hav\u00edeu esgotat aquelles preg\u00e0ries esteu d\u2019enhorabona, perqu\u00e8 arriba Preguem de la A a la Z!<br \/>Qu\u00e8 vol dir preguem de la A a la Z? Vol dir poder fer preg\u00e0ria amb els fills, amb els n\u00e9ts, a casa, a l\u2019escola, a la catequesi, a l\u2019esplai, a l\u2019agrupament&#8230; Vol dir pregar a partir del m\u00e9s quotidi\u00e0, de tot all\u00f2 que ens acompanya en les nostres vides: els Amics, la Fam\u00edlia, el Joc, les Not\u00edcies, les Paraules, el Vent, els Llibres&#8230; i tamb\u00e9 l\u2019Oli, els Colors, les Bastides, els Obsequis, els Sem\u00e0fors, la Xarranca&#8230; i la Pasta de dents! A les 75 preg\u00e0ries de Preguem de la A a la Z n\u2019hi ha al menys una per a cada lletra de l\u2019alfabet! Aix\u00ed podreu pregar pel Dilluns i pel Divendres, per les Can\u00e7ons i pel Di\u00e0leg, per la Pau i per la Guerra, per la Roba bruta i per l\u2019Univers&#8230; Perqu\u00e8 cada dia, i per tot arreu, trobem molts motius per pregar, per pregar de la A a la Z!<\/p>\n","protected":false},"excerpt":{"rendered":"<p>FERNANDEZ SOLA , JUANJO<\/p>\n","protected":false},"featured_media":983025,"template":"","meta":{"_acf_changed":false,"om_disable_all_campaigns":false,"rs_blank_template":"","rs_page_bg_color":"","slide_template_v7":"","inline_featured_image":false,"_monsterinsights_skip_tracking":false,"_monsterinsights_sitenote_active":false,"_monsterinsights_sitenote_note":"","_monsterinsights_sitenote_category":0},"product_brand":[],"product_cat":[90,581,540],"product_tag":[],"class_list":{"0":"post-368061","1":"product","2":"type-product","3":"status-publish","4":"has-post-thumbnail","6":"product_cat-altres","7":"product_cat-editorial-claret","8":"product_cat-otros","10":"first","11":"instock","12":"taxable","13":"shipping-taxable","14":"purchasable","15":"product-type-simple"},"acf":{"editorial":[{"ID":6158,"post_author":"3","post_date":"2022-07-28 17:46:08","post_date_gmt":"2022-07-28 15:46:08","post_content":"","post_title":"CLARET","post_excerpt":"","post_status":"publish","comment_status":"closed","ping_status":"closed","post_password":"","post_name":"claret","to_ping":"","pinged":"","post_modified":"2022-07-28 17:46:08","post_modified_gmt":"2022-07-28 15:46:08","post_content_filtered":"","post_parent":0,"guid":"http:\/\/dev.claret.cat\/editorial\/claret\/","menu_order":0,"post_type":"editorial","post_mime_type":"","comment_count":"0","filter":"raw"}],"autores-libros":[{"ID":5683,"post_author":"3","post_date":"2022-07-28 17:29:15","post_date_gmt":"2022-07-28 15:29:15","post_content":"<strong>Juanjo Fern\u00e1ndez Sola<\/strong> \u00e9s professor, escriptor i conferenciant i creador de DIBUPA (Divulgaci\u00f3 educativa amb dibuixos i paraules que ajuden). Ha fet milers de xerrades per a fam\u00edlies, escoles i empreses sobre temes educatius i motivacionals ben diversos, combinant rigor i amenitat amb l\u2019\u00fas de visual thinking.\r\n\r\nHa publicat diversos llibres amb Editorial Claret: <em><strong><a href=\"https:\/\/www.claret.cat\/llibre\/contes-del-mestre-azenyat-per-a-educadors-9788491364283\/?c=\">Contes del mestre azenyat per a educadors<\/a><\/strong>, <strong><a href=\"https:\/\/www.claret.cat\/llibre\/els-7-superpoders-de-la-felicitat-9788491364092\/?c=\">Els 7 superpoders de la felicitat<\/a>, <a href=\"https:\/\/www.editorialclaret.cat\/producte\/la-vida-en-parella-pot-ser-una-meravella-9788491365365\/?c\">La vida en parella pot ser una meravella<\/a>, <\/strong><\/em>entre d'altres.","post_title":"JUANJO FERN\u00c1NDEZ SOLA","post_excerpt":"","post_status":"publish","comment_status":"closed","ping_status":"closed","post_password":"","post_name":"juanjo-fernandez-sola","to_ping":"","pinged":"","post_modified":"2024-10-31 10:52:53","post_modified_gmt":"2024-10-31 09:52:53","post_content_filtered":"","post_parent":0,"guid":"http:\/\/dev.claret.cat\/autor\/juanjo-fernandez-sola\/","menu_order":0,"post_type":"autor","post_mime_type":"","comment_count":"0","filter":"raw"}],"autor":"FERNANDEZ SOLA , JUANJO","codart":"849846647","libros-coleccion":"","ediciones":"1","encuadernacion":"R\u00fastica","fecha_de_publicacion":"04\/04\/2012","novedad":"0","paginas":"108","subtitulo":"","orden":"999","portada":"0","idioma":"cat","booktrailer":"","linkebook":"","ficha":"","muestra":"","precioebook":"0","presentacion":"","resenas":"<p>R\u00e0dio Estel, Taula Compartida (1&#8217;55&#8221;) 30\/06\/2023<\/p>\n<p><a href=\"https:\/\/www.estelfitxers.com\/podcasts\/2022-2023\/CAPITOL_39_20230629_TAULACOMPARTIDA___PREGAR_EN_FAMILIA.mp3\" rel=\"noopener noreferrer\" target=\"_blank\">https:\/\/www.estelfitxers.com\/podcasts\/2022-2023\/CAPITOL_39_20230629_TAULACOMPARTIDA___PREGAR_EN_FAMILIA.mp3<\/a><\/p>\n<p><\/p>\n<p>R\u00e0dio Estel, Taula Compartida (1&#8217;55&#8221;) 30\/06\/2023<\/p>\n<p><a href=\"https:\/\/www.estelfitxers.com\/podcasts\/2022-2023\/CAPITOL_39_20230629_TAULACOMPARTIDA___PREGAR_EN_FAMILIA.mp3\" rel=\"noopener noreferrer\" target=\"_blank\">https:\/\/www.estelfitxers.com\/podcasts\/2022-2023\/CAPITOL_39_20230629_TAULACOMPARTIDA___PREGAR_EN_FAMILIA.mp3<\/a><\/p>\n"},"aioseo_notices":[],"_links":{"self":[{"href":"https:\/\/www.claret.cat\/es\/wp-json\/wp\/v2\/product\/368061","targetHints":{"allow":["GET"]}}],"collection":[{"href":"https:\/\/www.claret.cat\/es\/wp-json\/wp\/v2\/product"}],"about":[{"href":"https:\/\/www.claret.cat\/es\/wp-json\/wp\/v2\/types\/product"}],"wp:featuredmedia":[{"embeddable":true,"href":"https:\/\/www.claret.cat\/es\/wp-json\/wp\/v2\/media\/983025"}],"wp:attachment":[{"href":"https:\/\/www.claret.cat\/es\/wp-json\/wp\/v2\/media?parent=368061"}],"wp:term":[{"taxonomy":"product_brand","embeddable":true,"href":"https:\/\/www.claret.cat\/es\/wp-json\/wp\/v2\/product_brand?post=368061"},{"taxonomy":"product_cat","embeddable":true,"href":"https:\/\/www.claret.cat\/es\/wp-json\/wp\/v2\/product_cat?post=368061"},{"taxonomy":"product_tag","embeddable":true,"href":"https:\/\/www.claret.cat\/es\/wp-json\/wp\/v2\/product_tag?post=368061"}],"curies":[{"name":"wp","href":"https:\/\/api.w.org\/{rel}","templated":true}]}}