{"id":368070,"date":"2023-01-15T22:45:30","date_gmt":"2023-01-15T21:45:30","guid":{"rendered":"https:\/\/www.claret.cat\/llibre\/ho-veig-negre-lilla-del-far-2-9788498466485\/"},"modified":"2024-05-22T18:19:37","modified_gmt":"2024-05-22T16:19:37","slug":"ho-veig-negre-lilla-del-far-2-9788498466485","status":"publish","type":"product","link":"https:\/\/www.claret.cat\/es\/libro\/ho-veig-negre-lilla-del-far-2-9788498466485\/","title":{"rendered":"HO VEIG NEGRE &#8211; L&#8217;ILLA DEL FAR 2"},"content":{"rendered":"<p>La Dana t\u00e9 un somni: fugir de la ciutat grisa i plujosa, i anar a una illa plena d&#8217;animals on cada dia sigui estiu. Quan desitges molt una cosa, de vegades es compleix. La Dana ho ha aconseguit. Viu les aventures de la petita Dana, el seu inseparable gos Micu i la marevellosa Dromi a l&#8217; illa del Far, i potser, algun dia, tu tamb\u00e9 far\u00e0s realitat els teus  somnis!<\/p>\n","protected":false},"excerpt":{"rendered":"<p>BAY\u00c9S, PILAR\u00cdN; SALA, MARGA<\/p>\n","protected":false},"featured_media":480829,"template":"","meta":{"_acf_changed":false,"om_disable_all_campaigns":false,"rs_blank_template":"","rs_page_bg_color":"","slide_template_v7":"","inline_featured_image":false,"_monsterinsights_skip_tracking":false,"_monsterinsights_sitenote_active":false,"_monsterinsights_sitenote_note":"","_monsterinsights_sitenote_category":0},"product_brand":[],"product_cat":[132,581,362],"product_tag":[],"class_list":{"0":"post-368070","1":"product","2":"type-product","3":"status-publish","4":"has-post-thumbnail","6":"product_cat-lectures-per-preadolescents-6-12-anys","7":"product_cat-editorial-claret","8":"product_cat-libros-preadolescentes-6-12-anos","10":"first","11":"instock","12":"taxable","13":"shipping-taxable","14":"purchasable","15":"product-type-simple"},"acf":{"editorial":[{"ID":6158,"post_author":"3","post_date":"2022-07-28 17:46:08","post_date_gmt":"2022-07-28 15:46:08","post_content":"","post_title":"CLARET","post_excerpt":"","post_status":"publish","comment_status":"closed","ping_status":"closed","post_password":"","post_name":"claret","to_ping":"","pinged":"","post_modified":"2022-07-28 17:46:08","post_modified_gmt":"2022-07-28 15:46:08","post_content_filtered":"","post_parent":0,"guid":"http:\/\/dev.claret.cat\/editorial\/claret\/","menu_order":0,"post_type":"editorial","post_mime_type":"","comment_count":"0","filter":"raw"}],"autores-libros":[{"ID":368008,"post_author":"3","post_date":"2023-01-15 22:36:19","post_date_gmt":"2023-01-15 21:36:19","post_content":"","post_title":"MARGA SALA","post_excerpt":"","post_status":"publish","comment_status":"closed","ping_status":"closed","post_password":"","post_name":"marga-sala","to_ping":"","pinged":"","post_modified":"2023-01-15 22:36:19","post_modified_gmt":"2023-01-15 21:36:19","post_content_filtered":"","post_parent":0,"guid":"https:\/\/www.claret.cat\/autor\/marga-sala\/","menu_order":0,"post_type":"autor","post_mime_type":"","comment_count":"0","filter":"raw"},{"ID":167343,"post_author":"3","post_date":"2022-10-14 18:10:27","post_date_gmt":"2022-10-14 16:10:27","post_content":"","post_title":"PILAR\u00cdN BAY\u00c9S","post_excerpt":"","post_status":"publish","comment_status":"closed","ping_status":"closed","post_password":"","post_name":"pilarin-bayes-2","to_ping":"","pinged":"","post_modified":"2022-10-14 18:10:27","post_modified_gmt":"2022-10-14 16:10:27","post_content_filtered":"","post_parent":0,"guid":"http:\/\/dev.claret.cat\/autor\/pilarin-bayes-2\/","menu_order":0,"post_type":"autor","post_mime_type":"","comment_count":"0","filter":"raw"}],"autor":"BAY\u00c9S, PILAR\u00cdN; SALA, MARGA","codart":"849846648","libros-coleccion":"","ediciones":"1","encuadernacion":"Carton\u00e9","fecha_de_publicacion":"13\/09\/2012","novedad":"0","paginas":"32","subtitulo":"UNA HIST\u00d2RIA BASADA EN LA S\u00c8RIE DE TELEVISI\u00d3 TVC (CLUB SUPER 3) I CLARET","orden":"999","portada":"0","idioma":"cat"},"aioseo_notices":[],"_links":{"self":[{"href":"https:\/\/www.claret.cat\/es\/wp-json\/wp\/v2\/product\/368070","targetHints":{"allow":["GET"]}}],"collection":[{"href":"https:\/\/www.claret.cat\/es\/wp-json\/wp\/v2\/product"}],"about":[{"href":"https:\/\/www.claret.cat\/es\/wp-json\/wp\/v2\/types\/product"}],"wp:featuredmedia":[{"embeddable":true,"href":"https:\/\/www.claret.cat\/es\/wp-json\/wp\/v2\/media\/480829"}],"wp:attachment":[{"href":"https:\/\/www.claret.cat\/es\/wp-json\/wp\/v2\/media?parent=368070"}],"wp:term":[{"taxonomy":"product_brand","embeddable":true,"href":"https:\/\/www.claret.cat\/es\/wp-json\/wp\/v2\/product_brand?post=368070"},{"taxonomy":"product_cat","embeddable":true,"href":"https:\/\/www.claret.cat\/es\/wp-json\/wp\/v2\/product_cat?post=368070"},{"taxonomy":"product_tag","embeddable":true,"href":"https:\/\/www.claret.cat\/es\/wp-json\/wp\/v2\/product_tag?post=368070"}],"curies":[{"name":"wp","href":"https:\/\/api.w.org\/{rel}","templated":true}]}}