{"id":368117,"date":"2023-01-15T22:50:22","date_gmt":"2023-01-15T21:50:22","guid":{"rendered":"https:\/\/www.claret.cat\/llibre\/donar-solidesa-a-la-fe-9788498466645\/"},"modified":"2024-05-22T18:16:01","modified_gmt":"2024-05-22T16:16:01","slug":"donar-solidesa-a-la-fe-9788498466645","status":"publish","type":"product","link":"https:\/\/www.claret.cat\/es\/libro\/donar-solidesa-a-la-fe-9788498466645\/","title":{"rendered":"DONAR SOLIDESA A LA FE"},"content":{"rendered":"<p>Amb aquest llibre voldr\u00edem oferir unes reflexions a tots aquells que desitgen assegurar-se un creixement s\u00f2lid i equilibrat; un creixement que tingui en compte tots els aspectes de la persona perqu\u00e8 pugui desenvolupar totes les possibilitats que posseeix.<\/p>\n<p>Ens situem en la perspectiva dels qui hem conegut aquell HOME tan especial, JES\u00daS de NATZARET. La seva proposta \u00e9s engrescadora per als humans! Per\u00f2, encara ho \u00e9s m\u00e9s quan ell mateix s\u2019ofereix per acompanyar-nos i orientarnos en la nostra tasca. Ell s\u2019ofereix com a company de ruta i ens introdueix en el m\u00f3n de l\u2019esperit, un m\u00f3n que tots sols no haur\u00edem pas pogut abastar. Ens permet endinsarnos en el m\u00f3n de D\u00e9u.<\/p>\n","protected":false},"excerpt":{"rendered":"<p>CODINA I FARR\u00c9S, JOSEP<\/p>\n","protected":false},"featured_media":386269,"template":"","meta":{"_acf_changed":false,"om_disable_all_campaigns":false,"rs_blank_template":"","rs_page_bg_color":"","slide_template_v7":"","inline_featured_image":false,"_monsterinsights_skip_tracking":false,"_monsterinsights_sitenote_active":false,"_monsterinsights_sitenote_note":"","_monsterinsights_sitenote_category":0},"product_brand":[],"product_cat":[90,581,540],"product_tag":[],"class_list":{"0":"post-368117","1":"product","2":"type-product","3":"status-publish","4":"has-post-thumbnail","6":"product_cat-altres","7":"product_cat-editorial-claret","8":"product_cat-otros","10":"first","11":"outofstock","12":"taxable","13":"shipping-taxable","14":"purchasable","15":"product-type-simple"},"acf":{"editorial":[{"ID":6158,"post_author":"3","post_date":"2022-07-28 17:46:08","post_date_gmt":"2022-07-28 15:46:08","post_content":"","post_title":"CLARET","post_excerpt":"","post_status":"publish","comment_status":"closed","ping_status":"closed","post_password":"","post_name":"claret","to_ping":"","pinged":"","post_modified":"2022-07-28 17:46:08","post_modified_gmt":"2022-07-28 15:46:08","post_content_filtered":"","post_parent":0,"guid":"http:\/\/dev.claret.cat\/editorial\/claret\/","menu_order":0,"post_type":"editorial","post_mime_type":"","comment_count":"0","filter":"raw"}],"autores-libros":[{"ID":5656,"post_author":"3","post_date":"2022-07-28 17:28:40","post_date_gmt":"2022-07-28 15:28:40","post_content":"","post_title":"JOSEP CODINA I FARRES","post_excerpt":"","post_status":"publish","comment_status":"closed","ping_status":"closed","post_password":"","post_name":"josep-codina-i-farres","to_ping":"","pinged":"","post_modified":"2022-07-28 17:28:40","post_modified_gmt":"2022-07-28 15:28:40","post_content_filtered":"","post_parent":0,"guid":"http:\/\/dev.claret.cat\/autor\/josep-codina-i-farres\/","menu_order":0,"post_type":"autor","post_mime_type":"","comment_count":"0","filter":"raw"}],"autor":"CODINA I FARR\u00c9S, JOSEP","codart":"849846664","libros-coleccion":"","ediciones":"1","encuadernacion":"R\u00fastica","fecha_de_publicacion":"07\/06\/2012","novedad":"0","paginas":"72","subtitulo":"SET PILARS DE LA FE CRISTIANA","orden":"999","portada":"0","idioma":"cat"},"aioseo_notices":[],"_links":{"self":[{"href":"https:\/\/www.claret.cat\/es\/wp-json\/wp\/v2\/product\/368117","targetHints":{"allow":["GET"]}}],"collection":[{"href":"https:\/\/www.claret.cat\/es\/wp-json\/wp\/v2\/product"}],"about":[{"href":"https:\/\/www.claret.cat\/es\/wp-json\/wp\/v2\/types\/product"}],"wp:featuredmedia":[{"embeddable":true,"href":"https:\/\/www.claret.cat\/es\/wp-json\/wp\/v2\/media\/386269"}],"wp:attachment":[{"href":"https:\/\/www.claret.cat\/es\/wp-json\/wp\/v2\/media?parent=368117"}],"wp:term":[{"taxonomy":"product_brand","embeddable":true,"href":"https:\/\/www.claret.cat\/es\/wp-json\/wp\/v2\/product_brand?post=368117"},{"taxonomy":"product_cat","embeddable":true,"href":"https:\/\/www.claret.cat\/es\/wp-json\/wp\/v2\/product_cat?post=368117"},{"taxonomy":"product_tag","embeddable":true,"href":"https:\/\/www.claret.cat\/es\/wp-json\/wp\/v2\/product_tag?post=368117"}],"curies":[{"name":"wp","href":"https:\/\/api.w.org\/{rel}","templated":true}]}}