{"id":368173,"date":"2023-01-15T22:53:50","date_gmt":"2023-01-15T21:53:50","guid":{"rendered":"https:\/\/www.claret.cat\/llibre\/radiografia-de-la-fe-9788498466966\/"},"modified":"2024-05-22T18:13:19","modified_gmt":"2024-05-22T16:13:19","slug":"radiografia-de-la-fe-9788498466966","status":"publish","type":"product","link":"https:\/\/www.claret.cat\/es\/libro\/radiografia-de-la-fe-9788498466966\/","title":{"rendered":"RADIOGRAFIA DE LA FE"},"content":{"rendered":"<p>Aquest llibre senzill, pr\u00e0ctic i entenedor \u00e9s fruit de molts anys dedicats a l\u2019animaci\u00f3 de la fe a trav\u00e9s de la catequesi d\u2019infants, joves i de persones adultes i, tamb\u00e9 d\u2019una llarga dedicaci\u00f3 a l\u2019animaci\u00f3 parroquial al Quebec, al Camerun i a Catalunya. El seu dinamisme pastoral pot ser un bon instrument de reflexi\u00f3 tant per a les persones com per als grups, que volen revisar i aprofundir els continguts i la viv\u00e8ncia de la fe. \u00c9s el primer llibre d\u2019una trilogia sobre la fe, que l\u2019autor ha publicat a l\u2019editorial Claret en ocasi\u00f3 de l\u2019Any de la Fe. Els tres llibres s\u00f3n complementaris i estan pensats per facilitar la lectura personal i tamb\u00e9 el treball dels grups que es reuneixen per \u00abposar al dia\u00bb la fe.<\/p>\n","protected":false},"excerpt":{"rendered":"<p>CODINA I FARR\u00c9S, JOSEP<\/p>\n","protected":false},"featured_media":386277,"template":"","meta":{"_acf_changed":false,"om_disable_all_campaigns":false,"rs_blank_template":"","rs_page_bg_color":"","slide_template_v7":"","inline_featured_image":false,"_monsterinsights_skip_tracking":false,"_monsterinsights_sitenote_active":false,"_monsterinsights_sitenote_note":"","_monsterinsights_sitenote_category":0},"product_brand":[],"product_cat":[90,581,540],"product_tag":[],"class_list":{"0":"post-368173","1":"product","2":"type-product","3":"status-publish","4":"has-post-thumbnail","6":"product_cat-altres","7":"product_cat-editorial-claret","8":"product_cat-otros","10":"first","11":"instock","12":"taxable","13":"shipping-taxable","14":"purchasable","15":"product-type-simple"},"acf":{"editorial":[{"ID":6158,"post_author":"3","post_date":"2022-07-28 17:46:08","post_date_gmt":"2022-07-28 15:46:08","post_content":"","post_title":"CLARET","post_excerpt":"","post_status":"publish","comment_status":"closed","ping_status":"closed","post_password":"","post_name":"claret","to_ping":"","pinged":"","post_modified":"2022-07-28 17:46:08","post_modified_gmt":"2022-07-28 15:46:08","post_content_filtered":"","post_parent":0,"guid":"http:\/\/dev.claret.cat\/editorial\/claret\/","menu_order":0,"post_type":"editorial","post_mime_type":"","comment_count":"0","filter":"raw"}],"autores-libros":[{"ID":5656,"post_author":"3","post_date":"2022-07-28 17:28:40","post_date_gmt":"2022-07-28 15:28:40","post_content":"","post_title":"JOSEP CODINA I FARRES","post_excerpt":"","post_status":"publish","comment_status":"closed","ping_status":"closed","post_password":"","post_name":"josep-codina-i-farres","to_ping":"","pinged":"","post_modified":"2022-07-28 17:28:40","post_modified_gmt":"2022-07-28 15:28:40","post_content_filtered":"","post_parent":0,"guid":"http:\/\/dev.claret.cat\/autor\/josep-codina-i-farres\/","menu_order":0,"post_type":"autor","post_mime_type":"","comment_count":"0","filter":"raw"}],"autor":"CODINA I FARR\u00c9S, JOSEP","codart":"849846696","libros-coleccion":"","ediciones":"1","encuadernacion":"R\u00fastica","fecha_de_publicacion":"04\/02\/2013","novedad":"0","paginas":"64","subtitulo":"PER REVIFAR LA FLAMA","orden":"999","portada":"0","idioma":"cat"},"aioseo_notices":[],"_links":{"self":[{"href":"https:\/\/www.claret.cat\/es\/wp-json\/wp\/v2\/product\/368173","targetHints":{"allow":["GET"]}}],"collection":[{"href":"https:\/\/www.claret.cat\/es\/wp-json\/wp\/v2\/product"}],"about":[{"href":"https:\/\/www.claret.cat\/es\/wp-json\/wp\/v2\/types\/product"}],"wp:featuredmedia":[{"embeddable":true,"href":"https:\/\/www.claret.cat\/es\/wp-json\/wp\/v2\/media\/386277"}],"wp:attachment":[{"href":"https:\/\/www.claret.cat\/es\/wp-json\/wp\/v2\/media?parent=368173"}],"wp:term":[{"taxonomy":"product_brand","embeddable":true,"href":"https:\/\/www.claret.cat\/es\/wp-json\/wp\/v2\/product_brand?post=368173"},{"taxonomy":"product_cat","embeddable":true,"href":"https:\/\/www.claret.cat\/es\/wp-json\/wp\/v2\/product_cat?post=368173"},{"taxonomy":"product_tag","embeddable":true,"href":"https:\/\/www.claret.cat\/es\/wp-json\/wp\/v2\/product_tag?post=368173"}],"curies":[{"name":"wp","href":"https:\/\/api.w.org\/{rel}","templated":true}]}}