{"id":368196,"date":"2023-01-15T22:55:35","date_gmt":"2023-01-15T21:55:35","guid":{"rendered":"https:\/\/www.claret.cat\/llibre\/el-cami-obert-per-jesus-joan-9788498467017\/"},"modified":"2025-09-05T12:20:39","modified_gmt":"2025-09-05T10:20:39","slug":"el-cami-obert-per-jesus-joan-9788498467017","status":"publish","type":"product","link":"https:\/\/www.claret.cat\/es\/libro\/el-cami-obert-per-jesus-joan-9788498467017\/","title":{"rendered":"EL CAM\u00cd OBERT PER JES\u00daS. JOAN"},"content":{"rendered":"<p>Aquesta obra, que recull alguns dels comentaris dels textos dels quatre evangelis publicats per l\u2019autor, est\u00e0 redactada amb la finalitat d\u2019ajudar a entrar pel cam\u00ed obert per Jes\u00fas, tot centrant la nostra fe en el seguiment de la seva persona.<\/p>\n<p>Els cristians de les primeres comunitats se sentien m\u00e9s que res seguidors de Jes\u00fas. Per a ells, creure en Jesucrist \u00e9s entrar pel seu \u00abcam\u00ed\u00bb seguint-ne les passes. L\u2019evangeli de Joan \u00e9s molt diferent dels relats evang\u00e8lics de Marc, Mateu o Lluc. L\u2019enfocament de l\u2019escrit, el marc de l\u2019activitat de Jes\u00fas, el seu llenguatge i, sobretot, el seu contingut teol\u00f2gic li donen un car\u00e0cter propi. L\u2019evangeli de Joan il\u00b7lumina la persona de Jes\u00fas i la seva actuaci\u00f3 amb una profunditat que mai abans no havia estat desenvolupada per cap altre evangelista.<\/p>\n","protected":false},"excerpt":{"rendered":"<p>PAGOLA, JOS\u00c9 ANTONIO<\/p>\n","protected":false},"featured_media":368197,"template":"","meta":{"_acf_changed":false,"om_disable_all_campaigns":false,"rs_blank_template":"","rs_page_bg_color":"","slide_template_v7":"","inline_featured_image":false,"_monsterinsights_skip_tracking":false,"_monsterinsights_sitenote_active":false,"_monsterinsights_sitenote_note":"","_monsterinsights_sitenote_category":0},"product_brand":[],"product_cat":[90,581,540],"product_tag":[],"class_list":{"0":"post-368196","1":"product","2":"type-product","3":"status-publish","4":"has-post-thumbnail","6":"product_cat-altres","7":"product_cat-editorial-claret","8":"product_cat-otros","10":"first","11":"instock","12":"taxable","13":"shipping-taxable","14":"purchasable","15":"product-type-simple"},"acf":{"editorial":[{"ID":6158,"post_author":"3","post_date":"2022-07-28 17:46:08","post_date_gmt":"2022-07-28 15:46:08","post_content":"","post_title":"CLARET","post_excerpt":"","post_status":"publish","comment_status":"closed","ping_status":"closed","post_password":"","post_name":"claret","to_ping":"","pinged":"","post_modified":"2022-07-28 17:46:08","post_modified_gmt":"2022-07-28 15:46:08","post_content_filtered":"","post_parent":0,"guid":"http:\/\/dev.claret.cat\/editorial\/claret\/","menu_order":0,"post_type":"editorial","post_mime_type":"","comment_count":"0","filter":"raw"}],"autores-libros":[{"ID":5635,"post_author":"3","post_date":"2022-07-28 17:28:13","post_date_gmt":"2022-07-28 15:28:13","post_content":"Jos\u00e9 Antonio Pagola (A\u00f1orga, Guip\u00fascoa, 1937) va cursar els seus estudis de teologia i ci\u00e8ncies b\u00edbliques a la Pontif\u00edcia Universitat Gregoriana i el Pontifici Institut B\u00edblic de Roma, i a l\u2019\u00c9cole Biblique et Arch\u00e9ologique Fran\u00e7aise de Jerusalem. Ha estat vicari episcopal de la di\u00f2cesi de Sant Sebasti\u00e0 durant m\u00e9s de vint anys i director del Instituto de Teolog\u00eda y Pastoral d\u2019aquesta ciutat. Desenvolupa una intensa tasca amb grups de creients i allunyats. Des de fa set anys es dedica exclusivament a investigar i a donar a con\u00e8ixer la persona de Jes\u00fas. Autor de\u00a0<em>Jes\u00fas. Aproximaci\u00f3 hist\u00f2rica<\/em>;\u00a0<em>El cam\u00ed obert per Jes\u00fas. Mateu<\/em>;\u00a0<em>El cam\u00ed obert per Jes\u00fas. Joan<\/em>;\u00a0<em>El cam\u00ed obert per Jes\u00fas. Lluc<\/em>\u00a0i\u00a0<em>Fit a fit amb Jes\u00fas<\/em>.","post_title":"JOS\u00c9 ANTONIO PAGOLA","post_excerpt":"","post_status":"publish","comment_status":"closed","ping_status":"closed","post_password":"","post_name":"jose-antonio-pagola","to_ping":"","pinged":"","post_modified":"2022-07-28 19:08:36","post_modified_gmt":"2022-07-28 17:08:36","post_content_filtered":"","post_parent":0,"guid":"http:\/\/dev.claret.cat\/autor\/jose-antonio-pagola\/","menu_order":0,"post_type":"autor","post_mime_type":"","comment_count":"0","filter":"raw"}],"autor":"PAGOLA, JOS\u00c9 ANTONIO","codart":"849846701","libros-coleccion":"","ediciones":"1","encuadernacion":"R\u00fastica","fecha_de_publicacion":"08\/01\/2013","novedad":"0","paginas":"254","subtitulo":"","orden":"999","portada":"0","idioma":"cat","booktrailer":"","resenas":""},"aioseo_notices":[],"_links":{"self":[{"href":"https:\/\/www.claret.cat\/es\/wp-json\/wp\/v2\/product\/368196","targetHints":{"allow":["GET"]}}],"collection":[{"href":"https:\/\/www.claret.cat\/es\/wp-json\/wp\/v2\/product"}],"about":[{"href":"https:\/\/www.claret.cat\/es\/wp-json\/wp\/v2\/types\/product"}],"wp:featuredmedia":[{"embeddable":true,"href":"https:\/\/www.claret.cat\/es\/wp-json\/wp\/v2\/media\/368197"}],"wp:attachment":[{"href":"https:\/\/www.claret.cat\/es\/wp-json\/wp\/v2\/media?parent=368196"}],"wp:term":[{"taxonomy":"product_brand","embeddable":true,"href":"https:\/\/www.claret.cat\/es\/wp-json\/wp\/v2\/product_brand?post=368196"},{"taxonomy":"product_cat","embeddable":true,"href":"https:\/\/www.claret.cat\/es\/wp-json\/wp\/v2\/product_cat?post=368196"},{"taxonomy":"product_tag","embeddable":true,"href":"https:\/\/www.claret.cat\/es\/wp-json\/wp\/v2\/product_tag?post=368196"}],"curies":[{"name":"wp","href":"https:\/\/api.w.org\/{rel}","templated":true}]}}