{"id":368199,"date":"2023-01-15T22:55:47","date_gmt":"2023-01-15T21:55:47","guid":{"rendered":"https:\/\/www.claret.cat\/llibre\/fit-a-fit-amb-jesus-9788498467031\/"},"modified":"2024-05-22T18:11:15","modified_gmt":"2024-05-22T16:11:15","slug":"fit-a-fit-amb-jesus-9788498467031","status":"publish","type":"product","link":"https:\/\/www.claret.cat\/es\/libro\/fit-a-fit-amb-jesus-9788498467031\/","title":{"rendered":"FIT A FIT AMB JES\u00daS"},"content":{"rendered":"<p>En refer\u00e8ncia a l\u2019Any de la fe i per a la commemoraci\u00f3 d\u2019aquesta efem\u00e8ride, tres dels m\u00e9s importants i significatius autors en el camp del pensament religi\u00f3s i teol\u00f2gic espanyol i basc, ens presenten llurs reflexions a prop\u00f2sit de la fe. Amb els ulls fits en Jes\u00fas, cadasc\u00fa amb el seu estil i el seu geni particular, van desgranant aquells aspectes relatius a la fe cristiana que poden ajudar als lectors a personalitzar-la i a fer-la cada vegada m\u00e9s pr\u00f2pia. Perqu\u00e8 d\u2019aix\u00f2 es tracta.<br \/>Els diferents apartats per a la reflexi\u00f3 personal o en grup que acompanyen els textos ofereixen igualment diferents<br \/>maneres de lectura del llibre i la possibilitat de poder-lo treballar.<\/p>\n","protected":false},"excerpt":{"rendered":"<p>PAGOLA, JOS\u00c9 ANTONIO; MARTIN VELASCO, JUAN; ALEIXANDRE, DOLORES<\/p>\n","protected":false},"featured_media":386506,"template":"","meta":{"_acf_changed":false,"om_disable_all_campaigns":false,"rs_blank_template":"","rs_page_bg_color":"","slide_template_v7":"","inline_featured_image":false,"_monsterinsights_skip_tracking":false,"_monsterinsights_sitenote_active":false,"_monsterinsights_sitenote_note":"","_monsterinsights_sitenote_category":0},"product_brand":[],"product_cat":[91,541,581],"product_tag":[],"class_list":{"0":"post-368199","1":"product","2":"type-product","3":"status-publish","4":"has-post-thumbnail","6":"product_cat-cristologia","7":"product_cat-cristologia-1_espiritualidad-spa","8":"product_cat-editorial-claret","10":"first","11":"instock","12":"taxable","13":"shipping-taxable","14":"purchasable","15":"product-type-simple"},"acf":{"editorial":[{"ID":6158,"post_author":"3","post_date":"2022-07-28 17:46:08","post_date_gmt":"2022-07-28 15:46:08","post_content":"","post_title":"CLARET","post_excerpt":"","post_status":"publish","comment_status":"closed","ping_status":"closed","post_password":"","post_name":"claret","to_ping":"","pinged":"","post_modified":"2022-07-28 17:46:08","post_modified_gmt":"2022-07-28 15:46:08","post_content_filtered":"","post_parent":0,"guid":"http:\/\/dev.claret.cat\/editorial\/claret\/","menu_order":0,"post_type":"editorial","post_mime_type":"","comment_count":"0","filter":"raw"}],"autores-libros":[{"ID":5635,"post_author":"3","post_date":"2022-07-28 17:28:13","post_date_gmt":"2022-07-28 15:28:13","post_content":"Jos\u00e9 Antonio Pagola (A\u00f1orga, Guip\u00fascoa, 1937) va cursar els seus estudis de teologia i ci\u00e8ncies b\u00edbliques a la Pontif\u00edcia Universitat Gregoriana i el Pontifici Institut B\u00edblic de Roma, i a l\u2019\u00c9cole Biblique et Arch\u00e9ologique Fran\u00e7aise de Jerusalem. Ha estat vicari episcopal de la di\u00f2cesi de Sant Sebasti\u00e0 durant m\u00e9s de vint anys i director del Instituto de Teolog\u00eda y Pastoral d\u2019aquesta ciutat. Desenvolupa una intensa tasca amb grups de creients i allunyats. Des de fa set anys es dedica exclusivament a investigar i a donar a con\u00e8ixer la persona de Jes\u00fas. Autor de\u00a0<em>Jes\u00fas. Aproximaci\u00f3 hist\u00f2rica<\/em>;\u00a0<em>El cam\u00ed obert per Jes\u00fas. Mateu<\/em>;\u00a0<em>El cam\u00ed obert per Jes\u00fas. Joan<\/em>;\u00a0<em>El cam\u00ed obert per Jes\u00fas. Lluc<\/em>\u00a0i\u00a0<em>Fit a fit amb Jes\u00fas<\/em>.","post_title":"JOS\u00c9 ANTONIO PAGOLA","post_excerpt":"","post_status":"publish","comment_status":"closed","ping_status":"closed","post_password":"","post_name":"jose-antonio-pagola","to_ping":"","pinged":"","post_modified":"2022-07-28 19:08:36","post_modified_gmt":"2022-07-28 17:08:36","post_content_filtered":"","post_parent":0,"guid":"http:\/\/dev.claret.cat\/autor\/jose-antonio-pagola\/","menu_order":0,"post_type":"autor","post_mime_type":"","comment_count":"0","filter":"raw"},{"ID":161124,"post_author":"3","post_date":"2022-10-14 17:15:41","post_date_gmt":"2022-10-14 15:15:41","post_content":"","post_title":"JUAN MARTIN VELASCO","post_excerpt":"","post_status":"publish","comment_status":"closed","ping_status":"closed","post_password":"","post_name":"juan-martin-velasco","to_ping":"","pinged":"","post_modified":"2022-10-14 17:15:41","post_modified_gmt":"2022-10-14 15:15:41","post_content_filtered":"","post_parent":0,"guid":"http:\/\/dev.claret.cat\/autor\/juan-martin-velasco\/","menu_order":0,"post_type":"autor","post_mime_type":"","comment_count":"0","filter":"raw"},{"ID":154227,"post_author":"3","post_date":"2022-10-14 15:03:07","post_date_gmt":"2022-10-14 13:03:07","post_content":"","post_title":"DOLORES ALEIXANDRE","post_excerpt":"","post_status":"publish","comment_status":"closed","ping_status":"closed","post_password":"","post_name":"dolores-aleixandre","to_ping":"","pinged":"","post_modified":"2022-10-14 15:03:07","post_modified_gmt":"2022-10-14 13:03:07","post_content_filtered":"","post_parent":0,"guid":"http:\/\/dev.claret.cat\/autor\/dolores-aleixandre\/","menu_order":0,"post_type":"autor","post_mime_type":"","comment_count":"0","filter":"raw"}],"autor":"PAGOLA, JOS\u00c9 ANTONIO; MARTIN VELASCO, JUAN; ALEIXANDRE, DOLORES","codart":"849846703","libros-coleccion":"","ediciones":"1","encuadernacion":"R\u00fastica","fecha_de_publicacion":"28\/11\/2012","novedad":"0","paginas":"192","subtitulo":"EN EL LLINDAR DE LA FE","orden":"999","portada":"0","idioma":"cat"},"aioseo_notices":[],"_links":{"self":[{"href":"https:\/\/www.claret.cat\/es\/wp-json\/wp\/v2\/product\/368199","targetHints":{"allow":["GET"]}}],"collection":[{"href":"https:\/\/www.claret.cat\/es\/wp-json\/wp\/v2\/product"}],"about":[{"href":"https:\/\/www.claret.cat\/es\/wp-json\/wp\/v2\/types\/product"}],"wp:featuredmedia":[{"embeddable":true,"href":"https:\/\/www.claret.cat\/es\/wp-json\/wp\/v2\/media\/386506"}],"wp:attachment":[{"href":"https:\/\/www.claret.cat\/es\/wp-json\/wp\/v2\/media?parent=368199"}],"wp:term":[{"taxonomy":"product_brand","embeddable":true,"href":"https:\/\/www.claret.cat\/es\/wp-json\/wp\/v2\/product_brand?post=368199"},{"taxonomy":"product_cat","embeddable":true,"href":"https:\/\/www.claret.cat\/es\/wp-json\/wp\/v2\/product_cat?post=368199"},{"taxonomy":"product_tag","embeddable":true,"href":"https:\/\/www.claret.cat\/es\/wp-json\/wp\/v2\/product_tag?post=368199"}],"curies":[{"name":"wp","href":"https:\/\/api.w.org\/{rel}","templated":true}]}}