{"id":36838,"date":"2022-10-02T18:25:59","date_gmt":"2022-10-02T16:25:59","guid":{"rendered":"http:\/\/dev.claret.cat\/producte\/todas-las-familias-de-mi-pueblo\/"},"modified":"2023-10-06T09:45:53","modified_gmt":"2023-10-06T07:45:53","slug":"todas-las-familias-de-mi-pueblo-9788491455677","status":"publish","type":"product","link":"https:\/\/www.claret.cat\/es\/libro\/todas-las-familias-de-mi-pueblo-9788491455677\/","title":{"rendered":"TODAS LAS FAMILIAS DE MI PUEBLO"},"content":{"rendered":"<p>En el peque\u00f1o pueblo de Aria s\u00f3lo hay nueve casas. Pero cada una de ellas alberga todo un universo. Desde Sofiane, cuyos abuelos nunca dejan de bailar, hasta Lul\u00fa, cuyo pap\u00e1 ten\u00eda cuerpo de ni\u00f1a cuando era peque\u00f1o, pasando por Julie, que no conoci\u00f3 a su madre y cuyos dos pap\u00e1s la cuidan mucho, Aria nos presenta todas las peculiaridades que puede tener una familia. \u00bfY a tu familia, qu\u00e9 es lo que la hace m\u00e1gica?<\/p>\n","protected":false},"excerpt":{"rendered":"<p>CELIER, OPH\u00c9LIE \/ PIET, THOMAS<\/p>\n","protected":false},"featured_media":54231,"template":"","meta":{"_acf_changed":false,"om_disable_all_campaigns":false,"rs_blank_template":"","rs_page_bg_color":"","slide_template_v7":"","inline_featured_image":false,"_monsterinsights_skip_tracking":false,"_monsterinsights_sitenote_active":false,"_monsterinsights_sitenote_note":"","_monsterinsights_sitenote_category":0},"product_brand":[],"product_cat":[361],"product_tag":[],"class_list":{"0":"post-36838","1":"product","2":"type-product","3":"status-publish","4":"has-post-thumbnail","6":"product_cat-cuentos-para-ninos-0-6-anos","8":"first","9":"instock","10":"taxable","11":"shipping-taxable","12":"purchasable","13":"product-type-simple"},"acf":{"autor":"CELIER, OPH\u00c9LIE \/ PIET, THOMAS","codart":"849145567","libros-coleccion":"PICARONA","ediciones":"1","encuadernacion":"Carton\u00e9","fecha_de_publicacion":"01\/04\/2022","novedad":"1","paginas":"40","subtitulo":"","orden":"0","portada":"0","idioma":"spa","editorial":[{"ID":6329,"post_author":"3","post_date":"2022-07-28 17:49:51","post_date_gmt":"2022-07-28 15:49:51","post_content":"","post_title":"PICARONA","post_excerpt":"","post_status":"publish","comment_status":"closed","ping_status":"closed","post_password":"","post_name":"picarona","to_ping":"","pinged":"","post_modified":"2022-07-28 17:49:51","post_modified_gmt":"2022-07-28 15:49:51","post_content_filtered":"","post_parent":0,"guid":"http:\/\/dev.claret.cat\/editorial\/picarona\/","menu_order":0,"post_type":"editorial","post_mime_type":"","comment_count":"0","filter":"raw"}],"autores-libros":[{"ID":166223,"post_author":"3","post_date":"2022-10-14 18:01:25","post_date_gmt":"2022-10-14 16:01:25","post_content":"","post_title":"OPH\u00c9LIE CELIER","post_excerpt":"","post_status":"publish","comment_status":"closed","ping_status":"closed","post_password":"","post_name":"ophelie-celier","to_ping":"","pinged":"","post_modified":"2022-10-14 18:01:25","post_modified_gmt":"2022-10-14 16:01:25","post_content_filtered":"","post_parent":0,"guid":"http:\/\/dev.claret.cat\/autor\/ophelie-celier\/","menu_order":0,"post_type":"autor","post_mime_type":"","comment_count":"0","filter":"raw"},{"ID":170357,"post_author":"3","post_date":"2022-10-14 22:34:40","post_date_gmt":"2022-10-14 20:34:40","post_content":"","post_title":"THOMAS PIET","post_excerpt":"","post_status":"publish","comment_status":"closed","ping_status":"closed","post_password":"","post_name":"thomas-piet","to_ping":"","pinged":"","post_modified":"2022-10-14 22:34:40","post_modified_gmt":"2022-10-14 20:34:40","post_content_filtered":"","post_parent":0,"guid":"http:\/\/dev.claret.cat\/autor\/thomas-piet\/","menu_order":0,"post_type":"autor","post_mime_type":"","comment_count":"0","filter":"raw"}]},"aioseo_notices":[],"_links":{"self":[{"href":"https:\/\/www.claret.cat\/es\/wp-json\/wp\/v2\/product\/36838","targetHints":{"allow":["GET"]}}],"collection":[{"href":"https:\/\/www.claret.cat\/es\/wp-json\/wp\/v2\/product"}],"about":[{"href":"https:\/\/www.claret.cat\/es\/wp-json\/wp\/v2\/types\/product"}],"wp:featuredmedia":[{"embeddable":true,"href":"https:\/\/www.claret.cat\/es\/wp-json\/wp\/v2\/media\/54231"}],"wp:attachment":[{"href":"https:\/\/www.claret.cat\/es\/wp-json\/wp\/v2\/media?parent=36838"}],"wp:term":[{"taxonomy":"product_brand","embeddable":true,"href":"https:\/\/www.claret.cat\/es\/wp-json\/wp\/v2\/product_brand?post=36838"},{"taxonomy":"product_cat","embeddable":true,"href":"https:\/\/www.claret.cat\/es\/wp-json\/wp\/v2\/product_cat?post=36838"},{"taxonomy":"product_tag","embeddable":true,"href":"https:\/\/www.claret.cat\/es\/wp-json\/wp\/v2\/product_tag?post=36838"}],"curies":[{"name":"wp","href":"https:\/\/api.w.org\/{rel}","templated":true}]}}