{"id":36877,"date":"2022-10-02T18:26:32","date_gmt":"2022-10-02T16:26:32","guid":{"rendered":"http:\/\/dev.claret.cat\/producte\/tu-puedes-tener-una-gran-vida\/"},"modified":"2023-10-06T09:04:52","modified_gmt":"2023-10-06T07:04:52","slug":"tu-puedes-tener-una-gran-vida-9788417694708","status":"publish","type":"product","link":"https:\/\/www.claret.cat\/es\/libro\/tu-puedes-tener-una-gran-vida-9788417694708\/","title":{"rendered":"T\u00da PUEDES TENER UNA GRAN VIDA"},"content":{"rendered":"<p>Todos llevamos dentro la capacidad de disfrutar de una vida gratificante, significativa y emocionante. Todos tenemos el poder de vencer la adversidad y alcanzar la felicidad, la armon\u00eda, la salud y la prosperidad, si invertimos el tiempo y el esfuerzo necesarios y estamos dispuestos a persistir a pesar de los contratiempos. Este es el mensaje de Dale Carnegie, precursor de lo que hoy conocemos como coaching y uno de los grandes nombres del crecimiento personal. T\u00fa puedes tener una gran vida recoge las ense\u00f1anzas de Dale Carnegie en un solo libro, expandidas por sus disc\u00edpulos y aplicadas con \u00e9xito por millones de personas. Partiendo de la visi\u00f3n o imagen del futuro que deseamos crear, el libro nos ofrece un curso dise\u00f1ado para el trabajo personal, con herramientas y t\u00e9cnicas para brillar en aspectos fundamentales, desde mejorar las relaciones y la comunicaci\u00f3n con los dem\u00e1s hasta aumentar nuestro carisma, ganar poder personal, reforzar nuestro liderazgo o desarrollar la inteligencia emocional. Sea cual sea tu edad o situaci\u00f3n, no te conformes con un futuro mejor: aspira a una gran vida.<\/p>\n","protected":false},"excerpt":{"rendered":"<p>CARNEGIE, DALE<\/p>\n","protected":false},"featured_media":54257,"template":"","meta":{"_acf_changed":false,"om_disable_all_campaigns":false,"rs_blank_template":"","rs_page_bg_color":"","slide_template_v7":"","inline_featured_image":false,"_monsterinsights_skip_tracking":false,"_monsterinsights_sitenote_active":false,"_monsterinsights_sitenote_note":"","_monsterinsights_sitenote_category":0},"product_brand":[],"product_cat":[377],"product_tag":[],"class_list":{"0":"post-36877","1":"product","2":"type-product","3":"status-publish","4":"has-post-thumbnail","6":"product_cat-autoayuda-y-salud-mental","8":"first","9":"instock","10":"taxable","11":"shipping-taxable","12":"purchasable","13":"product-type-simple"},"acf":{"autor":"CARNEGIE, DALE","codart":"841769470","libros-coleccion":"Crecimiento personal","ediciones":"1","encuadernacion":"R\u00fastica","fecha_de_publicacion":"01\/05\/2022","novedad":"1","paginas":"221","subtitulo":"GU\u00cdA PR\u00c1CTICA PARA APLICAR UNA VISI\u00d3N VITAL A TU D\u00cdA A D\u00cdA","orden":"0","portada":"0","idioma":"spa","editorial":[{"ID":148935,"post_author":"3","post_date":"2022-10-14 12:02:09","post_date_gmt":"2022-10-14 10:02:09","post_content":"","post_title":"Urano","post_excerpt":"","post_status":"publish","comment_status":"closed","ping_status":"closed","post_password":"","post_name":"urano","to_ping":"","pinged":"","post_modified":"2022-10-14 12:02:09","post_modified_gmt":"2022-10-14 10:02:09","post_content_filtered":"","post_parent":0,"guid":"http:\/\/dev.claret.cat\/editorial\/urano\/","menu_order":0,"post_type":"editorial","post_mime_type":"","comment_count":"0","filter":"raw"}],"autores-libros":[{"ID":153479,"post_author":"3","post_date":"2022-10-14 14:57:05","post_date_gmt":"2022-10-14 12:57:05","post_content":"","post_title":"DALE CARNEGIE","post_excerpt":"","post_status":"publish","comment_status":"closed","ping_status":"closed","post_password":"","post_name":"dale-carnegie","to_ping":"","pinged":"","post_modified":"2022-10-14 14:57:05","post_modified_gmt":"2022-10-14 12:57:05","post_content_filtered":"","post_parent":0,"guid":"http:\/\/dev.claret.cat\/autor\/dale-carnegie\/","menu_order":0,"post_type":"autor","post_mime_type":"","comment_count":"0","filter":"raw"}]},"aioseo_notices":[],"_links":{"self":[{"href":"https:\/\/www.claret.cat\/es\/wp-json\/wp\/v2\/product\/36877","targetHints":{"allow":["GET"]}}],"collection":[{"href":"https:\/\/www.claret.cat\/es\/wp-json\/wp\/v2\/product"}],"about":[{"href":"https:\/\/www.claret.cat\/es\/wp-json\/wp\/v2\/types\/product"}],"wp:featuredmedia":[{"embeddable":true,"href":"https:\/\/www.claret.cat\/es\/wp-json\/wp\/v2\/media\/54257"}],"wp:attachment":[{"href":"https:\/\/www.claret.cat\/es\/wp-json\/wp\/v2\/media?parent=36877"}],"wp:term":[{"taxonomy":"product_brand","embeddable":true,"href":"https:\/\/www.claret.cat\/es\/wp-json\/wp\/v2\/product_brand?post=36877"},{"taxonomy":"product_cat","embeddable":true,"href":"https:\/\/www.claret.cat\/es\/wp-json\/wp\/v2\/product_cat?post=36877"},{"taxonomy":"product_tag","embeddable":true,"href":"https:\/\/www.claret.cat\/es\/wp-json\/wp\/v2\/product_tag?post=36877"}],"curies":[{"name":"wp","href":"https:\/\/api.w.org\/{rel}","templated":true}]}}