{"id":36892,"date":"2022-10-02T18:26:45","date_gmt":"2022-10-02T16:26:45","guid":{"rendered":"http:\/\/dev.claret.cat\/producte\/objetos-perdidos\/"},"modified":"2026-02-23T11:16:33","modified_gmt":"2026-02-23T10:16:33","slug":"objetos-perdidos-9788419110176","status":"publish","type":"product","link":"https:\/\/www.claret.cat\/es\/libro\/objetos-perdidos-9788419110176\/","title":{"rendered":"OBJETOS PERDIDOS"},"content":{"rendered":"<p>Un bolso perdido. Una mujer sin rumbo. Una historia de esperanza, perd\u00f3n y bondad.<\/p>\n<p>Desde que su vida cambi\u00f3 de la noche a la ma\u00f1ana, Dot Watson se ha apartado del mundo. Pasa los d\u00edas encerrada, trabajando en la oficina de objetos perdidos del metro de Londres. All\u00ed se dedica en cuerpo y alma a su labor de guardiana de objetos extraviados, y su mayor alegr\u00eda es poder devolver alguno a su due\u00f1o. Y es que detr\u00e1s de su fachada espinosa late un coraz\u00f3n muy grande. Contra todo pron\u00f3stico, tambi\u00e9n logra encontrar algo que no esperaba: a s\u00ed misma y su vida real<\/p>\n","protected":false},"excerpt":{"rendered":"<p>PARIS, HELEN<\/p>\n","protected":false},"featured_media":1085455,"template":"","meta":{"_acf_changed":false,"om_disable_all_campaigns":false,"rs_blank_template":"","rs_page_bg_color":"","slide_template_v7":"","inline_featured_image":false,"_monsterinsights_skip_tracking":false,"_monsterinsights_sitenote_active":false,"_monsterinsights_sitenote_note":"","_monsterinsights_sitenote_category":0},"product_brand":[],"product_cat":[127,357],"product_tag":[],"class_list":{"0":"post-36892","1":"product","2":"type-product","3":"status-publish","4":"has-post-thumbnail","6":"product_cat-novella-contemporania","7":"product_cat-novela-contemporanea","9":"first","10":"outofstock","11":"taxable","12":"shipping-taxable","13":"purchasable","14":"product-type-simple"},"acf":{"autor":"PARIS, HELEN","codart":"841911017","libros-coleccion":"\u00c9xitos literarios","ediciones":"1","encuadernacion":"R\u00fastica","fecha_de_publicacion":"01\/05\/2022","novedad":"0","paginas":"360","subtitulo":"LA OFICINA DE LOS SUE\u00d1OS EXTRAVIADOS","orden":"0","portada":"0","idioma":"spa","editorial":[{"ID":6297,"post_author":"3","post_date":"2022-07-28 17:49:10","post_date_gmt":"2022-07-28 15:49:10","post_content":"","post_title":"Maeva Ediciones","post_excerpt":"","post_status":"publish","comment_status":"closed","ping_status":"closed","post_password":"","post_name":"maeva-ediciones","to_ping":"","pinged":"","post_modified":"2022-07-28 17:49:10","post_modified_gmt":"2022-07-28 15:49:10","post_content_filtered":"","post_parent":0,"guid":"http:\/\/dev.claret.cat\/editorial\/maeva-ediciones\/","menu_order":0,"post_type":"editorial","post_mime_type":"","comment_count":"0","filter":"raw"}],"autores-libros":[{"ID":157458,"post_author":"3","post_date":"2022-10-14 15:28:59","post_date_gmt":"2022-10-14 13:28:59","post_content":"","post_title":"HELEN PARIS","post_excerpt":"","post_status":"publish","comment_status":"closed","ping_status":"closed","post_password":"","post_name":"helen-paris","to_ping":"","pinged":"","post_modified":"2022-10-14 15:28:59","post_modified_gmt":"2022-10-14 13:28:59","post_content_filtered":"","post_parent":0,"guid":"http:\/\/dev.claret.cat\/autor\/helen-paris\/","menu_order":0,"post_type":"autor","post_mime_type":"","comment_count":"0","filter":"raw"}],"booktrailer":"","resenas":""},"aioseo_notices":[],"_links":{"self":[{"href":"https:\/\/www.claret.cat\/es\/wp-json\/wp\/v2\/product\/36892","targetHints":{"allow":["GET"]}}],"collection":[{"href":"https:\/\/www.claret.cat\/es\/wp-json\/wp\/v2\/product"}],"about":[{"href":"https:\/\/www.claret.cat\/es\/wp-json\/wp\/v2\/types\/product"}],"wp:featuredmedia":[{"embeddable":true,"href":"https:\/\/www.claret.cat\/es\/wp-json\/wp\/v2\/media\/1085455"}],"wp:attachment":[{"href":"https:\/\/www.claret.cat\/es\/wp-json\/wp\/v2\/media?parent=36892"}],"wp:term":[{"taxonomy":"product_brand","embeddable":true,"href":"https:\/\/www.claret.cat\/es\/wp-json\/wp\/v2\/product_brand?post=36892"},{"taxonomy":"product_cat","embeddable":true,"href":"https:\/\/www.claret.cat\/es\/wp-json\/wp\/v2\/product_cat?post=36892"},{"taxonomy":"product_tag","embeddable":true,"href":"https:\/\/www.claret.cat\/es\/wp-json\/wp\/v2\/product_tag?post=36892"}],"curies":[{"name":"wp","href":"https:\/\/api.w.org\/{rel}","templated":true}]}}