{"id":36904,"date":"2022-10-02T18:26:55","date_gmt":"2022-10-02T16:26:55","guid":{"rendered":"http:\/\/dev.claret.cat\/producte\/los-tipos-iconograficos-de-la-tradicion-cristiana-7\/"},"modified":"2023-10-06T10:17:53","modified_gmt":"2023-10-06T08:17:53","slug":"los-tipos-iconograficos-de-la-tradicion-cristiana-7-9788413391014","status":"publish","type":"product","link":"https:\/\/www.claret.cat\/es\/libro\/los-tipos-iconograficos-de-la-tradicion-cristiana-7-9788413391014\/","title":{"rendered":"LOS TIPOS ICONOGR\u00c1FICOS DE LA TRADICI\u00d3N CRISTIANA \/ 7"},"content":{"rendered":"<p>Este s\u00e9ptimo volumen de la colecci\u00f3n \u00abLos tipos iconogr\u00e1ficos de la tradici\u00f3n cristiana\u00bb es el primero de los seis de la mencionada colecci\u00f3n que estar\u00e1 dedicado al Nuevo Testamento en el arte cristiano.<br \/> Este primer volumen, dedicado de modo particular a figuras como Ad\u00e1n y Eva, Ca\u00edn y Abel, Abrah\u00e1n, Isaac y Sara, y episodios como el diluvio y la Torre de Babel, entre otros, tiene como referencia fundamental la Vulgata. Introduce al lector en las caracter\u00edsticas generales de la representaci\u00f3n del Nuevo Testamento en el arte cristiano y procura arrojar luz sobre los distintos significados de estos relatos b\u00edblicos originarios a trav\u00e9s de la visualidad de los mismos.<\/p>\n","protected":false},"excerpt":{"rendered":"<p>GARC\u00cdA MAH\u00cdQUES, RAFAEL \/ VIVES-FERR\u00c1NDIZ, LUIS \/ ESCALERA P\u00c9REZ, REYES \/ HERRA<\/p>\n","protected":false},"featured_media":269674,"template":"","meta":{"_acf_changed":false,"om_disable_all_campaigns":false,"rs_blank_template":"","rs_page_bg_color":"","slide_template_v7":"","inline_featured_image":false,"_monsterinsights_skip_tracking":false,"_monsterinsights_sitenote_active":false,"_monsterinsights_sitenote_note":"","_monsterinsights_sitenote_category":0},"product_brand":[],"product_cat":[545],"product_tag":[],"class_list":{"0":"post-36904","1":"product","2":"type-product","3":"status-publish","4":"has-post-thumbnail","6":"product_cat-santoral-1_espiritualidad-spa","8":"first","9":"instock","10":"taxable","11":"shipping-taxable","12":"purchasable","13":"product-type-simple"},"acf":{"autor":"GARC\u00cdA MAH\u00cdQUES, RAFAEL \/ VIVES-FERR\u00c1NDIZ, LUIS \/ ESCALERA P\u00c9REZ, REYES \/ HERRA","codart":"841339101","libros-coleccion":"FORA DE COL.LECCI\u00d3","ediciones":"1","encuadernacion":"Carton\u00e9","fecha_de_publicacion":"01\/03\/2022","novedad":"1","paginas":"888","subtitulo":"ANTIGUA ALIANZA I. LOS PATRIARCAS","orden":"0","portada":"0","idioma":"spa","editorial":[{"ID":6201,"post_author":"3","post_date":"2022-07-28 17:47:01","post_date_gmt":"2022-07-28 15:47:01","post_content":"","post_title":"Ediciones Encuentro","post_excerpt":"","post_status":"publish","comment_status":"closed","ping_status":"closed","post_password":"","post_name":"ediciones-encuentro","to_ping":"","pinged":"","post_modified":"2022-07-28 17:47:01","post_modified_gmt":"2022-07-28 15:47:01","post_content_filtered":"","post_parent":0,"guid":"http:\/\/dev.claret.cat\/editorial\/ediciones-encuentro\/","menu_order":0,"post_type":"editorial","post_mime_type":"","comment_count":"0","filter":"raw"}],"autores-libros":[{"ID":162786,"post_author":"3","post_date":"2022-10-14 17:33:48","post_date_gmt":"2022-10-14 15:33:48","post_content":"","post_title":"LUIS VIVES-FERR\u00c1NDIZ","post_excerpt":"","post_status":"publish","comment_status":"closed","ping_status":"closed","post_password":"","post_name":"luis-vives-ferrandiz","to_ping":"","pinged":"","post_modified":"2022-10-14 17:33:48","post_modified_gmt":"2022-10-14 15:33:48","post_content_filtered":"","post_parent":0,"guid":"http:\/\/dev.claret.cat\/autor\/luis-vives-ferrandiz\/","menu_order":0,"post_type":"autor","post_mime_type":"","comment_count":"0","filter":"raw"},{"ID":168007,"post_author":"3","post_date":"2022-10-14 18:15:47","post_date_gmt":"2022-10-14 16:15:47","post_content":"","post_title":"REYES ESCALERA P\u00c9REZ","post_excerpt":"","post_status":"publish","comment_status":"closed","ping_status":"closed","post_password":"","post_name":"reyes-escalera-perez","to_ping":"","pinged":"","post_modified":"2022-10-14 18:15:47","post_modified_gmt":"2022-10-14 16:15:47","post_content_filtered":"","post_parent":0,"guid":"http:\/\/dev.claret.cat\/autor\/reyes-escalera-perez\/","menu_order":0,"post_type":"autor","post_mime_type":"","comment_count":"0","filter":"raw"},{"ID":157566,"post_author":"3","post_date":"2022-10-14 15:29:51","post_date_gmt":"2022-10-14 13:29:51","post_content":"","post_title":"HERRA","post_excerpt":"","post_status":"publish","comment_status":"closed","ping_status":"closed","post_password":"","post_name":"herra","to_ping":"","pinged":"","post_modified":"2022-10-14 15:29:51","post_modified_gmt":"2022-10-14 13:29:51","post_content_filtered":"","post_parent":0,"guid":"http:\/\/dev.claret.cat\/autor\/herra\/","menu_order":0,"post_type":"autor","post_mime_type":"","comment_count":"0","filter":"raw"},{"ID":167579,"post_author":"3","post_date":"2022-10-14 18:12:20","post_date_gmt":"2022-10-14 16:12:20","post_content":"","post_title":"RAFAEL GARC\u00cdA MAH\u00cdQUES","post_excerpt":"","post_status":"publish","comment_status":"closed","ping_status":"closed","post_password":"","post_name":"rafael-garcia-mahiques","to_ping":"","pinged":"","post_modified":"2022-10-14 18:12:20","post_modified_gmt":"2022-10-14 16:12:20","post_content_filtered":"","post_parent":0,"guid":"http:\/\/dev.claret.cat\/autor\/rafael-garcia-mahiques\/","menu_order":0,"post_type":"autor","post_mime_type":"","comment_count":"0","filter":"raw"}]},"aioseo_notices":[],"_links":{"self":[{"href":"https:\/\/www.claret.cat\/es\/wp-json\/wp\/v2\/product\/36904","targetHints":{"allow":["GET"]}}],"collection":[{"href":"https:\/\/www.claret.cat\/es\/wp-json\/wp\/v2\/product"}],"about":[{"href":"https:\/\/www.claret.cat\/es\/wp-json\/wp\/v2\/types\/product"}],"wp:featuredmedia":[{"embeddable":true,"href":"https:\/\/www.claret.cat\/es\/wp-json\/wp\/v2\/media\/269674"}],"wp:attachment":[{"href":"https:\/\/www.claret.cat\/es\/wp-json\/wp\/v2\/media?parent=36904"}],"wp:term":[{"taxonomy":"product_brand","embeddable":true,"href":"https:\/\/www.claret.cat\/es\/wp-json\/wp\/v2\/product_brand?post=36904"},{"taxonomy":"product_cat","embeddable":true,"href":"https:\/\/www.claret.cat\/es\/wp-json\/wp\/v2\/product_cat?post=36904"},{"taxonomy":"product_tag","embeddable":true,"href":"https:\/\/www.claret.cat\/es\/wp-json\/wp\/v2\/product_tag?post=36904"}],"curies":[{"name":"wp","href":"https:\/\/api.w.org\/{rel}","templated":true}]}}