{"id":369222,"date":"2023-01-16T00:59:54","date_gmt":"2023-01-15T23:59:54","guid":{"rendered":"https:\/\/www.claret.cat\/llibre\/diccionario-de-pensadores-cristianos-9788499451060\/"},"modified":"2024-05-22T15:38:38","modified_gmt":"2024-05-22T13:38:38","slug":"diccionario-de-pensadores-cristianos-9788499451060","status":"publish","type":"product","link":"https:\/\/www.claret.cat\/es\/libro\/diccionario-de-pensadores-cristianos-9788499451060\/","title":{"rendered":"DICCIONARIO DE PENSADORES CRISTIANOS"},"content":{"rendered":"<p>Este diccionario recoge la vida y obra de m\u00e1s de mil pensadores cristianos que han definido la historia religiosa y cultural de Occidente. Entre ellos se incluyen no solamente te\u00f3logos, sino tambi\u00e9n fil\u00f3sofos, m\u00edsticos, literatos y hombres de iglesia, abriendo un abanico que va de Or\u00edgenes a Rahner, de Tom\u00e1s de Aquino a Edith Stein, de Lutero a Barth, de Hildegarda de Bingen a R. Girard, de Ignacio de Loyola a Teresa de Jes\u00fas, de Calder\u00f3n de la Barca a H. Urs von Balthasar, de D. Bonh\u00f6ffer a M. Luther King, por poner unos ejemplos. Es un diccionario que distingue entre personajes centrales (como Or\u00edgenes o Cervantes), a quienes se dedican varias p\u00e1ginas, y otros que parecen menos importantes, de quienes se ofrece s\u00f3lo una simple referencia, pero siempre con los datos b\u00e1sicos de su vida y obra. Es un diccionario universal, pero ha destacado la aportaci\u00f3n de m\u00e1s de cien mujeres que han influido de manera poderosa en la visi\u00f3n del cristianismo y que lo har\u00e1n a\u00fan m\u00e1s en el futuro. Quiere ser un diccionario internacional, aunque est\u00e1 escrito desde una perspectiva hispana y por eso otorga cierto predominio a los autores cat\u00f3licos de lengua castellana, sin olvidar otros espacios culturales antiguos (te\u00f3logos de lengua griega y latina) y modernos (autores que escriben ruso o alem\u00e1n, en ingl\u00e9s y en franc\u00e9s, etc.). Es un diccionario abierto, que ha querido recuperar la voz de muchos que en otro tiempo fueron rechazados o excluidos por extra\u00f1os o por heterodoxos.Se trata, finalmente, de un diccionario novedoso. Existen ciertamente algunas obras valiosas, que van en esta misma direcci\u00f3n, entre las que sobresale una de J. Bosch (Diccionario de te\u00f3logos contempor\u00e1neos, Burgos 2005). Pero no hay ninguna, de tipo manual, que cubra este espacio de pensadores, en l\u00ednea universal, desde una perspectiva castellana. Por eso nos parece importante su publicaci\u00f3n.Tanto la editorial como el autor (autores) han querido que sea un libro pedag\u00f3gico y que pueda utilizarse como enciclopedia del pensamiento cristiano, en sus diversos campos, a lo largo de la historia. Por eso ha dado una importancia especial a los diversos \u00edndices que facilitan y orientan su lectura y manejo.<\/p>\n","protected":false},"excerpt":{"rendered":"<p>PIKAZA, XABIER<\/p>\n","protected":false},"featured_media":373233,"template":"","meta":{"_acf_changed":false,"om_disable_all_campaigns":false,"rs_blank_template":"","rs_page_bg_color":"","slide_template_v7":"","inline_featured_image":false,"_monsterinsights_skip_tracking":false,"_monsterinsights_sitenote_active":false,"_monsterinsights_sitenote_note":"","_monsterinsights_sitenote_category":0},"product_brand":[],"product_cat":[90,540],"product_tag":[],"class_list":{"0":"post-369222","1":"product","2":"type-product","3":"status-publish","4":"has-post-thumbnail","6":"product_cat-altres","7":"product_cat-otros","9":"first","10":"instock","11":"taxable","12":"shipping-taxable","13":"purchasable","14":"product-type-simple"},"acf":{"editorial":[{"ID":6390,"post_author":"3","post_date":"2022-07-28 17:51:08","post_date_gmt":"2022-07-28 15:51:08","post_content":"","post_title":"VERBO DIVINO","post_excerpt":"","post_status":"publish","comment_status":"closed","ping_status":"closed","post_password":"","post_name":"verbo-divino","to_ping":"","pinged":"","post_modified":"2022-07-28 17:51:08","post_modified_gmt":"2022-07-28 15:51:08","post_content_filtered":"","post_parent":0,"guid":"http:\/\/dev.claret.cat\/editorial\/verbo-divino\/","menu_order":0,"post_type":"editorial","post_mime_type":"","comment_count":"0","filter":"raw"}],"autores-libros":[{"ID":171376,"post_author":"3","post_date":"2022-10-14 22:42:54","post_date_gmt":"2022-10-14 20:42:54","post_content":"","post_title":"XABIER PIKAZA","post_excerpt":"","post_status":"publish","comment_status":"closed","ping_status":"closed","post_password":"","post_name":"xabier-pikaza","to_ping":"","pinged":"","post_modified":"2022-10-14 22:42:54","post_modified_gmt":"2022-10-14 20:42:54","post_content_filtered":"","post_parent":0,"guid":"http:\/\/dev.claret.cat\/autor\/xabier-pikaza\/","menu_order":0,"post_type":"autor","post_mime_type":"","comment_count":"0","filter":"raw"}],"autor":"PIKAZA, XABIER","codart":"849945106","libros-coleccion":"","ediciones":"1","encuadernacion":"Carton\u00e9","fecha_de_publicacion":"28\/09\/2010","novedad":"0","paginas":"987","subtitulo":"","orden":"999","portada":"0","idioma":"spa"},"aioseo_notices":[],"_links":{"self":[{"href":"https:\/\/www.claret.cat\/es\/wp-json\/wp\/v2\/product\/369222","targetHints":{"allow":["GET"]}}],"collection":[{"href":"https:\/\/www.claret.cat\/es\/wp-json\/wp\/v2\/product"}],"about":[{"href":"https:\/\/www.claret.cat\/es\/wp-json\/wp\/v2\/types\/product"}],"wp:featuredmedia":[{"embeddable":true,"href":"https:\/\/www.claret.cat\/es\/wp-json\/wp\/v2\/media\/373233"}],"wp:attachment":[{"href":"https:\/\/www.claret.cat\/es\/wp-json\/wp\/v2\/media?parent=369222"}],"wp:term":[{"taxonomy":"product_brand","embeddable":true,"href":"https:\/\/www.claret.cat\/es\/wp-json\/wp\/v2\/product_brand?post=369222"},{"taxonomy":"product_cat","embeddable":true,"href":"https:\/\/www.claret.cat\/es\/wp-json\/wp\/v2\/product_cat?post=369222"},{"taxonomy":"product_tag","embeddable":true,"href":"https:\/\/www.claret.cat\/es\/wp-json\/wp\/v2\/product_tag?post=369222"}],"curies":[{"name":"wp","href":"https:\/\/api.w.org\/{rel}","templated":true}]}}