{"id":369302,"date":"2023-01-16T01:10:59","date_gmt":"2023-01-16T00:10:59","guid":{"rendered":"https:\/\/www.claret.cat\/llibre\/para-comprender-el-credo-de-nuestra-fe-9788499451442\/"},"modified":"2024-05-22T15:31:28","modified_gmt":"2024-05-22T13:31:28","slug":"para-comprender-el-credo-de-nuestra-fe-9788499451442","status":"publish","type":"product","link":"https:\/\/www.claret.cat\/es\/libro\/para-comprender-el-credo-de-nuestra-fe-9788499451442\/","title":{"rendered":"PARA COMPRENDER EL CREDO DE NUESTRA FE"},"content":{"rendered":"<p>Los cristianos creemos en Alguien, Jesucristo, no en algo. El cristianismo no es s\u00f3lo \u00e9tica, ni ritos, ni doctrinas. Es el encuentro, personal y eclesial, con el Hijo de Dios Resucitado. Un acontecimiento con m\u00e1s de veinte siglos. \u00bfD\u00f3nde encontramos formulada esta experiencia cristiana? En el Credo. \u00bfC\u00f3mo actualizar el contenido del Credo para los hombres y mujeres del siglo XXI? El papa Benedicto XVI lo ha venido haciendo con claridad y profundidad. Sin olvidar el Catecismo de la Iglesia. En la presente obra se expone cada uno de los art\u00edculos del Credo cristiano, de la mano del Papa y del Nuevo Catecismo Cat\u00f3lico. Tambi\u00e9n quiere ser una contribuci\u00f3n a la tarea encomendada al nuevo Dicasterio Romano para la Nueva Evangelizaci\u00f3n; un servicio a los cristianos de hoy, especialmente a los m\u00e1s j\u00f3venes, y una ayuda para los responsables de la iniciaci\u00f3n cristiana en nuestras comunidades.<\/p>\n","protected":false},"excerpt":{"rendered":"<p>BERZOSA MART\u00cdNEZ, RA\u00daL<\/p>\n","protected":false},"featured_media":373255,"template":"","meta":{"_acf_changed":false,"om_disable_all_campaigns":false,"rs_blank_template":"","rs_page_bg_color":"","slide_template_v7":"","inline_featured_image":false,"_monsterinsights_skip_tracking":false,"_monsterinsights_sitenote_active":false,"_monsterinsights_sitenote_note":"","_monsterinsights_sitenote_category":0},"product_brand":[],"product_cat":[90,540],"product_tag":[],"class_list":{"0":"post-369302","1":"product","2":"type-product","3":"status-publish","4":"has-post-thumbnail","6":"product_cat-altres","7":"product_cat-otros","9":"first","10":"instock","11":"taxable","12":"shipping-taxable","13":"purchasable","14":"product-type-simple"},"acf":{"editorial":[{"ID":6390,"post_author":"3","post_date":"2022-07-28 17:51:08","post_date_gmt":"2022-07-28 15:51:08","post_content":"","post_title":"VERBO DIVINO","post_excerpt":"","post_status":"publish","comment_status":"closed","ping_status":"closed","post_password":"","post_name":"verbo-divino","to_ping":"","pinged":"","post_modified":"2022-07-28 17:51:08","post_modified_gmt":"2022-07-28 15:51:08","post_content_filtered":"","post_parent":0,"guid":"http:\/\/dev.claret.cat\/editorial\/verbo-divino\/","menu_order":0,"post_type":"editorial","post_mime_type":"","comment_count":"0","filter":"raw"}],"autores-libros":[{"ID":167830,"post_author":"3","post_date":"2022-10-14 18:14:21","post_date_gmt":"2022-10-14 16:14:21","post_content":"","post_title":"RA\u00daL BERZOSA MART\u00cdNEZ","post_excerpt":"","post_status":"publish","comment_status":"closed","ping_status":"closed","post_password":"","post_name":"raul-berzosa-martinez","to_ping":"","pinged":"","post_modified":"2022-10-14 18:14:21","post_modified_gmt":"2022-10-14 16:14:21","post_content_filtered":"","post_parent":0,"guid":"http:\/\/dev.claret.cat\/autor\/raul-berzosa-martinez\/","menu_order":0,"post_type":"autor","post_mime_type":"","comment_count":"0","filter":"raw"}],"autor":"BERZOSA MART\u00cdNEZ, RA\u00daL","codart":"849945144","libros-coleccion":"","ediciones":"1","encuadernacion":"R\u00fastica","fecha_de_publicacion":"11\/02\/2011","novedad":"0","paginas":"167","subtitulo":"A LA LUZ DEL CATECISMO DE LA IGLESIA CAT\u00d3LICA Y LA DOCTRINA DEL PAPA BENEDICTO XVI","orden":"999","portada":"0","idioma":"spa"},"aioseo_notices":[],"_links":{"self":[{"href":"https:\/\/www.claret.cat\/es\/wp-json\/wp\/v2\/product\/369302","targetHints":{"allow":["GET"]}}],"collection":[{"href":"https:\/\/www.claret.cat\/es\/wp-json\/wp\/v2\/product"}],"about":[{"href":"https:\/\/www.claret.cat\/es\/wp-json\/wp\/v2\/types\/product"}],"wp:featuredmedia":[{"embeddable":true,"href":"https:\/\/www.claret.cat\/es\/wp-json\/wp\/v2\/media\/373255"}],"wp:attachment":[{"href":"https:\/\/www.claret.cat\/es\/wp-json\/wp\/v2\/media?parent=369302"}],"wp:term":[{"taxonomy":"product_brand","embeddable":true,"href":"https:\/\/www.claret.cat\/es\/wp-json\/wp\/v2\/product_brand?post=369302"},{"taxonomy":"product_cat","embeddable":true,"href":"https:\/\/www.claret.cat\/es\/wp-json\/wp\/v2\/product_cat?post=369302"},{"taxonomy":"product_tag","embeddable":true,"href":"https:\/\/www.claret.cat\/es\/wp-json\/wp\/v2\/product_tag?post=369302"}],"curies":[{"name":"wp","href":"https:\/\/api.w.org\/{rel}","templated":true}]}}