{"id":36937,"date":"2022-10-02T18:27:30","date_gmt":"2022-10-02T16:27:30","guid":{"rendered":"http:\/\/dev.claret.cat\/producte\/mas-alla-del-invierno-edicion-limitada-a-un-precio-especial\/"},"modified":"2023-10-06T09:20:16","modified_gmt":"2023-10-06T07:20:16","slug":"mas-alla-del-invierno-edicion-limitada-a-un-precio-especial-9788466360654","status":"publish","type":"product","link":"https:\/\/www.claret.cat\/es\/libro\/mas-alla-del-invierno-edicion-limitada-a-un-precio-especial-9788466360654\/","title":{"rendered":"M\u00c1S ALL\u00c1 DEL INVIERNO (EDICI\u00d3N LIMITADA A UN PRECIO ESPECIAL)"},"content":{"rendered":"<p>Una de las historias m\u00e1s personales de Isabel Allende, repleta de emoci\u00f3n, amor y segundas oportunidades. Isabel Allende parte de la c\u00e9lebre cita de Albert Camus -\u00aben medio del  invierno aprend\u00ed por fin que hab\u00eda en m\u00ed un verano invencible\u00bb- para  urdir una trama que presenta la geograf\u00eda humana de unos personajes  propios de la Am\u00e9rica de hoy que se hallan \u00aben el m\u00e1s profundo invierno  de sus vidas\u00bb: una chilena, una joven guatemalteca ilegal y un maduro  norteamericano. Los tres sobreviven a un terrible temporal de nieve que  cae en pleno invierno sobre Nueva York y acaban aprendiendo que m\u00e1s all\u00e1  del invierno hay sitio para el amor inesperado y para el verano invencible que siempre ofrece la vida cuando menos se espera. M\u00e1s all\u00e1 del invierno es una de las historias m\u00e1s personales de  Isabel Allende: una obra absolutamente actual que aborda la realidad de  la emigraci\u00f3n y la identidad de la Am\u00e9rica de hoy a trav\u00e9s de unos  personajes que encuentran la esperanza en el amor y en las segundas oportunidades. Rese\u00f1as:<br \/>\u00abM\u00e1s all\u00e1 del invierno es una novela abundante en denuncias  sociales e ideol\u00f3gicas. Isabel Allende nos ofrece en este libro un  completo men\u00fa narrativo como lectura vacacional; un verano incencible o  por lo menos ameno y socialmente concienciado con su vitalidad literaria y existencia.\u00bb<br \/>El Correo Espa\u00f1ol \u00abLos amantes del best seller est\u00e1n de enhorabuena: ha vuelto  Isabel Allende con una novela de las suyas, repleta de emoci\u00f3n y amor.\u00bb<br \/>El Cultural En los blogs&#8230;<br \/>\u00abYo disfruto con estas historias que nos cuenta Allende, cuya tem\u00e1tica  va derivando lentamente al tema de la vejez, visto eso s\u00ed, con una vitalidad y una alegr\u00eda contagiosa.\u00bb<br \/>Blog El b\u00faho entre libros \u00abEncontramos aqu\u00ed a la Allende m\u00e1s personal, que vuelve a tratar temas  universales como la soledad, la muerte, el amor, las segundas  oportunidades y, sobre todo, esas historias personales que aparentemente  no tienen nada que ver pero se unen para demostrar que las bonitas casualidades existen.\u00bb<br \/>Blog Lecturafilia \u00abCada d\u00eda que pasa m\u00e1s me convenzo de que Isabel Allende es una de mis  autoras favoritas. Os animo a que os inici\u00e9is con ella porque no os  defraudar\u00e1. Es capaz de meter temas de actualidad sin perder ni un \u00e1pice su manera de escribir.\u00bb<br \/>Blog Te deseo un libro \u00abIsabel Allende siempre nos hace dar un paseo muy, muy agradable por sus  historias con esa forma de contar suya tan sencilla y tan sentimental.\u00bb<br \/>Roc\u00edo D\u00edaz G\u00f3mez \u00ab[&#8230;]He conectado completamente con sus personajes e historias y me ha encantado este reencuentro con Isabel Allende.\u00bb<br \/>Blog  Adivina Qui\u00e9n lee \u00abComo siempre, me ha gustado mucho leer a Isabel Allende, reconocer su  estilo sencillo, cercano, con ese toque de humor, siempre aprovechando  la realidad que la rodea para construir un nuevo libro con el que hacernos disfrutar.\u00bb<br \/>Blog Bit\u00e1coras de mis lecturas<\/p>\n","protected":false},"excerpt":{"rendered":"<p>ALLENDE, ISABEL<\/p>\n","protected":false},"featured_media":54329,"template":"","meta":{"_acf_changed":false,"om_disable_all_campaigns":false,"rs_blank_template":"","rs_page_bg_color":"","slide_template_v7":"","inline_featured_image":false,"_monsterinsights_skip_tracking":false,"_monsterinsights_sitenote_active":false,"_monsterinsights_sitenote_note":"","_monsterinsights_sitenote_category":0},"product_brand":[],"product_cat":[357],"product_tag":[],"class_list":{"0":"post-36937","1":"product","2":"type-product","3":"status-publish","4":"has-post-thumbnail","6":"product_cat-novela-contemporanea","8":"first","9":"instock","10":"taxable","11":"shipping-taxable","12":"purchasable","13":"product-type-simple"},"acf":{"autor":"ALLENDE, ISABEL","codart":"846636065","libros-coleccion":"CAMPA\u00d1AS","ediciones":"1","encuadernacion":"R\u00fastica","fecha_de_publicacion":"01\/05\/2022","novedad":"1","paginas":"349","subtitulo":"","orden":"0","portada":"0","idioma":"spa","editorial":[{"ID":6178,"post_author":"3","post_date":"2022-07-28 17:46:34","post_date_gmt":"2022-07-28 15:46:34","post_content":"","post_title":"DEBOLSILLO","post_excerpt":"","post_status":"publish","comment_status":"closed","ping_status":"closed","post_password":"","post_name":"debolsillo","to_ping":"","pinged":"","post_modified":"2022-07-28 17:46:34","post_modified_gmt":"2022-07-28 15:46:34","post_content_filtered":"","post_parent":0,"guid":"http:\/\/dev.claret.cat\/editorial\/debolsillo\/","menu_order":0,"post_type":"editorial","post_mime_type":"","comment_count":"0","filter":"raw"}],"autores-libros":[{"ID":158046,"post_author":"3","post_date":"2022-10-14 15:33:43","post_date_gmt":"2022-10-14 13:33:43","post_content":"","post_title":"ISABEL ALLENDE","post_excerpt":"","post_status":"publish","comment_status":"closed","ping_status":"closed","post_password":"","post_name":"isabel-allende","to_ping":"","pinged":"","post_modified":"2022-10-14 15:33:43","post_modified_gmt":"2022-10-14 13:33:43","post_content_filtered":"","post_parent":0,"guid":"http:\/\/dev.claret.cat\/autor\/isabel-allende\/","menu_order":0,"post_type":"autor","post_mime_type":"","comment_count":"0","filter":"raw"}]},"aioseo_notices":[],"_links":{"self":[{"href":"https:\/\/www.claret.cat\/es\/wp-json\/wp\/v2\/product\/36937","targetHints":{"allow":["GET"]}}],"collection":[{"href":"https:\/\/www.claret.cat\/es\/wp-json\/wp\/v2\/product"}],"about":[{"href":"https:\/\/www.claret.cat\/es\/wp-json\/wp\/v2\/types\/product"}],"wp:featuredmedia":[{"embeddable":true,"href":"https:\/\/www.claret.cat\/es\/wp-json\/wp\/v2\/media\/54329"}],"wp:attachment":[{"href":"https:\/\/www.claret.cat\/es\/wp-json\/wp\/v2\/media?parent=36937"}],"wp:term":[{"taxonomy":"product_brand","embeddable":true,"href":"https:\/\/www.claret.cat\/es\/wp-json\/wp\/v2\/product_brand?post=36937"},{"taxonomy":"product_cat","embeddable":true,"href":"https:\/\/www.claret.cat\/es\/wp-json\/wp\/v2\/product_cat?post=36937"},{"taxonomy":"product_tag","embeddable":true,"href":"https:\/\/www.claret.cat\/es\/wp-json\/wp\/v2\/product_tag?post=36937"}],"curies":[{"name":"wp","href":"https:\/\/api.w.org\/{rel}","templated":true}]}}