{"id":369387,"date":"2023-01-16T01:15:52","date_gmt":"2023-01-16T00:15:52","guid":{"rendered":"https:\/\/www.claret.cat\/llibre\/evangelio-de-marcos-la-buena-noticia-de-jesus-9788499452258\/"},"modified":"2025-11-24T11:55:30","modified_gmt":"2025-11-24T10:55:30","slug":"evangelio-de-marcos-la-buena-noticia-de-jesus-9788499452258","status":"publish","type":"product","link":"https:\/\/www.claret.cat\/es\/libro\/evangelio-de-marcos-la-buena-noticia-de-jesus-9788499452258\/","title":{"rendered":"EVANGELIO DE MARCOS &#8211; LA BUENA NOTICIA DE JES\u00daS"},"content":{"rendered":"<p>Este libro ofrece tres aportaciones: a) En un plano hist\u00f3rico, sit\u00faa el evangelio en el contexto de la Guerra Jud\u00eda (66-70 d.C.), desde el interior del despliegue de las comunidades cristianas. b) En un plano teol\u00f3gico, pone de relieve la aportaci\u00f3n de Marcos en el despliegue de la identidad y conciencia de la Iglesia, al identificar al Cristo pascual (resucitado) con el mismo Jes\u00fas de la historia. c) En un plano literario, respeta el car\u00e1cter narrativo del texto: Marcos no razona, ni demuestra, sino que cuenta la historia de Jes\u00fas, instituyendo de esa forma su figura, como punto de partida y centro del cristianismo.<\/p>\n","protected":false},"excerpt":{"rendered":"<p>PIKAZA, XABIER<\/p>\n","protected":false},"featured_media":1067932,"template":"","meta":{"_acf_changed":false,"om_disable_all_campaigns":false,"rs_blank_template":"","rs_page_bg_color":"","slide_template_v7":"","inline_featured_image":false,"_monsterinsights_skip_tracking":false,"_monsterinsights_sitenote_active":false,"_monsterinsights_sitenote_note":"","_monsterinsights_sitenote_category":0},"product_brand":[],"product_cat":[75,341],"product_tag":[],"class_list":{"0":"post-369387","1":"product","2":"type-product","3":"status-publish","4":"has-post-thumbnail","6":"product_cat-biblia","7":"product_cat-biblia-es","9":"first","10":"instock","11":"taxable","12":"shipping-taxable","13":"purchasable","14":"product-type-simple"},"acf":{"editorial":[{"ID":6390,"post_author":"3","post_date":"2022-07-28 17:51:08","post_date_gmt":"2022-07-28 15:51:08","post_content":"","post_title":"VERBO DIVINO","post_excerpt":"","post_status":"publish","comment_status":"closed","ping_status":"closed","post_password":"","post_name":"verbo-divino","to_ping":"","pinged":"","post_modified":"2022-07-28 17:51:08","post_modified_gmt":"2022-07-28 15:51:08","post_content_filtered":"","post_parent":0,"guid":"http:\/\/dev.claret.cat\/editorial\/verbo-divino\/","menu_order":0,"post_type":"editorial","post_mime_type":"","comment_count":"0","filter":"raw"}],"autores-libros":[{"ID":171376,"post_author":"3","post_date":"2022-10-14 22:42:54","post_date_gmt":"2022-10-14 20:42:54","post_content":"","post_title":"XABIER PIKAZA","post_excerpt":"","post_status":"publish","comment_status":"closed","ping_status":"closed","post_password":"","post_name":"xabier-pikaza","to_ping":"","pinged":"","post_modified":"2022-10-14 22:42:54","post_modified_gmt":"2022-10-14 20:42:54","post_content_filtered":"","post_parent":0,"guid":"http:\/\/dev.claret.cat\/autor\/xabier-pikaza\/","menu_order":0,"post_type":"autor","post_mime_type":"","comment_count":"0","filter":"raw"}],"autor":"PIKAZA, XABIER","codart":"849945225","libros-coleccion":"","ediciones":"1","encuadernacion":"Carton\u00e9","fecha_de_publicacion":"14\/06\/2012","novedad":"0","paginas":"1202","subtitulo":"COMENTARIOS AL NUEVO TESTAMENTO","orden":"999","portada":"0","idioma":"spa","booktrailer":"","resenas":""},"aioseo_notices":[],"_links":{"self":[{"href":"https:\/\/www.claret.cat\/es\/wp-json\/wp\/v2\/product\/369387","targetHints":{"allow":["GET"]}}],"collection":[{"href":"https:\/\/www.claret.cat\/es\/wp-json\/wp\/v2\/product"}],"about":[{"href":"https:\/\/www.claret.cat\/es\/wp-json\/wp\/v2\/types\/product"}],"wp:featuredmedia":[{"embeddable":true,"href":"https:\/\/www.claret.cat\/es\/wp-json\/wp\/v2\/media\/1067932"}],"wp:attachment":[{"href":"https:\/\/www.claret.cat\/es\/wp-json\/wp\/v2\/media?parent=369387"}],"wp:term":[{"taxonomy":"product_brand","embeddable":true,"href":"https:\/\/www.claret.cat\/es\/wp-json\/wp\/v2\/product_brand?post=369387"},{"taxonomy":"product_cat","embeddable":true,"href":"https:\/\/www.claret.cat\/es\/wp-json\/wp\/v2\/product_cat?post=369387"},{"taxonomy":"product_tag","embeddable":true,"href":"https:\/\/www.claret.cat\/es\/wp-json\/wp\/v2\/product_tag?post=369387"}],"curies":[{"name":"wp","href":"https:\/\/api.w.org\/{rel}","templated":true}]}}