{"id":36976,"date":"2022-10-02T18:28:15","date_gmt":"2022-10-02T16:28:15","guid":{"rendered":"http:\/\/dev.claret.cat\/producte\/el-curioso-incidente-del-perro-a-medianoche-edicion-limitada-a-un-precio-especi\/"},"modified":"2023-10-06T09:08:58","modified_gmt":"2023-10-06T07:08:58","slug":"el-curioso-incidente-del-perro-a-medianoche-edicion-limitada-a-un-precio-especi-9788418173936","status":"publish","type":"product","link":"https:\/\/www.claret.cat\/es\/libro\/el-curioso-incidente-del-perro-a-medianoche-edicion-limitada-a-un-precio-especi-9788418173936\/","title":{"rendered":"EL CURIOSO INCIDENTE DEL PERRO A MEDIANOCHE (EDICI\u00d3N LIMITADA A UN PRECIO ESPECI"},"content":{"rendered":"<p>Una novela que no se parece a ninguna otra.   Elogiada con entusiasmo por autores consagrados como Oliver Sacks e  Ian McEwan y ganadora del Premio Whitbread y el Premio de la  Commonwealth al Mejor Primer Libro, ha merecido la aprobaci\u00f3n masiva de los lectores en todos los pa\u00edses donde se ha publicado. Su protagonista, Christopher Boone, es uno de los m\u00e1s originales que han  surgido en el panorama de la narrativa internacional en los \u00faltimos  a\u00f1os, y est\u00e1 destinado a convertirse en un h\u00e9roe literario universal de  la talla de Oliver Twist y Holden Caulfield. A sus quince a\u00f1os,  Christopher conoce las capitales de todos los pa\u00edses del mundo, puede  explicar la teor\u00eda de la relatividad y recitar los n\u00fameros primos hasta  el 7.507, pero le cuesta relacionarse con otros seres humanos. Le gustan  las listas, los esquemas y la verdad, pero odia el amarillo, el marr\u00f3n y  el contacto f\u00edsico. Si bien nunca ha ido solo m\u00e1s all\u00e1 de la tienda de  la esquina, la noche que el perro de una vecina aparece atravesado por  un horc\u00f3n, Christopher decide iniciar la b\u00fasqueda del culpable. Emulando a su admirado Sherlock Holmes -el modelo de detective  obsesionado con el an\u00e1lisis de los hechos-, sus pesquisas lo llevar\u00e1n a  cuestionar el sentido com\u00fan de los adultos que lo rodean y a desvelar  algunos secretos familiares que pondr\u00e1n patas arriba su ordenado y seguro mundo. Rese\u00f1as:<br \/>\u00abConmovedora, veros\u00edmil y muy divertida.\u00bb<br \/>Oliver Sacks \u00abSoberbia. Mark Haddon escribe con sabidur\u00eda y sentido del humor.\u00bb<br \/>Ian McEwan \u00abNo pierdan la oportunidad de mirar el mundo a trav\u00e9s de sus ojos.\u00bb<br \/>El Peri\u00f3dico \u00abUn narrador absolutamente singular.\u00bb<br \/>Territorios \u00abObra perfecta.\u00bb<br \/>Caballo Verde \u00abReflexiones de una belleza y una profundidad inusuales.\u00bb<br \/>Babelia \u00abP\u00e1ginas llenas de ternura.\u00bb<br \/>El Cultural \u00abUn libro apasionante.\u00bb<br \/>Blanco y Negro Cultural \u00abExcepcional. Al mirar a trav\u00e9s de los ojos de Christopher, vemos el mundo con mayor claridad y nos comprendemos mejor a nosotros mismos. \u00bfQu\u00e9 m\u00e1s se puede pedir a un libro?\u00bb<br \/>The Sunday Telegraph<\/p>\n","protected":false},"excerpt":{"rendered":"<p>HADDON, MARK<\/p>\n","protected":false},"featured_media":453297,"template":"","meta":{"_acf_changed":false,"om_disable_all_campaigns":false,"rs_blank_template":"","rs_page_bg_color":"","slide_template_v7":"","inline_featured_image":false,"_monsterinsights_skip_tracking":false,"_monsterinsights_sitenote_active":false,"_monsterinsights_sitenote_note":"","_monsterinsights_sitenote_category":0},"product_brand":[],"product_cat":[357],"product_tag":[],"class_list":{"0":"post-36976","1":"product","2":"type-product","3":"status-publish","4":"has-post-thumbnail","6":"product_cat-novela-contemporanea","8":"first","9":"instock","10":"taxable","11":"shipping-taxable","12":"purchasable","13":"product-type-simple"},"acf":{"autor":"HADDON, MARK","codart":"841817393","libros-coleccion":"FORA DE COL.LECCI\u00d3","ediciones":"1","encuadernacion":"R\u00fastica","fecha_de_publicacion":"01\/05\/2022","novedad":"1","paginas":"268","subtitulo":"","orden":"0","portada":"0","idioma":"spa","editorial":[{"ID":6353,"post_author":"3","post_date":"2022-07-28 17:50:22","post_date_gmt":"2022-07-28 15:50:22","post_content":"","post_title":"Salamandra Bolsillo","post_excerpt":"","post_status":"publish","comment_status":"closed","ping_status":"closed","post_password":"","post_name":"salamandra-bolsillo","to_ping":"","pinged":"","post_modified":"2022-07-28 17:50:22","post_modified_gmt":"2022-07-28 15:50:22","post_content_filtered":"","post_parent":0,"guid":"http:\/\/dev.claret.cat\/editorial\/salamandra-bolsillo\/","menu_order":0,"post_type":"editorial","post_mime_type":"","comment_count":"0","filter":"raw"}],"autores-libros":[{"ID":164070,"post_author":"3","post_date":"2022-10-14 17:44:07","post_date_gmt":"2022-10-14 15:44:07","post_content":"","post_title":"MARK HADDON","post_excerpt":"","post_status":"publish","comment_status":"closed","ping_status":"closed","post_password":"","post_name":"mark-haddon","to_ping":"","pinged":"","post_modified":"2022-10-14 17:44:07","post_modified_gmt":"2022-10-14 15:44:07","post_content_filtered":"","post_parent":0,"guid":"http:\/\/dev.claret.cat\/autor\/mark-haddon\/","menu_order":0,"post_type":"autor","post_mime_type":"","comment_count":"0","filter":"raw"}]},"aioseo_notices":[],"_links":{"self":[{"href":"https:\/\/www.claret.cat\/es\/wp-json\/wp\/v2\/product\/36976","targetHints":{"allow":["GET"]}}],"collection":[{"href":"https:\/\/www.claret.cat\/es\/wp-json\/wp\/v2\/product"}],"about":[{"href":"https:\/\/www.claret.cat\/es\/wp-json\/wp\/v2\/types\/product"}],"wp:featuredmedia":[{"embeddable":true,"href":"https:\/\/www.claret.cat\/es\/wp-json\/wp\/v2\/media\/453297"}],"wp:attachment":[{"href":"https:\/\/www.claret.cat\/es\/wp-json\/wp\/v2\/media?parent=36976"}],"wp:term":[{"taxonomy":"product_brand","embeddable":true,"href":"https:\/\/www.claret.cat\/es\/wp-json\/wp\/v2\/product_brand?post=36976"},{"taxonomy":"product_cat","embeddable":true,"href":"https:\/\/www.claret.cat\/es\/wp-json\/wp\/v2\/product_cat?post=36976"},{"taxonomy":"product_tag","embeddable":true,"href":"https:\/\/www.claret.cat\/es\/wp-json\/wp\/v2\/product_tag?post=36976"}],"curies":[{"name":"wp","href":"https:\/\/api.w.org\/{rel}","templated":true}]}}