{"id":370147,"date":"2023-01-16T02:45:22","date_gmt":"2023-01-16T01:45:22","guid":{"rendered":"https:\/\/www.claret.cat\/llibre\/el-embaucador-9788700133396\/"},"modified":"2024-07-10T12:55:40","modified_gmt":"2024-07-10T10:55:40","slug":"el-embaucador-9788700133396","status":"publish","type":"product","link":"https:\/\/www.claret.cat\/es\/libro\/el-embaucador-9788700133396\/","title":{"rendered":"EL EMBAUCADOR"},"content":{"rendered":"","protected":false},"excerpt":{"rendered":"<p>PIFARR\u00c9, LLU\u00cdS<\/p>\n","protected":false},"featured_media":974271,"template":"","meta":{"_acf_changed":false,"om_disable_all_campaigns":false,"rs_blank_template":"","rs_page_bg_color":"","slide_template_v7":"","inline_featured_image":false,"_monsterinsights_skip_tracking":false,"_monsterinsights_sitenote_active":false,"_monsterinsights_sitenote_note":"","_monsterinsights_sitenote_category":0},"product_brand":[],"product_cat":[542,92],"product_tag":[],"class_list":{"0":"post-370147","1":"product","2":"type-product","3":"status-publish","4":"has-post-thumbnail","6":"product_cat-vida-religiosa-1_espiritualidad-spa","7":"product_cat-vida-religiosa","9":"first","10":"instock","11":"taxable","12":"shipping-taxable","13":"purchasable","14":"product-type-simple"},"acf":{"autores-libros":[{"ID":348852,"post_author":"3","post_date":"2023-01-14 05:02:46","post_date_gmt":"2023-01-14 04:02:46","post_content":"","post_title":"LLU\u00cdS PIFARRE","post_excerpt":"","post_status":"publish","comment_status":"closed","ping_status":"closed","post_password":"","post_name":"lluis-pifarre","to_ping":"","pinged":"","post_modified":"2023-01-14 05:02:46","post_modified_gmt":"2023-01-14 04:02:46","post_content_filtered":"","post_parent":0,"guid":"https:\/\/www.claret.cat\/autor\/lluis-pifarre\/","menu_order":0,"post_type":"autor","post_mime_type":"","comment_count":"0","filter":"raw"}],"autor":"PIFARR\u00c9, LLU\u00cdS","codart":"870013339","libros-coleccion":"","ediciones":"1","encuadernacion":"R\u00fastica","fecha_de_publicacion":"20\/04\/2012","novedad":"0","paginas":"290","subtitulo":"PIERRE PLANTARD PRECURSOR DE EL ENIGMA SAGRADO Y EL C\u00d3DIGO DA VINCI","orden":"999","portada":"0","idioma":"spa","editorial":[{"ID":387457,"post_author":"3","post_date":"2023-02-13 10:59:32","post_date_gmt":"2023-02-13 09:59:32","post_content":"","post_title":"EDITORIAL MRR","post_excerpt":"","post_status":"publish","comment_status":"closed","ping_status":"closed","post_password":"","post_name":"editorial-mrr","to_ping":"","pinged":"","post_modified":"2023-02-13 10:59:32","post_modified_gmt":"2023-02-13 09:59:32","post_content_filtered":"","post_parent":0,"guid":"https:\/\/www.claret.cat\/editorial\/editorial-mrr\/","menu_order":0,"post_type":"editorial","post_mime_type":"","comment_count":"0","filter":"raw"}]},"aioseo_notices":[],"_links":{"self":[{"href":"https:\/\/www.claret.cat\/es\/wp-json\/wp\/v2\/product\/370147","targetHints":{"allow":["GET"]}}],"collection":[{"href":"https:\/\/www.claret.cat\/es\/wp-json\/wp\/v2\/product"}],"about":[{"href":"https:\/\/www.claret.cat\/es\/wp-json\/wp\/v2\/types\/product"}],"wp:featuredmedia":[{"embeddable":true,"href":"https:\/\/www.claret.cat\/es\/wp-json\/wp\/v2\/media\/974271"}],"wp:attachment":[{"href":"https:\/\/www.claret.cat\/es\/wp-json\/wp\/v2\/media?parent=370147"}],"wp:term":[{"taxonomy":"product_brand","embeddable":true,"href":"https:\/\/www.claret.cat\/es\/wp-json\/wp\/v2\/product_brand?post=370147"},{"taxonomy":"product_cat","embeddable":true,"href":"https:\/\/www.claret.cat\/es\/wp-json\/wp\/v2\/product_cat?post=370147"},{"taxonomy":"product_tag","embeddable":true,"href":"https:\/\/www.claret.cat\/es\/wp-json\/wp\/v2\/product_tag?post=370147"}],"curies":[{"name":"wp","href":"https:\/\/api.w.org\/{rel}","templated":true}]}}