{"id":370179,"date":"2023-01-16T02:51:42","date_gmt":"2023-01-16T01:51:42","guid":{"rendered":"https:\/\/www.claret.cat\/llibre\/dvd-de-la-beatificacion-de-498-martires-del-sxx-en-espana-9849500010093\/"},"modified":"2024-05-22T14:18:41","modified_gmt":"2024-05-22T12:18:41","slug":"dvd-de-la-beatificacion-de-498-martires-del-sxx-en-espana-9849500010093","status":"publish","type":"product","link":"https:\/\/www.claret.cat\/es\/libro\/dvd-de-la-beatificacion-de-498-martires-del-sxx-en-espana-9849500010093\/","title":{"rendered":"DVD DE LA BEATIFICACI\u00d3N DE 498 M\u00c1RTIRES DEL S.XX EN ESPA\u00d1A"},"content":{"rendered":"<p>DVD oficial de la beatificaci\u00f3n de 498 m\u00e1rtires del siglo XX en Espa\u00f1a. Las mejores im\u00e1genes y testimonios de tres d\u00edas inolvidables.<\/p>\n","protected":false},"excerpt":{"rendered":"<p>EDICE<\/p>\n","protected":false},"featured_media":0,"template":"","meta":{"_acf_changed":false,"om_disable_all_campaigns":false,"rs_blank_template":"","rs_page_bg_color":"","slide_template_v7":"","inline_featured_image":false,"_monsterinsights_skip_tracking":false,"_monsterinsights_sitenote_active":false,"_monsterinsights_sitenote_note":"","_monsterinsights_sitenote_category":0},"product_brand":[],"product_cat":[90,540],"product_tag":[],"class_list":{"0":"post-370179","1":"product","2":"type-product","3":"status-publish","5":"product_cat-altres","6":"product_cat-otros","8":"first","9":"instock","10":"taxable","11":"shipping-taxable","12":"purchasable","13":"product-type-simple"},"acf":{"editorial":[{"ID":6194,"post_author":"3","post_date":"2022-07-28 17:46:55","post_date_gmt":"2022-07-28 15:46:55","post_content":"","post_title":"EDICE - Conf. Episc.","post_excerpt":"","post_status":"publish","comment_status":"closed","ping_status":"closed","post_password":"","post_name":"edice-conf-episc","to_ping":"","pinged":"","post_modified":"2022-07-28 17:46:55","post_modified_gmt":"2022-07-28 15:46:55","post_content_filtered":"","post_parent":0,"guid":"http:\/\/dev.claret.cat\/editorial\/edice-conf-episc\/","menu_order":0,"post_type":"editorial","post_mime_type":"","comment_count":"0","filter":"raw"}],"autores-libros":[{"ID":5416,"post_author":"3","post_date":"2022-07-28 17:23:29","post_date_gmt":"2022-07-28 15:23:29","post_content":"","post_title":"EDICE","post_excerpt":"","post_status":"publish","comment_status":"closed","ping_status":"closed","post_password":"","post_name":"edice","to_ping":"","pinged":"","post_modified":"2022-07-28 17:23:29","post_modified_gmt":"2022-07-28 15:23:29","post_content_filtered":"","post_parent":0,"guid":"http:\/\/dev.claret.cat\/autor\/edice\/","menu_order":0,"post_type":"autor","post_mime_type":"","comment_count":"0","filter":"raw"}],"autor":"EDICE","codart":"950001009","libros-coleccion":"","ediciones":"1","encuadernacion":"","fecha_de_publicacion":"30\/10\/2008","novedad":"0","paginas":"1","subtitulo":"ROMA 27, 28 y 29 de octubre de 2007","orden":"999","portada":"0","idioma":"spa"},"aioseo_notices":[],"_links":{"self":[{"href":"https:\/\/www.claret.cat\/es\/wp-json\/wp\/v2\/product\/370179","targetHints":{"allow":["GET"]}}],"collection":[{"href":"https:\/\/www.claret.cat\/es\/wp-json\/wp\/v2\/product"}],"about":[{"href":"https:\/\/www.claret.cat\/es\/wp-json\/wp\/v2\/types\/product"}],"wp:attachment":[{"href":"https:\/\/www.claret.cat\/es\/wp-json\/wp\/v2\/media?parent=370179"}],"wp:term":[{"taxonomy":"product_brand","embeddable":true,"href":"https:\/\/www.claret.cat\/es\/wp-json\/wp\/v2\/product_brand?post=370179"},{"taxonomy":"product_cat","embeddable":true,"href":"https:\/\/www.claret.cat\/es\/wp-json\/wp\/v2\/product_cat?post=370179"},{"taxonomy":"product_tag","embeddable":true,"href":"https:\/\/www.claret.cat\/es\/wp-json\/wp\/v2\/product_tag?post=370179"}],"curies":[{"name":"wp","href":"https:\/\/api.w.org\/{rel}","templated":true}]}}