{"id":37027,"date":"2022-10-02T18:29:10","date_gmt":"2022-10-02T16:29:10","guid":{"rendered":"http:\/\/dev.claret.cat\/producte\/cuaderno-de-trabajo-de-los-pensamientos-negativos\/"},"modified":"2025-09-19T17:28:54","modified_gmt":"2025-09-19T15:28:54","slug":"cuaderno-de-trabajo-de-los-pensamientos-negativos-9788433031792","status":"publish","type":"product","link":"https:\/\/www.claret.cat\/es\/libro\/cuaderno-de-trabajo-de-los-pensamientos-negativos-9788433031792\/","title":{"rendered":"CUADERNO DE TRABAJO DE LOS PENSAMIENTOS NEGATIVOS"},"content":{"rendered":"<p>Una gu\u00eda excepcional que ayuda a las personas a liberarse de los pensamientos dolorosos que hacen la vida miserable. Lectura esencial para todos los que tienen una mente pegajosa.-Doctor Martin N. Seif, ABPP, fundador de la Asociaci\u00f3n de Ansiedad y Depresi\u00f3n de los Estados Unidos (ADAA)<br \/> Rompa el ciclo del pensamiento negativo repetitivo y lib\u00e9rese de la angustia emocional. Descubra formas poderosas de:-Detectar sus propias trampas de pensamiento.-Hacer frente a la preocupaci\u00f3n y la ansiedad.-Detener la rumiaci\u00f3n antes de que se apodere de usted.-Enfrentarse a la verg\u00fcenza y superar el arrepentimiento.-Liberarse del resentimiento.<br \/> Si padece ansiedad o depresi\u00f3n, es probable que tambi\u00e9n tenga pensamientos repetitivos, angustiosos y no deseados. Estos pensamientos negativos se basan a menudo en la ira, la culpa, la verg\u00fcenza, la preocupaci\u00f3n, la humillaci\u00f3n, el resentimiento o el arrepentimiento. Y cuanto m\u00e1s intenta controlar estos pensamientos, m\u00e1s parecen escapar a su control. Entonces, \u00bfc\u00f3mo puede liberarse de esta trampa mental autodestructiva y experimentar una paz y un alivio duraderos?<br \/> Esta gu\u00eda pr\u00e1ctica, basada en estrategias eficaces de terapia cognitivo conductual (TCC), describe un enfoque transdiagn\u00f3stico para manejar los pensamientos que impulsan su angustia emocional y amenazan su salud mental y su bienestar. Usted no est\u00e1 condenado a una vida de pensamientos constantes, ca\u00f3ticos o perturbadores. Si est\u00e1 preparado para refugiarse de la tormenta que hay dentro de su cabeza, las actividades de este cuaderno de trabajo, basado en pruebas, de f\u00e1cil comprensi\u00f3n, le ayudar\u00e1n a obtener el control de sus ciclos de pensamiento negativo.<br \/> David A. Clark, PhD es psic\u00f3logo cl\u00ednico y profesor em\u00e9rito de la Universidad de New Brunswick. Es autor o coautor de varios libros sobre la depresi\u00f3n, la ansiedad y el trastorno obsesivo compulsivo (TOC), entre ellos Manual pr\u00e1ctico para la ansiedad y las preocupaciones: la soluci\u00f3n cognitiva conductual (Descl\u00e9e De Brouwer, 2019), Terapia cognitiva para trastornos de ansiedad. (Descl\u00e9e De Brouwer, 2012), coautor de estos dos t\u00edtulos con Aaron T. Beck (fundador de la terapia cognitiva), Manual para dominar los pensamientos ansiosos (Descl\u00e9e De Brouwer, 2020). Clark es miembro fundador y consultor de formaci\u00f3n de la Academy of Cognitive and Behavioral Therapies, y miembro de la Asociaci\u00f3n Canadiense de Psicolog\u00eda.<\/p>\n","protected":false},"excerpt":{"rendered":"<p>CLARK, DAVID A.<\/p>\n","protected":false},"featured_media":347323,"template":"","meta":{"_acf_changed":false,"om_disable_all_campaigns":false,"rs_blank_template":"","rs_page_bg_color":"","slide_template_v7":"","inline_featured_image":false,"_monsterinsights_skip_tracking":false,"_monsterinsights_sitenote_active":false,"_monsterinsights_sitenote_note":"","_monsterinsights_sitenote_category":0},"product_brand":[],"product_cat":[179,377],"product_tag":[],"class_list":{"0":"post-37027","1":"product","2":"type-product","3":"status-publish","4":"has-post-thumbnail","6":"product_cat-autoajuda-i-salut-mental","7":"product_cat-autoayuda-y-salud-mental","9":"first","10":"instock","11":"taxable","12":"shipping-taxable","13":"purchasable","14":"product-type-simple"},"acf":{"autor":"CLARK, DAVID A.","codart":"843303179","libros-coleccion":"Serendipity Maior","ediciones":"1","encuadernacion":"R\u00fastica","fecha_de_publicacion":"11\/05\/2022","novedad":"1","paginas":"224","subtitulo":"","orden":"0","portada":"0","idioma":"spa","editorial":[{"ID":6179,"post_author":"3","post_date":"2022-07-28 17:46:36","post_date_gmt":"2022-07-28 15:46:36","post_content":"","post_title":"DESCLEE DE BROUWER","post_excerpt":"","post_status":"publish","comment_status":"closed","ping_status":"closed","post_password":"","post_name":"desclee-de-brouwer","to_ping":"","pinged":"","post_modified":"2022-07-28 17:46:36","post_modified_gmt":"2022-07-28 15:46:36","post_content_filtered":"","post_parent":0,"guid":"http:\/\/dev.claret.cat\/editorial\/desclee-de-brouwer\/","menu_order":0,"post_type":"editorial","post_mime_type":"","comment_count":"0","filter":"raw"}],"autores-libros":[{"ID":153725,"post_author":"3","post_date":"2022-10-14 14:59:02","post_date_gmt":"2022-10-14 12:59:02","post_content":"","post_title":"DAVID A. CLARK","post_excerpt":"","post_status":"publish","comment_status":"closed","ping_status":"closed","post_password":"","post_name":"david-a-clark","to_ping":"","pinged":"","post_modified":"2022-10-14 14:59:02","post_modified_gmt":"2022-10-14 12:59:02","post_content_filtered":"","post_parent":0,"guid":"http:\/\/dev.claret.cat\/autor\/david-a-clark\/","menu_order":0,"post_type":"autor","post_mime_type":"","comment_count":"0","filter":"raw"}],"booktrailer":"","resenas":""},"aioseo_notices":[],"_links":{"self":[{"href":"https:\/\/www.claret.cat\/es\/wp-json\/wp\/v2\/product\/37027","targetHints":{"allow":["GET"]}}],"collection":[{"href":"https:\/\/www.claret.cat\/es\/wp-json\/wp\/v2\/product"}],"about":[{"href":"https:\/\/www.claret.cat\/es\/wp-json\/wp\/v2\/types\/product"}],"wp:featuredmedia":[{"embeddable":true,"href":"https:\/\/www.claret.cat\/es\/wp-json\/wp\/v2\/media\/347323"}],"wp:attachment":[{"href":"https:\/\/www.claret.cat\/es\/wp-json\/wp\/v2\/media?parent=37027"}],"wp:term":[{"taxonomy":"product_brand","embeddable":true,"href":"https:\/\/www.claret.cat\/es\/wp-json\/wp\/v2\/product_brand?post=37027"},{"taxonomy":"product_cat","embeddable":true,"href":"https:\/\/www.claret.cat\/es\/wp-json\/wp\/v2\/product_cat?post=37027"},{"taxonomy":"product_tag","embeddable":true,"href":"https:\/\/www.claret.cat\/es\/wp-json\/wp\/v2\/product_tag?post=37027"}],"curies":[{"name":"wp","href":"https:\/\/api.w.org\/{rel}","templated":true}]}}