{"id":370551,"date":"2023-01-16T14:05:23","date_gmt":"2023-01-16T13:05:23","guid":{"rendered":"https:\/\/www.claret.cat\/llibre\/la-chica-italiana-9788466367110\/"},"modified":"2023-10-19T12:30:25","modified_gmt":"2023-10-19T10:30:25","slug":"la-chica-italiana-9788466367110","status":"publish","type":"product","link":"https:\/\/www.claret.cat\/es\/libro\/la-chica-italiana-9788466367110\/","title":{"rendered":"LA CHICA ITALIANA"},"content":{"rendered":"<p>Una novela llena de glamour, intriga y romance, por la autora de la saga superventas Las Siete Hermanas. Rosanna Menici es muy joven cuando conoce a Roberto Rossini, el hombre  que le cambiar\u00e1 la vida. En los a\u00f1os siguientes, sus destinos se ver\u00e1n  entrelazados por sus extraordinarios talentos como cantantes de \u00f3pera y  tambi\u00e9n por su incombustible pero obsesivo amor, un amor que acabar\u00e1  afectando las vidas de todos los que los rodean. Porque, como Rosanna  descubrir\u00e1 poco a poco, su uni\u00f3n est\u00e1 marcada por terribles secretos del pasado&#8230; Desde las pintorescas calles de N\u00e1poles hasta los deslumbrantes  escenarios de los m\u00e1s prestigiosos teatros del mundo, el viaje de Rosanna es una emocionante historia de pasi\u00f3n, traici\u00f3n y  autodescubrimiento. \u00abLa prosa de Lucinda Riley vuelve a brillar&#8230; Una novela que no solo  nos hace disfrutar y nos tiene enganchados a sus p\u00e1ginas, sino que  tambi\u00e9n invita a la reflexi\u00f3n y sus temas no dejan indiferentes al lector\u00bb.<br \/>Blog Vor\u00e1gine Interna \u00abComo siempre el estilo de Lucinda Riley me ha atrapado\u00bb.<br \/>Blog Bit\u00e1cora de mis lecturas \u00abUna historia de sacrificios, de la lucha por cumplir los sue\u00f1os, donde  la autora repite la f\u00f3rmula que tanto \u00e9xito le trajo a lo largo de su  trayectoria: amor, viajes al pasado, secretos y relaciones familiares\u00bb.<br \/>leequealgoqueda en Instagram \u00abLa pluma y ambientaci\u00f3n es sublime con unos personajes muy bien  construidos que ir\u00e1n evolucionando y madurando a lo largo de los a\u00f1os\u00bb.<br \/>silvii.love en Instagram<\/p>\n","protected":false},"excerpt":{"rendered":"<p>RILEY, LUCINDA<\/p>\n","protected":false},"featured_media":370782,"template":"","meta":{"_acf_changed":false,"om_disable_all_campaigns":false,"rs_blank_template":"","rs_page_bg_color":"","slide_template_v7":"","inline_featured_image":false,"_monsterinsights_skip_tracking":false,"_monsterinsights_sitenote_active":false,"_monsterinsights_sitenote_note":"","_monsterinsights_sitenote_category":0},"product_brand":[],"product_cat":[127,130,357,360],"product_tag":[],"class_list":{"0":"post-370551","1":"product","2":"type-product","3":"status-publish","4":"has-post-thumbnail","6":"product_cat-novella-contemporania","7":"product_cat-novella-historica-i-ficcio","8":"product_cat-novela-contemporanea","9":"product_cat-novela-historica-y-ficcion","11":"first","12":"instock","13":"taxable","14":"shipping-taxable","15":"purchasable","16":"product-type-simple"},"acf":{"editorial":[{"ID":6178,"post_author":"3","post_date":"2022-07-28 17:46:34","post_date_gmt":"2022-07-28 15:46:34","post_content":"","post_title":"DEBOLSILLO","post_excerpt":"","post_status":"publish","comment_status":"closed","ping_status":"closed","post_password":"","post_name":"debolsillo","to_ping":"","pinged":"","post_modified":"2022-07-28 17:46:34","post_modified_gmt":"2022-07-28 15:46:34","post_content_filtered":"","post_parent":0,"guid":"http:\/\/dev.claret.cat\/editorial\/debolsillo\/","menu_order":0,"post_type":"editorial","post_mime_type":"","comment_count":"0","filter":"raw"}],"autor":"RILEY, LUCINDA","codart":"846636711","libros-coleccion":"BEST SELLER","ediciones":"1","encuadernacion":"R\u00fastica","fecha_de_publicacion":"01\/01\/2023","novedad":"1","paginas":"480","subtitulo":"","orden":"0","portada":"0","idioma":"spa","autores-libros":[{"ID":5748,"post_author":"3","post_date":"2022-07-28 17:30:38","post_date_gmt":"2022-07-28 15:30:38","post_content":"","post_title":"LUCINDA RILEY","post_excerpt":"","post_status":"publish","comment_status":"closed","ping_status":"closed","post_password":"","post_name":"lucinda-riley","to_ping":"","pinged":"","post_modified":"2022-07-28 17:30:38","post_modified_gmt":"2022-07-28 15:30:38","post_content_filtered":"","post_parent":0,"guid":"http:\/\/dev.claret.cat\/autor\/lucinda-riley\/","menu_order":0,"post_type":"autor","post_mime_type":"","comment_count":"0","filter":"raw"}]},"aioseo_notices":[],"_links":{"self":[{"href":"https:\/\/www.claret.cat\/es\/wp-json\/wp\/v2\/product\/370551","targetHints":{"allow":["GET"]}}],"collection":[{"href":"https:\/\/www.claret.cat\/es\/wp-json\/wp\/v2\/product"}],"about":[{"href":"https:\/\/www.claret.cat\/es\/wp-json\/wp\/v2\/types\/product"}],"wp:featuredmedia":[{"embeddable":true,"href":"https:\/\/www.claret.cat\/es\/wp-json\/wp\/v2\/media\/370782"}],"wp:attachment":[{"href":"https:\/\/www.claret.cat\/es\/wp-json\/wp\/v2\/media?parent=370551"}],"wp:term":[{"taxonomy":"product_brand","embeddable":true,"href":"https:\/\/www.claret.cat\/es\/wp-json\/wp\/v2\/product_brand?post=370551"},{"taxonomy":"product_cat","embeddable":true,"href":"https:\/\/www.claret.cat\/es\/wp-json\/wp\/v2\/product_cat?post=370551"},{"taxonomy":"product_tag","embeddable":true,"href":"https:\/\/www.claret.cat\/es\/wp-json\/wp\/v2\/product_tag?post=370551"}],"curies":[{"name":"wp","href":"https:\/\/api.w.org\/{rel}","templated":true}]}}