{"id":370662,"date":"2023-01-16T16:11:08","date_gmt":"2023-01-16T15:11:08","guid":{"rendered":"https:\/\/www.claret.cat\/llibre\/la-uncion-de-enfermos-9788429330878\/"},"modified":"2024-09-23T10:20:11","modified_gmt":"2024-09-23T08:20:11","slug":"la-uncion-de-enfermos-9788429330878","status":"publish","type":"product","link":"https:\/\/www.claret.cat\/es\/libro\/la-uncion-de-enfermos-9788429330878\/","title":{"rendered":"LA UNCI\u00d3N DE ENFERMOS"},"content":{"rendered":"<p>Celebrar la unci\u00f3n de enfermos es dejarse ungir, untar de aceite, masajear simb\u00f3licamente en nombre de la comunidad y del propio Dios. En este libro, la psic\u00f3loga y te\u00f3loga Rosa Ruiz explora la profunda dimensi\u00f3n espiritual del sacramento de la unci\u00f3n -el m\u00e1s vital de cuantos celebramos-, para reflexionar sobre este s\u00edmbolo de esperanza y salvaci\u00f3n. Una lectura que invita a una experiencia sacramental m\u00e1s aut\u00e9ntica, incluso m\u00e1s all\u00e1 del momento de gran enfermedad o momento final de la vida.<\/p>\n","protected":false},"excerpt":{"rendered":"<p>RUIZ, ROSA<\/p>\n","protected":false},"featured_media":370729,"template":"","meta":{"_acf_changed":false,"om_disable_all_campaigns":false,"rs_blank_template":"","rs_page_bg_color":"","slide_template_v7":"","inline_featured_image":false,"_monsterinsights_skip_tracking":false,"_monsterinsights_sitenote_active":false,"_monsterinsights_sitenote_note":"","_monsterinsights_sitenote_category":0},"product_brand":[],"product_cat":[298,522],"product_tag":[],"class_list":{"0":"post-370662","1":"product","2":"type-product","3":"status-publish","4":"has-post-thumbnail","6":"product_cat-sacramental","7":"product_cat-sacramental-pastoral-1_espiritualidad","9":"first","10":"instock","11":"taxable","12":"shipping-taxable","13":"purchasable","14":"product-type-simple"},"acf":{"editorial":[{"ID":6351,"post_author":"3","post_date":"2022-07-28 17:50:19","post_date_gmt":"2022-07-28 15:50:19","post_content":"","post_title":"Sal Terrae","post_excerpt":"","post_status":"publish","comment_status":"closed","ping_status":"closed","post_password":"","post_name":"sal-terrae","to_ping":"","pinged":"","post_modified":"2022-07-28 17:50:19","post_modified_gmt":"2022-07-28 15:50:19","post_content_filtered":"","post_parent":0,"guid":"http:\/\/dev.claret.cat\/editorial\/sal-terrae\/","menu_order":0,"post_type":"editorial","post_mime_type":"","comment_count":"0","filter":"raw"}],"autor":"RUIZ, ROSA","codart":"842933087","libros-coleccion":"El pozo de Siquen","ediciones":"1","encuadernacion":"R\u00fastica","fecha_de_publicacion":"28\/11\/2022","novedad":"1","paginas":"120","subtitulo":"UNA EXPERIENCIA CREYENTE","orden":"0","portada":"1","idioma":"spa","autores-libros":[{"ID":428258,"post_author":"3","post_date":"2023-05-16 09:23:18","post_date_gmt":"2023-05-16 07:23:18","post_content":"","post_title":"ROSA RUIZ","post_excerpt":"","post_status":"publish","comment_status":"closed","ping_status":"closed","post_password":"","post_name":"rosa-ruiz","to_ping":"","pinged":"","post_modified":"2023-05-16 09:23:18","post_modified_gmt":"2023-05-16 07:23:18","post_content_filtered":"","post_parent":0,"guid":"https:\/\/www.claret.cat\/autor\/rosa-ruiz\/","menu_order":0,"post_type":"autor","post_mime_type":"","comment_count":"0","filter":"raw"}]},"aioseo_notices":[],"_links":{"self":[{"href":"https:\/\/www.claret.cat\/es\/wp-json\/wp\/v2\/product\/370662","targetHints":{"allow":["GET"]}}],"collection":[{"href":"https:\/\/www.claret.cat\/es\/wp-json\/wp\/v2\/product"}],"about":[{"href":"https:\/\/www.claret.cat\/es\/wp-json\/wp\/v2\/types\/product"}],"wp:featuredmedia":[{"embeddable":true,"href":"https:\/\/www.claret.cat\/es\/wp-json\/wp\/v2\/media\/370729"}],"wp:attachment":[{"href":"https:\/\/www.claret.cat\/es\/wp-json\/wp\/v2\/media?parent=370662"}],"wp:term":[{"taxonomy":"product_brand","embeddable":true,"href":"https:\/\/www.claret.cat\/es\/wp-json\/wp\/v2\/product_brand?post=370662"},{"taxonomy":"product_cat","embeddable":true,"href":"https:\/\/www.claret.cat\/es\/wp-json\/wp\/v2\/product_cat?post=370662"},{"taxonomy":"product_tag","embeddable":true,"href":"https:\/\/www.claret.cat\/es\/wp-json\/wp\/v2\/product_tag?post=370662"}],"curies":[{"name":"wp","href":"https:\/\/api.w.org\/{rel}","templated":true}]}}