{"id":371131,"date":"2023-01-17T17:25:12","date_gmt":"2023-01-17T16:25:12","guid":{"rendered":"https:\/\/www.claret.cat\/llibre\/un-pais-banyat-en-sang-9788429780710\/"},"modified":"2024-05-08T13:42:59","modified_gmt":"2024-05-08T11:42:59","slug":"un-pais-banyat-en-sang-9788429780710","status":"publish","type":"product","link":"https:\/\/www.claret.cat\/es\/libro\/un-pais-banyat-en-sang-9788429780710\/","title":{"rendered":"UN PA\u00cdS BANYAT EN SANG"},"content":{"rendered":"<p>Els su\u00efcidis i assassinats diaris i molt sovint els tirotejos massius provoquen unes 30.000 v\u00edctimes anuals als Estats Units, i des del tiroteig de l&#8217;institut de Columbine el 1999 el nombre de massacres amb armes de foc a centres educatius no ha parat de cr\u00e9ixer. Tanmateix, el sistema jur\u00eddic americ\u00e0 ha fracassat totalment a l&#8217;hora d&#8217;intentar regular el dret a les armes. \u00bfPer qu\u00e8<br \/>passa tot aix\u00f2 en una societat avan\u00e7ada com els Estats Units?<br \/> En aquest assaig, que es mou entre el text memorial\u00edstic, hist\u00f2ric i period\u00edstic, Paul Auster reflexiona sobre la passi\u00f3 individual i col\u00b7lectiva per les armes, sobre el poder dels lobbys i descriu alguns morts a la seva fam\u00edlia (com ara la del seu avi, que va morir a causa d&#8217;un tret d&#8217;escopeta de l&#8217;\u00e0via, tot i que va ser un secret familiar durant molts anys).<\/p>\n<p> Paul Auster torna amb un al\u00b7legat contra les armes.<br \/> Il\u00b7lustrat amb fotografies de Spencer Ostrander, que ha viatjat pel pa\u00eds fotografiant espais on havien tingut lloc tirotejos massius.<\/p>\n","protected":false},"excerpt":{"rendered":"<p>AUSTER, PAUL<\/p>\n","protected":false},"featured_media":372254,"template":"","meta":{"_acf_changed":false,"om_disable_all_campaigns":false,"rs_blank_template":"","rs_page_bg_color":"","slide_template_v7":"","inline_featured_image":false,"_monsterinsights_skip_tracking":false,"_monsterinsights_sitenote_active":false,"_monsterinsights_sitenote_note":"","_monsterinsights_sitenote_category":0},"product_brand":[],"product_cat":[152,429,157,370],"product_tag":[],"class_list":{"0":"post-371131","1":"product","2":"type-product","3":"status-publish","4":"has-post-thumbnail","6":"product_cat-el-mon-actual","7":"product_cat-el-mundo-actual","8":"product_cat-investigacio-i-corrents","9":"product_cat-investigacion-y-corrientes","11":"first","12":"instock","13":"taxable","14":"shipping-taxable","15":"purchasable","16":"product-type-simple"},"acf":{"editorial":[{"ID":6210,"post_author":"3","post_date":"2022-07-28 17:47:13","post_date_gmt":"2022-07-28 15:47:13","post_content":"","post_title":"Edicions 62","post_excerpt":"","post_status":"publish","comment_status":"closed","ping_status":"closed","post_password":"","post_name":"edicions-62","to_ping":"","pinged":"","post_modified":"2022-07-28 17:47:13","post_modified_gmt":"2022-07-28 15:47:13","post_content_filtered":"","post_parent":0,"guid":"http:\/\/dev.claret.cat\/editorial\/edicions-62\/","menu_order":0,"post_type":"editorial","post_mime_type":"","comment_count":"0","filter":"raw"}],"autor":"AUSTER, PAUL","codart":"842978071","libros-coleccion":"Llibres a l'Abast","ediciones":"1","encuadernacion":"R\u00fastica","fecha_de_publicacion":"01\/01\/2023","novedad":"1","paginas":"192","subtitulo":"","orden":"0","portada":"1","idioma":"cat","autores-libros":[{"ID":166714,"post_author":"3","post_date":"2022-10-14 18:05:27","post_date_gmt":"2022-10-14 16:05:27","post_content":"","post_title":"PAUL AUSTER","post_excerpt":"","post_status":"publish","comment_status":"closed","ping_status":"closed","post_password":"","post_name":"paul-auster","to_ping":"","pinged":"","post_modified":"2022-10-14 18:05:27","post_modified_gmt":"2022-10-14 16:05:27","post_content_filtered":"","post_parent":0,"guid":"http:\/\/dev.claret.cat\/autor\/paul-auster\/","menu_order":0,"post_type":"autor","post_mime_type":"","comment_count":"0","filter":"raw"}]},"aioseo_notices":[],"_links":{"self":[{"href":"https:\/\/www.claret.cat\/es\/wp-json\/wp\/v2\/product\/371131","targetHints":{"allow":["GET"]}}],"collection":[{"href":"https:\/\/www.claret.cat\/es\/wp-json\/wp\/v2\/product"}],"about":[{"href":"https:\/\/www.claret.cat\/es\/wp-json\/wp\/v2\/types\/product"}],"wp:featuredmedia":[{"embeddable":true,"href":"https:\/\/www.claret.cat\/es\/wp-json\/wp\/v2\/media\/372254"}],"wp:attachment":[{"href":"https:\/\/www.claret.cat\/es\/wp-json\/wp\/v2\/media?parent=371131"}],"wp:term":[{"taxonomy":"product_brand","embeddable":true,"href":"https:\/\/www.claret.cat\/es\/wp-json\/wp\/v2\/product_brand?post=371131"},{"taxonomy":"product_cat","embeddable":true,"href":"https:\/\/www.claret.cat\/es\/wp-json\/wp\/v2\/product_cat?post=371131"},{"taxonomy":"product_tag","embeddable":true,"href":"https:\/\/www.claret.cat\/es\/wp-json\/wp\/v2\/product_tag?post=371131"}],"curies":[{"name":"wp","href":"https:\/\/api.w.org\/{rel}","templated":true}]}}