{"id":371137,"date":"2023-01-17T17:30:19","date_gmt":"2023-01-17T16:30:19","guid":{"rendered":"https:\/\/www.claret.cat\/llibre\/el-messies-de-dune-9788412614404\/"},"modified":"2024-04-23T17:10:34","modified_gmt":"2024-04-23T15:10:34","slug":"el-messies-de-dune-9788412614404","status":"publish","type":"product","link":"https:\/\/www.claret.cat\/es\/libro\/el-messies-de-dune-9788412614404\/","title":{"rendered":"EL MESSIES DE DUNE"},"content":{"rendered":"<p>Despr\u00e9s de ser nomenat messies pels fremen, Paul &#8216;Muad&#8217;Dib&#8217; Atreides \u00e9s l&#8217;emperador m\u00e9s poder\u00f3s que s&#8217;hagi conegut mai, per\u00f2 es veu impotent per aturar els excessos letals del gegant religi\u00f3s que ha creat. Les visions predictives de Paul alerten que tot ser\u00e0 molt pitjor. Sabent-ho, vol reconduir la humanitat per un cam\u00ed que no la porti a la destrucci\u00f3, alhora que actua com a governant de l&#8221;imperi i l\u00edder religi\u00f3s.<\/p>\n","protected":false},"excerpt":{"rendered":"<p>HERBERT, FRANK<\/p>\n","protected":false},"featured_media":373767,"template":"","meta":{"_acf_changed":false,"om_disable_all_campaigns":false,"rs_blank_template":"","rs_page_bg_color":"","slide_template_v7":"","inline_featured_image":false,"_monsterinsights_skip_tracking":false,"_monsterinsights_sitenote_active":false,"_monsterinsights_sitenote_note":"","_monsterinsights_sitenote_category":0},"product_brand":[],"product_cat":[127,357],"product_tag":[],"class_list":{"0":"post-371137","1":"product","2":"type-product","3":"status-publish","4":"has-post-thumbnail","6":"product_cat-novella-contemporania","7":"product_cat-novela-contemporanea","9":"first","10":"instock","11":"taxable","12":"shipping-taxable","13":"purchasable","14":"product-type-simple"},"acf":{"editorial":[{"ID":148493,"post_author":"3","post_date":"2022-10-14 11:58:41","post_date_gmt":"2022-10-14 09:58:41","post_content":"","post_title":"Mai M\u00e9s","post_excerpt":"","post_status":"publish","comment_status":"closed","ping_status":"closed","post_password":"","post_name":"mai-mes","to_ping":"","pinged":"","post_modified":"2022-10-14 11:58:41","post_modified_gmt":"2022-10-14 09:58:41","post_content_filtered":"","post_parent":0,"guid":"http:\/\/dev.claret.cat\/editorial\/mai-mes\/","menu_order":0,"post_type":"editorial","post_mime_type":"","comment_count":"0","filter":"raw"}],"autor":"HERBERT, FRANK","codart":"841261440","libros-coleccion":"","ediciones":"1","encuadernacion":"Carton\u00e9","fecha_de_publicacion":"01\/01\/2023","novedad":"1","paginas":"309","subtitulo":"","orden":"0","portada":"0","idioma":"cat","autores-libros":[{"ID":5493,"post_author":"3","post_date":"2022-07-28 17:25:10","post_date_gmt":"2022-07-28 15:25:10","post_content":"","post_title":"FRANK HERBERT","post_excerpt":"","post_status":"publish","comment_status":"closed","ping_status":"closed","post_password":"","post_name":"frank-herbert","to_ping":"","pinged":"","post_modified":"2022-07-28 17:25:10","post_modified_gmt":"2022-07-28 15:25:10","post_content_filtered":"","post_parent":0,"guid":"http:\/\/dev.claret.cat\/autor\/frank-herbert\/","menu_order":0,"post_type":"autor","post_mime_type":"","comment_count":"0","filter":"raw"}]},"aioseo_notices":[],"_links":{"self":[{"href":"https:\/\/www.claret.cat\/es\/wp-json\/wp\/v2\/product\/371137","targetHints":{"allow":["GET"]}}],"collection":[{"href":"https:\/\/www.claret.cat\/es\/wp-json\/wp\/v2\/product"}],"about":[{"href":"https:\/\/www.claret.cat\/es\/wp-json\/wp\/v2\/types\/product"}],"wp:featuredmedia":[{"embeddable":true,"href":"https:\/\/www.claret.cat\/es\/wp-json\/wp\/v2\/media\/373767"}],"wp:attachment":[{"href":"https:\/\/www.claret.cat\/es\/wp-json\/wp\/v2\/media?parent=371137"}],"wp:term":[{"taxonomy":"product_brand","embeddable":true,"href":"https:\/\/www.claret.cat\/es\/wp-json\/wp\/v2\/product_brand?post=371137"},{"taxonomy":"product_cat","embeddable":true,"href":"https:\/\/www.claret.cat\/es\/wp-json\/wp\/v2\/product_cat?post=371137"},{"taxonomy":"product_tag","embeddable":true,"href":"https:\/\/www.claret.cat\/es\/wp-json\/wp\/v2\/product_tag?post=371137"}],"curies":[{"name":"wp","href":"https:\/\/api.w.org\/{rel}","templated":true}]}}