{"id":37120,"date":"2022-10-02T18:30:42","date_gmt":"2022-10-02T16:30:42","guid":{"rendered":"http:\/\/dev.claret.cat\/producte\/aaron-sonador-ilustrador\/"},"modified":"2023-10-06T09:04:15","modified_gmt":"2023-10-06T07:04:15","slug":"aaron-sonador-ilustrador-9788448861124","status":"publish","type":"product","link":"https:\/\/www.claret.cat\/es\/libro\/aaron-sonador-ilustrador-9788448861124\/","title":{"rendered":"AAR\u00d3N SO\u00d1ADOR, ILUSTRADOR"},"content":{"rendered":"<p>Un nuevo \u00e1lbum de la colecci\u00f3n de fant\u00e1sticos libros ilustrados en que se basa la serie de NETFLIX, Ada Magn\u00edfica Una colecci\u00f3n que celebra la creatividad, la perseverancia y la curiosidad cient\u00edfica. Aaron So\u00f1ador adora las historias y sue\u00f1a con escribir una alg\u00fan d\u00eda.  Pero cuando le toca leer, las letras se mueven y dan saltos. Queda claro  que le cuesta m\u00e1s que a otros ni\u00f1os cuando su profe les pide que  escriban una historia y a Aaron no le sale ni una sola palabra. Quiz\u00e1 lo  de los cuentos no sea lo suyo&#8230; \u00a1O s\u00ed! Porque se le acaba de ocurrir  una idea brillante para contar historias de una forma \u00a1\u00fanica! Aaron So\u00f1ador, ilustrador inspirar\u00e1 sin duda a los j\u00f3venes  lectores para que sigan sus propias pasiones y superen las dificultades.<\/p>\n","protected":false},"excerpt":{"rendered":"<p>BEATY, ANDREA \/ ROBERTS, DAVID<\/p>\n","protected":false},"featured_media":454356,"template":"","meta":{"_acf_changed":false,"om_disable_all_campaigns":false,"rs_blank_template":"","rs_page_bg_color":"","slide_template_v7":"","inline_featured_image":false,"_monsterinsights_skip_tracking":false,"_monsterinsights_sitenote_active":false,"_monsterinsights_sitenote_note":"","_monsterinsights_sitenote_category":0},"product_brand":[],"product_cat":[362],"product_tag":[],"class_list":{"0":"post-37120","1":"product","2":"type-product","3":"status-publish","4":"has-post-thumbnail","6":"product_cat-libros-preadolescentes-6-12-anos","8":"first","9":"instock","10":"taxable","11":"shipping-taxable","12":"purchasable","13":"product-type-simple"},"acf":{"autor":"BEATY, ANDREA \/ ROBERTS, DAVID","codart":"844886112","libros-coleccion":"Peque\u00f1os creativos","ediciones":"1","encuadernacion":"Carton\u00e9","fecha_de_publicacion":"01\/05\/2022","novedad":"1","paginas":"45","subtitulo":"","orden":"0","portada":"0","idioma":"spa","editorial":[{"ID":6141,"post_author":"3","post_date":"2022-07-28 17:45:46","post_date_gmt":"2022-07-28 15:45:46","post_content":"","post_title":"BEASCOA","post_excerpt":"","post_status":"publish","comment_status":"closed","ping_status":"closed","post_password":"","post_name":"beascoa","to_ping":"","pinged":"","post_modified":"2022-07-28 17:45:46","post_modified_gmt":"2022-07-28 15:45:46","post_content_filtered":"","post_parent":0,"guid":"http:\/\/dev.claret.cat\/editorial\/beascoa\/","menu_order":0,"post_type":"editorial","post_mime_type":"","comment_count":"0","filter":"raw"}],"autores-libros":[{"ID":150199,"post_author":"3","post_date":"2022-10-14 14:31:02","post_date_gmt":"2022-10-14 12:31:02","post_content":"","post_title":"ANDREA BEATY","post_excerpt":"","post_status":"publish","comment_status":"closed","ping_status":"closed","post_password":"","post_name":"andrea-beaty","to_ping":"","pinged":"","post_modified":"2022-10-14 14:31:02","post_modified_gmt":"2022-10-14 12:31:02","post_content_filtered":"","post_parent":0,"guid":"http:\/\/dev.claret.cat\/autor\/andrea-beaty\/","menu_order":0,"post_type":"autor","post_mime_type":"","comment_count":"0","filter":"raw"},{"ID":153940,"post_author":"3","post_date":"2022-10-14 15:00:47","post_date_gmt":"2022-10-14 13:00:47","post_content":"","post_title":"DAVID ROBERTS","post_excerpt":"","post_status":"publish","comment_status":"closed","ping_status":"closed","post_password":"","post_name":"david-roberts","to_ping":"","pinged":"","post_modified":"2022-10-14 15:00:47","post_modified_gmt":"2022-10-14 13:00:47","post_content_filtered":"","post_parent":0,"guid":"http:\/\/dev.claret.cat\/autor\/david-roberts\/","menu_order":0,"post_type":"autor","post_mime_type":"","comment_count":"0","filter":"raw"}]},"aioseo_notices":[],"_links":{"self":[{"href":"https:\/\/www.claret.cat\/es\/wp-json\/wp\/v2\/product\/37120","targetHints":{"allow":["GET"]}}],"collection":[{"href":"https:\/\/www.claret.cat\/es\/wp-json\/wp\/v2\/product"}],"about":[{"href":"https:\/\/www.claret.cat\/es\/wp-json\/wp\/v2\/types\/product"}],"wp:featuredmedia":[{"embeddable":true,"href":"https:\/\/www.claret.cat\/es\/wp-json\/wp\/v2\/media\/454356"}],"wp:attachment":[{"href":"https:\/\/www.claret.cat\/es\/wp-json\/wp\/v2\/media?parent=37120"}],"wp:term":[{"taxonomy":"product_brand","embeddable":true,"href":"https:\/\/www.claret.cat\/es\/wp-json\/wp\/v2\/product_brand?post=37120"},{"taxonomy":"product_cat","embeddable":true,"href":"https:\/\/www.claret.cat\/es\/wp-json\/wp\/v2\/product_cat?post=37120"},{"taxonomy":"product_tag","embeddable":true,"href":"https:\/\/www.claret.cat\/es\/wp-json\/wp\/v2\/product_tag?post=37120"}],"curies":[{"name":"wp","href":"https:\/\/api.w.org\/{rel}","templated":true}]}}