{"id":37123,"date":"2022-10-02T18:30:46","date_gmt":"2022-10-02T16:30:46","guid":{"rendered":"http:\/\/dev.claret.cat\/producte\/aaron-somiador-il-lustrador\/"},"modified":"2023-10-06T09:04:10","modified_gmt":"2023-10-06T07:04:10","slug":"aaron-somiador-illustrador-9788448861162","status":"publish","type":"product","link":"https:\/\/www.claret.cat\/es\/libro\/aaron-somiador-illustrador-9788448861162\/","title":{"rendered":"AARON SOMIADOR, IL.LUSTRADOR"},"content":{"rendered":"<p>Un nou \u00e0lbum de la col\u00b7lecci\u00f3 de fant\u00e0stics llibres il\u00b7lustrats en qu\u00e8 es basa la s\u00e8rie de Netflix Ada Magn\u00edfica Una col\u00b7lecci\u00f3 que celebra la creativitat, la perseveran\u00e7a i la curiositat cient\u00edfica. L&#8221;Aaron Somiador adora les hist\u00f2ries i somnia a escriure&#8221;n una algun  dia. Per\u00f2 quan li toca llegir, les lletres es mouen i fan salts. Quan la  professora els demana que escriguin una hist\u00f2ria i a l&#8221;Aaron no li surt  ni una sola paraula, queda clar que a ell li costa m\u00e9s que als altres  nens i nenes. Potser aix\u00f2 dels contes no \u00e9s el seu fort&#8230; O s\u00ed! Perqu\u00e8  se li acaba d&#8221;oc\u00f3rrer una idea brillant per explicar hist\u00f2ries d&#8221;una manera \u00fanica! Aaron Somiador, il\u00b7lustrador sens dubte inspirar\u00e0 els joves  lectors perqu\u00e8 persegueixin les seves passions i superin les dificultats.<\/p>\n","protected":false},"excerpt":{"rendered":"<p>BEATY, ANDREA \/ ROBERTS, DAVID<\/p>\n","protected":false},"featured_media":454358,"template":"","meta":{"_acf_changed":false,"om_disable_all_campaigns":false,"rs_blank_template":"","rs_page_bg_color":"","slide_template_v7":"","inline_featured_image":false,"_monsterinsights_skip_tracking":false,"_monsterinsights_sitenote_active":false,"_monsterinsights_sitenote_note":"","_monsterinsights_sitenote_category":0},"product_brand":[],"product_cat":[132],"product_tag":[],"class_list":{"0":"post-37123","1":"product","2":"type-product","3":"status-publish","4":"has-post-thumbnail","6":"product_cat-lectures-per-preadolescents-6-12-anys","8":"first","9":"instock","10":"taxable","11":"shipping-taxable","12":"purchasable","13":"product-type-simple"},"acf":{"autor":"BEATY, ANDREA \/ ROBERTS, DAVID","codart":"844886116","libros-coleccion":"FORA DE COL.LECCI\u00d3","ediciones":"1","encuadernacion":"Carton\u00e9","fecha_de_publicacion":"01\/05\/2022","novedad":"1","paginas":"45","subtitulo":"","orden":"0","portada":"0","idioma":"cat","editorial":[{"ID":6141,"post_author":"3","post_date":"2022-07-28 17:45:46","post_date_gmt":"2022-07-28 15:45:46","post_content":"","post_title":"BEASCOA","post_excerpt":"","post_status":"publish","comment_status":"closed","ping_status":"closed","post_password":"","post_name":"beascoa","to_ping":"","pinged":"","post_modified":"2022-07-28 17:45:46","post_modified_gmt":"2022-07-28 15:45:46","post_content_filtered":"","post_parent":0,"guid":"http:\/\/dev.claret.cat\/editorial\/beascoa\/","menu_order":0,"post_type":"editorial","post_mime_type":"","comment_count":"0","filter":"raw"}],"autores-libros":[{"ID":150199,"post_author":"3","post_date":"2022-10-14 14:31:02","post_date_gmt":"2022-10-14 12:31:02","post_content":"","post_title":"ANDREA BEATY","post_excerpt":"","post_status":"publish","comment_status":"closed","ping_status":"closed","post_password":"","post_name":"andrea-beaty","to_ping":"","pinged":"","post_modified":"2022-10-14 14:31:02","post_modified_gmt":"2022-10-14 12:31:02","post_content_filtered":"","post_parent":0,"guid":"http:\/\/dev.claret.cat\/autor\/andrea-beaty\/","menu_order":0,"post_type":"autor","post_mime_type":"","comment_count":"0","filter":"raw"},{"ID":153940,"post_author":"3","post_date":"2022-10-14 15:00:47","post_date_gmt":"2022-10-14 13:00:47","post_content":"","post_title":"DAVID ROBERTS","post_excerpt":"","post_status":"publish","comment_status":"closed","ping_status":"closed","post_password":"","post_name":"david-roberts","to_ping":"","pinged":"","post_modified":"2022-10-14 15:00:47","post_modified_gmt":"2022-10-14 13:00:47","post_content_filtered":"","post_parent":0,"guid":"http:\/\/dev.claret.cat\/autor\/david-roberts\/","menu_order":0,"post_type":"autor","post_mime_type":"","comment_count":"0","filter":"raw"}]},"aioseo_notices":[],"_links":{"self":[{"href":"https:\/\/www.claret.cat\/es\/wp-json\/wp\/v2\/product\/37123","targetHints":{"allow":["GET"]}}],"collection":[{"href":"https:\/\/www.claret.cat\/es\/wp-json\/wp\/v2\/product"}],"about":[{"href":"https:\/\/www.claret.cat\/es\/wp-json\/wp\/v2\/types\/product"}],"wp:featuredmedia":[{"embeddable":true,"href":"https:\/\/www.claret.cat\/es\/wp-json\/wp\/v2\/media\/454358"}],"wp:attachment":[{"href":"https:\/\/www.claret.cat\/es\/wp-json\/wp\/v2\/media?parent=37123"}],"wp:term":[{"taxonomy":"product_brand","embeddable":true,"href":"https:\/\/www.claret.cat\/es\/wp-json\/wp\/v2\/product_brand?post=37123"},{"taxonomy":"product_cat","embeddable":true,"href":"https:\/\/www.claret.cat\/es\/wp-json\/wp\/v2\/product_cat?post=37123"},{"taxonomy":"product_tag","embeddable":true,"href":"https:\/\/www.claret.cat\/es\/wp-json\/wp\/v2\/product_tag?post=37123"}],"curies":[{"name":"wp","href":"https:\/\/api.w.org\/{rel}","templated":true}]}}