{"id":371383,"date":"2023-01-17T19:10:08","date_gmt":"2023-01-17T18:10:08","guid":{"rendered":"https:\/\/www.claret.cat\/llibre\/nosotros-en-la-luna-edicion-especial-9788408266860\/"},"modified":"2023-10-06T06:28:51","modified_gmt":"2023-10-06T04:28:51","slug":"nosotros-en-la-luna-edicion-especial-9788408266860","status":"publish","type":"product","link":"https:\/\/www.claret.cat\/es\/libro\/nosotros-en-la-luna-edicion-especial-9788408266860\/","title":{"rendered":"NOSOTROS EN LA LUNA. EDICI\u00d3N ESPECIAL"},"content":{"rendered":"<p>Una noche en Par\u00eds. Dos caminos entrelaz\u00e1ndose.<br \/> Cuando Rhys y Ginger se conocen en las calles de la ciudad de la luz, no imaginan que sus vidas se unir\u00e1n para siempre, a pesar de la distancia y de que no puedan ser m\u00e1s diferentes. Ella vive en Londres y a veces se siente tan perdida que se ha olvidado hasta de sus propios sue\u00f1os. \u00c9l es incapaz de quedarse quieto en ning\u00fan lugar y cree saber qui\u00e9n es. Y cada noche su amistad crece entre emails llenos de confidencias, dudas e inquietudes. Pero \u00bfqu\u00e9 ocurre cuando el paso del tiempo pone a prueba su relaci\u00f3n? \u00bfEs posible colgarse de la luna junto a otra persona sin poner en riesgo el coraz\u00f3n?<br \/> Una historia sobre el amor, el destino y la b\u00fasqueda de uno mismo.<br \/> Edici\u00f3n especial con ilustraciones de Ana Santos de la novela m\u00e1s emblem\u00e1tica de Alice Kellen, la autora que ha cautivado a m\u00e1s de 1.000.000 de lectores.<\/p>\n","protected":false},"excerpt":{"rendered":"<p>KELLEN, ALICE<\/p>\n","protected":false},"featured_media":371577,"template":"","meta":{"_acf_changed":false,"om_disable_all_campaigns":false,"rs_blank_template":"","rs_page_bg_color":"","slide_template_v7":"","inline_featured_image":false,"_monsterinsights_skip_tracking":false,"_monsterinsights_sitenote_active":false,"_monsterinsights_sitenote_note":"","_monsterinsights_sitenote_category":0},"product_brand":[],"product_cat":[357],"product_tag":[],"class_list":{"0":"post-371383","1":"product","2":"type-product","3":"status-publish","4":"has-post-thumbnail","6":"product_cat-novela-contemporanea","8":"first","9":"instock","10":"taxable","11":"shipping-taxable","12":"purchasable","13":"product-type-simple"},"acf":{"editorial":[{"ID":6233,"post_author":"3","post_date":"2022-07-28 17:47:48","post_date_gmt":"2022-07-28 15:47:48","post_content":"","post_title":"EDITORIAL PLANETA","post_excerpt":"","post_status":"publish","comment_status":"closed","ping_status":"closed","post_password":"","post_name":"editorial-planeta","to_ping":"","pinged":"","post_modified":"2022-07-28 17:47:48","post_modified_gmt":"2022-07-28 15:47:48","post_content_filtered":"","post_parent":0,"guid":"http:\/\/dev.claret.cat\/editorial\/editorial-planeta\/","menu_order":0,"post_type":"editorial","post_mime_type":"","comment_count":"0","filter":"raw"}],"autor":"KELLEN, ALICE","codart":"840826686","libros-coleccion":"FORA DE COL.LECCI\u00d3","ediciones":"1","encuadernacion":"Carton\u00e9","fecha_de_publicacion":"01\/01\/2023","novedad":"1","paginas":"480","subtitulo":"","orden":"0","portada":"0","idioma":"spa","autores-libros":[{"ID":149824,"post_author":"3","post_date":"2022-10-14 14:27:59","post_date_gmt":"2022-10-14 12:27:59","post_content":"","post_title":"ALICE KELLEN","post_excerpt":"","post_status":"publish","comment_status":"closed","ping_status":"closed","post_password":"","post_name":"alice-kellen","to_ping":"","pinged":"","post_modified":"2022-10-14 14:27:59","post_modified_gmt":"2022-10-14 12:27:59","post_content_filtered":"","post_parent":0,"guid":"http:\/\/dev.claret.cat\/autor\/alice-kellen\/","menu_order":0,"post_type":"autor","post_mime_type":"","comment_count":"0","filter":"raw"}]},"aioseo_notices":[],"_links":{"self":[{"href":"https:\/\/www.claret.cat\/es\/wp-json\/wp\/v2\/product\/371383","targetHints":{"allow":["GET"]}}],"collection":[{"href":"https:\/\/www.claret.cat\/es\/wp-json\/wp\/v2\/product"}],"about":[{"href":"https:\/\/www.claret.cat\/es\/wp-json\/wp\/v2\/types\/product"}],"wp:featuredmedia":[{"embeddable":true,"href":"https:\/\/www.claret.cat\/es\/wp-json\/wp\/v2\/media\/371577"}],"wp:attachment":[{"href":"https:\/\/www.claret.cat\/es\/wp-json\/wp\/v2\/media?parent=371383"}],"wp:term":[{"taxonomy":"product_brand","embeddable":true,"href":"https:\/\/www.claret.cat\/es\/wp-json\/wp\/v2\/product_brand?post=371383"},{"taxonomy":"product_cat","embeddable":true,"href":"https:\/\/www.claret.cat\/es\/wp-json\/wp\/v2\/product_cat?post=371383"},{"taxonomy":"product_tag","embeddable":true,"href":"https:\/\/www.claret.cat\/es\/wp-json\/wp\/v2\/product_tag?post=371383"}],"curies":[{"name":"wp","href":"https:\/\/api.w.org\/{rel}","templated":true}]}}