{"id":371462,"date":"2023-01-17T19:37:14","date_gmt":"2023-01-17T18:37:14","guid":{"rendered":"https:\/\/www.claret.cat\/llibre\/un-pais-banado-en-sangre-9788432241581\/"},"modified":"2024-08-26T12:30:20","modified_gmt":"2024-08-26T10:30:20","slug":"un-pais-banado-en-sangre-9788432241581","status":"publish","type":"product","link":"https:\/\/www.claret.cat\/es\/libro\/un-pais-banado-en-sangre-9788432241581\/","title":{"rendered":"UN PA\u00cdS BA\u00d1ADO EN SANGRE"},"content":{"rendered":"<p>\u00abLa pistola que mat\u00f3 a mi abuelo es la misma arma que destroz\u00f3 la vida de mi padre\u00bb<br \/> Paul Auster, como la mayor\u00eda de los ni\u00f1os estadounidenses, creci\u00f3 jugando con pistolas de juguete e imitando a los vaqueros de las pel\u00edculas del Oeste. Pero tambi\u00e9n aprendi\u00f3 que las familias pueden quedar destrozadas como consecuencia de la violencia: su abuela dispar\u00f3 y mat\u00f3 a su abuelo cuando su padre ten\u00eda solo seis a\u00f1os, algo que afect\u00f3 a la vida de toda la familia durante d\u00e9cadas.<br \/> Ning\u00fan tema divide m\u00e1s a los estadounidenses que el debate sobre las armas y, cada d\u00eda, m\u00e1s de cien personas mueren a causa de ellas. Estas cifras se alejan tanto de lo que sucede en otros pa\u00edses que solo cabe preguntarse por qu\u00e9. \u00ab\u00bfPor qu\u00e9 es tan diferente Estados Unidos y qu\u00e9 nos convierte en el pa\u00eds m\u00e1s violento del mundo occidental?\u00bb, escribe Auster.<br \/> La maestr\u00eda narrativa de Paul Auster se une a las impactantes fotograf\u00edas de Spencer Ostrander en un libro que mezcla biograf\u00eda, an\u00e9cdotas hist\u00f3ricas y un an\u00e1lisis certero de los datos. Un pa\u00eds ba\u00f1ado en sangre abarca desde el origen de Estados Unidos, marcado por el conflicto armado contra la poblaci\u00f3n nativa y la esclavitud de millones de personas, hasta los tiroteos masivos que dominan la actualidad informativa, en un c\u00edrculo vicioso que se alimenta a s\u00ed mismo.<\/p>\n","protected":false},"excerpt":{"rendered":"<p>AUSTER, PAUL \/ OSTRANDER, SPENCER<\/p>\n","protected":false},"featured_media":976269,"template":"","meta":{"_acf_changed":false,"om_disable_all_campaigns":false,"rs_blank_template":"","rs_page_bg_color":"","slide_template_v7":"","inline_featured_image":false,"_monsterinsights_skip_tracking":false,"_monsterinsights_sitenote_active":false,"_monsterinsights_sitenote_note":"","_monsterinsights_sitenote_category":0},"product_brand":[],"product_cat":[152,429],"product_tag":[],"class_list":{"0":"post-371462","1":"product","2":"type-product","3":"status-publish","4":"has-post-thumbnail","6":"product_cat-el-mon-actual","7":"product_cat-el-mundo-actual","9":"first","10":"instock","11":"taxable","12":"shipping-taxable","13":"purchasable","14":"product-type-simple"},"acf":{"editorial":[{"ID":6361,"post_author":"3","post_date":"2022-07-28 17:50:32","post_date_gmt":"2022-07-28 15:50:32","post_content":"","post_title":"SEIX BARRAL, EDICIONES","post_excerpt":"","post_status":"publish","comment_status":"closed","ping_status":"closed","post_password":"","post_name":"seix-barral-ediciones","to_ping":"","pinged":"","post_modified":"2022-07-28 17:50:32","post_modified_gmt":"2022-07-28 15:50:32","post_content_filtered":"","post_parent":0,"guid":"http:\/\/dev.claret.cat\/editorial\/seix-barral-ediciones\/","menu_order":0,"post_type":"editorial","post_mime_type":"","comment_count":"0","filter":"raw"}],"autor":"AUSTER, PAUL \/ OSTRANDER, SPENCER","codart":"843224158","libros-coleccion":"Los Tres Mundos","ediciones":"1","encuadernacion":"R\u00fastica","fecha_de_publicacion":"01\/01\/2023","novedad":"1","paginas":"192","subtitulo":"FOTOGRAF\u00cdAS DE SPENCER OSTRANDER","orden":"0","portada":"0","idioma":"spa","autores-libros":[{"ID":428796,"post_author":"3","post_date":"2023-05-16 09:34:38","post_date_gmt":"2023-05-16 07:34:38","post_content":"","post_title":"SPENCER OSTRANDER","post_excerpt":"","post_status":"publish","comment_status":"closed","ping_status":"closed","post_password":"","post_name":"spencer-ostrander","to_ping":"","pinged":"","post_modified":"2023-05-16 09:34:38","post_modified_gmt":"2023-05-16 07:34:38","post_content_filtered":"","post_parent":0,"guid":"https:\/\/www.claret.cat\/autor\/spencer-ostrander\/","menu_order":0,"post_type":"autor","post_mime_type":"","comment_count":"0","filter":"raw"},{"ID":166714,"post_author":"3","post_date":"2022-10-14 18:05:27","post_date_gmt":"2022-10-14 16:05:27","post_content":"","post_title":"PAUL AUSTER","post_excerpt":"","post_status":"publish","comment_status":"closed","ping_status":"closed","post_password":"","post_name":"paul-auster","to_ping":"","pinged":"","post_modified":"2022-10-14 18:05:27","post_modified_gmt":"2022-10-14 16:05:27","post_content_filtered":"","post_parent":0,"guid":"http:\/\/dev.claret.cat\/autor\/paul-auster\/","menu_order":0,"post_type":"autor","post_mime_type":"","comment_count":"0","filter":"raw"}]},"aioseo_notices":[],"_links":{"self":[{"href":"https:\/\/www.claret.cat\/es\/wp-json\/wp\/v2\/product\/371462","targetHints":{"allow":["GET"]}}],"collection":[{"href":"https:\/\/www.claret.cat\/es\/wp-json\/wp\/v2\/product"}],"about":[{"href":"https:\/\/www.claret.cat\/es\/wp-json\/wp\/v2\/types\/product"}],"wp:featuredmedia":[{"embeddable":true,"href":"https:\/\/www.claret.cat\/es\/wp-json\/wp\/v2\/media\/976269"}],"wp:attachment":[{"href":"https:\/\/www.claret.cat\/es\/wp-json\/wp\/v2\/media?parent=371462"}],"wp:term":[{"taxonomy":"product_brand","embeddable":true,"href":"https:\/\/www.claret.cat\/es\/wp-json\/wp\/v2\/product_brand?post=371462"},{"taxonomy":"product_cat","embeddable":true,"href":"https:\/\/www.claret.cat\/es\/wp-json\/wp\/v2\/product_cat?post=371462"},{"taxonomy":"product_tag","embeddable":true,"href":"https:\/\/www.claret.cat\/es\/wp-json\/wp\/v2\/product_tag?post=371462"}],"curies":[{"name":"wp","href":"https:\/\/api.w.org\/{rel}","templated":true}]}}