{"id":371495,"date":"2023-01-17T19:50:55","date_gmt":"2023-01-17T18:50:55","guid":{"rendered":"https:\/\/www.claret.cat\/llibre\/greenlights-tu-diario-tu-viaje-9788448032692\/"},"modified":"2023-10-06T06:29:48","modified_gmt":"2023-10-06T04:29:48","slug":"greenlights-tu-diario-tu-viaje-9788448032692","status":"publish","type":"product","link":"https:\/\/www.claret.cat\/es\/libro\/greenlights-tu-diario-tu-viaje-9788448032692\/","title":{"rendered":"GREENLIGHTS &#8211; TU DIARIO, TU VIAJE"},"content":{"rendered":"<p>Matthew McConaughey ha estado escribiendo diarios desde que ten\u00eda quince a\u00f1os. Sus aventuras lo han llevado de Texas a Australia, pasando por Mali y el Per\u00fa, y las ha narrado todas. Este diario tan aut\u00e9ntico y poco convencional como su autor, invita a entrar y ser parte de \u00e9l: recordar, reflexionar y meditar, pero tambi\u00e9n a salir: aventurarse, correr riesgos y so\u00f1ar en grande. \u00bfQui\u00e9n podr\u00eda ser un mejor gu\u00eda para los que emprendan el camino hacia la comprensi\u00f3n de sus vidas del pasado, el presente y el futuro?<\/p>\n","protected":false},"excerpt":{"rendered":"<p>MCCONAUGHEY, MATTHEW<\/p>\n","protected":false},"featured_media":372604,"template":"","meta":{"_acf_changed":false,"om_disable_all_campaigns":false,"rs_blank_template":"","rs_page_bg_color":"","slide_template_v7":"","inline_featured_image":false,"_monsterinsights_skip_tracking":false,"_monsterinsights_sitenote_active":false,"_monsterinsights_sitenote_note":"","_monsterinsights_sitenote_category":0},"product_brand":[],"product_cat":[557],"product_tag":[],"class_list":{"0":"post-371495","1":"product","2":"type-product","3":"status-publish","4":"has-post-thumbnail","6":"product_cat-guias-de-viaje","8":"first","9":"instock","10":"taxable","11":"shipping-taxable","12":"purchasable","13":"product-type-simple"},"acf":{"editorial":[{"ID":148426,"post_author":"3","post_date":"2022-10-14 11:58:09","post_date_gmt":"2022-10-14 09:58:09","post_content":"","post_title":"LIBROS C\u00daPULA","post_excerpt":"","post_status":"publish","comment_status":"closed","ping_status":"closed","post_password":"","post_name":"libros-cupula","to_ping":"","pinged":"","post_modified":"2022-10-14 11:58:09","post_modified_gmt":"2022-10-14 09:58:09","post_content_filtered":"","post_parent":0,"guid":"http:\/\/dev.claret.cat\/editorial\/libros-cupula\/","menu_order":0,"post_type":"editorial","post_mime_type":"","comment_count":"0","filter":"raw"}],"autor":"MCCONAUGHEY, MATTHEW","codart":"844803269","libros-coleccion":"Pr\u00e1cticos","ediciones":"1","encuadernacion":"Carton\u00e9","fecha_de_publicacion":"01\/01\/2023","novedad":"1","paginas":"128","subtitulo":"","orden":"0","portada":"0","idioma":"spa","autores-libros":[{"ID":164482,"post_author":"3","post_date":"2022-10-14 17:47:25","post_date_gmt":"2022-10-14 15:47:25","post_content":"","post_title":"MATTHEW MCCONAUGHEY","post_excerpt":"","post_status":"publish","comment_status":"closed","ping_status":"closed","post_password":"","post_name":"matthew-mcconaughey","to_ping":"","pinged":"","post_modified":"2022-10-14 17:47:25","post_modified_gmt":"2022-10-14 15:47:25","post_content_filtered":"","post_parent":0,"guid":"http:\/\/dev.claret.cat\/autor\/matthew-mcconaughey\/","menu_order":0,"post_type":"autor","post_mime_type":"","comment_count":"0","filter":"raw"}]},"aioseo_notices":[],"_links":{"self":[{"href":"https:\/\/www.claret.cat\/es\/wp-json\/wp\/v2\/product\/371495","targetHints":{"allow":["GET"]}}],"collection":[{"href":"https:\/\/www.claret.cat\/es\/wp-json\/wp\/v2\/product"}],"about":[{"href":"https:\/\/www.claret.cat\/es\/wp-json\/wp\/v2\/types\/product"}],"wp:featuredmedia":[{"embeddable":true,"href":"https:\/\/www.claret.cat\/es\/wp-json\/wp\/v2\/media\/372604"}],"wp:attachment":[{"href":"https:\/\/www.claret.cat\/es\/wp-json\/wp\/v2\/media?parent=371495"}],"wp:term":[{"taxonomy":"product_brand","embeddable":true,"href":"https:\/\/www.claret.cat\/es\/wp-json\/wp\/v2\/product_brand?post=371495"},{"taxonomy":"product_cat","embeddable":true,"href":"https:\/\/www.claret.cat\/es\/wp-json\/wp\/v2\/product_cat?post=371495"},{"taxonomy":"product_tag","embeddable":true,"href":"https:\/\/www.claret.cat\/es\/wp-json\/wp\/v2\/product_tag?post=371495"}],"curies":[{"name":"wp","href":"https:\/\/api.w.org\/{rel}","templated":true}]}}