{"id":371628,"date":"2023-01-18T11:10:05","date_gmt":"2023-01-18T10:10:05","guid":{"rendered":"https:\/\/www.claret.cat\/llibre\/jesus-el-galileo-armado-9788441419629\/"},"modified":"2023-06-06T18:15:36","modified_gmt":"2023-06-06T16:15:36","slug":"jesus-el-galileo-armado-9788441419629","status":"publish","type":"product","link":"https:\/\/www.claret.cat\/es\/libro\/jesus-el-galileo-armado-9788441419629\/","title":{"rendered":"JES\u00daS EL GALILEO ARMADO"},"content":{"rendered":"<p>El Imperio romano tuvo que luchar sin descanso contra los insurrectos jud\u00edos que, inspirados en las gestas de los Macabeos, pretend\u00edan liberar la tierra de Israel del yugo extranjero. Uno de estos sediciosos fue el galileo Jes\u00fas el Nazoreo, arrestado y crucificado por el gobernador Poncio Pilato. La figura de Jes\u00fas entr\u00f3 inmediatamente en un ciclo legendario que har\u00eda de \u00e9l un maestro, un hacedor de milagros, un profeta del Mes\u00edas, el mismo Mes\u00edas y, al cabo, el Hijo de Dios. La inmensa mayor\u00eda de las obras consagradas a Jes\u00fas se mueven en el \u00e1mbito de estas creencias, aceptando como hist\u00f3rico el personaje presentado por el mito y la leyenda. La cr\u00edtica hist\u00f3rica laica, por medio de un riguroso examen de los documentos, permite deslindar los elementos m\u00edticos, las creaciones legendarias y los hechos verificables, situando a Jes\u00fas en su verdadero contexto, que es el de la lucha armada contra los romanos. Esta misma cr\u00edtica hist\u00f3rica ha permitido identificar junto a Jes\u00fas la important\u00edsima figura de su hermano Santiago, el verdadero fundador y gu\u00eda de la primera comunidad cristiana de Jerusal\u00e9n, personaje que la leyenda cristiana ortodoxa pretendi\u00f3 ocultar bajo una cortina de humo y que los documentos de las corrientes marginales, y en particular las fuentes coptas, restituyen al lugar que le corresponde. Este libro analiza todos los documentos cristianos, jud\u00edos y paganos concernientes a Jes\u00fas, y por medio de criterios rigurosos intenta rescatar los datos que permitir\u00e1n configurar una imagen plausible del Jes\u00fas de la historia, libre de las contaminaciones de las creencias y de las leyendas. Obra sin duda pol\u00e9mica, pero dif\u00edcilmente objetable a la luz de la documentaci\u00f3n hist\u00f3rica, de la mano de un especialista de talla internacional.<\/p>\n","protected":false},"excerpt":{"rendered":"<p>MONTSERRAT TORRENTS, JOS\u00c9<\/p>\n","protected":false},"featured_media":374819,"template":"","meta":{"_acf_changed":false,"om_disable_all_campaigns":false,"rs_blank_template":"","rs_page_bg_color":"","slide_template_v7":"","inline_featured_image":false,"_monsterinsights_skip_tracking":false,"_monsterinsights_sitenote_active":false,"_monsterinsights_sitenote_note":"","_monsterinsights_sitenote_category":0},"product_brand":[],"product_cat":[385,208,487,234,491,241],"product_tag":[],"class_list":{"0":"post-371628","1":"product","2":"type-product","3":"status-publish","4":"has-post-thumbnail","6":"product_cat-apocrifos","7":"product_cat-apocrifs","8":"product_cat-cristocentrica-espiritualidad-1_espiritualidad","9":"product_cat-cristocentrica","10":"product_cat-testimonios","11":"product_cat-testimonis","13":"first","14":"instock","15":"taxable","16":"shipping-taxable","17":"purchasable","18":"product-type-simple"},"acf":{"editorial":[{"ID":261983,"post_author":"3","post_date":"2022-10-24 11:18:24","post_date_gmt":"2022-10-24 09:18:24","post_content":"","post_title":"EDAF, EDICIONES","post_excerpt":"","post_status":"publish","comment_status":"closed","ping_status":"closed","post_password":"","post_name":"edaf-ediciones","to_ping":"","pinged":"","post_modified":"2022-10-24 11:18:24","post_modified_gmt":"2022-10-24 09:18:24","post_content_filtered":"","post_parent":0,"guid":"http:\/\/dev.claret.cat\/editorial\/edaf-ediciones\/","menu_order":0,"post_type":"editorial","post_mime_type":"","comment_count":"0","filter":"raw"}],"autores-libros":[{"ID":160520,"post_author":"3","post_date":"2022-10-14 15:53:44","post_date_gmt":"2022-10-14 13:53:44","post_content":"","post_title":"JOSE MONTSERRAT TORRENTS","post_excerpt":"","post_status":"publish","comment_status":"closed","ping_status":"closed","post_password":"","post_name":"jose-montserrat-torrents","to_ping":"","pinged":"","post_modified":"2022-10-14 15:53:44","post_modified_gmt":"2022-10-14 13:53:44","post_content_filtered":"","post_parent":0,"guid":"http:\/\/dev.claret.cat\/autor\/jose-montserrat-torrents\/","menu_order":0,"post_type":"autor","post_mime_type":"","comment_count":"0","filter":"raw"}],"autor":"MONTSERRAT TORRENTS, JOS\u00c9","codart":"844141962","libros-coleccion":"Jerusalem","ediciones":"1","encuadernacion":"R\u00fastica","fecha_de_publicacion":"05\/11\/2007","novedad":"0","paginas":"208","subtitulo":"HISTORIA LAICA DE JES\u00daS","orden":"999","portada":"0","idioma":"spa"},"aioseo_notices":[],"_links":{"self":[{"href":"https:\/\/www.claret.cat\/es\/wp-json\/wp\/v2\/product\/371628","targetHints":{"allow":["GET"]}}],"collection":[{"href":"https:\/\/www.claret.cat\/es\/wp-json\/wp\/v2\/product"}],"about":[{"href":"https:\/\/www.claret.cat\/es\/wp-json\/wp\/v2\/types\/product"}],"wp:featuredmedia":[{"embeddable":true,"href":"https:\/\/www.claret.cat\/es\/wp-json\/wp\/v2\/media\/374819"}],"wp:attachment":[{"href":"https:\/\/www.claret.cat\/es\/wp-json\/wp\/v2\/media?parent=371628"}],"wp:term":[{"taxonomy":"product_brand","embeddable":true,"href":"https:\/\/www.claret.cat\/es\/wp-json\/wp\/v2\/product_brand?post=371628"},{"taxonomy":"product_cat","embeddable":true,"href":"https:\/\/www.claret.cat\/es\/wp-json\/wp\/v2\/product_cat?post=371628"},{"taxonomy":"product_tag","embeddable":true,"href":"https:\/\/www.claret.cat\/es\/wp-json\/wp\/v2\/product_tag?post=371628"}],"curies":[{"name":"wp","href":"https:\/\/api.w.org\/{rel}","templated":true}]}}