{"id":372209,"date":"2023-01-18T14:15:02","date_gmt":"2023-01-18T13:15:02","guid":{"rendered":"https:\/\/www.claret.cat\/llibre\/animals-busca-i-troba-9781803708515\/"},"modified":"2023-10-06T06:43:23","modified_gmt":"2023-10-06T04:43:23","slug":"animals-busca-i-troba-9781803708515","status":"publish","type":"product","link":"https:\/\/www.claret.cat\/es\/libro\/animals-busca-i-troba-9781803708515\/","title":{"rendered":"ANIMALS BUSCA I TROBA"},"content":{"rendered":"<p>Un llibre d&#8217;activitats amb divertides il\u00b7lustracions d&#8217;objectes i animals que els nens han de buscar, comptar o emparellar, com ara un lloro pirata, un cocodril amb mitjons o un cangur que porta un past\u00eds.<br \/> A m\u00e9s, a peu de p\u00e0gina hi trobaran una llista amb m\u00e9s animals i coses per descobrir. Tampoc no hi falta el ratolinet blanc, que s&#8217;amaga a cada p\u00e0gina.<\/p>\n","protected":false},"excerpt":{"rendered":"<p>ROBSON, KIRSTEEN<\/p>\n","protected":false},"featured_media":376461,"template":"","meta":{"_acf_changed":false,"om_disable_all_campaigns":false,"rs_blank_template":"","rs_page_bg_color":"","slide_template_v7":"","inline_featured_image":false,"_monsterinsights_skip_tracking":false,"_monsterinsights_sitenote_active":false,"_monsterinsights_sitenote_note":"","_monsterinsights_sitenote_category":0},"product_brand":[],"product_cat":[135],"product_tag":[],"class_list":{"0":"post-372209","1":"product","2":"type-product","3":"status-publish","4":"has-post-thumbnail","6":"product_cat-entreteniment","8":"first","9":"instock","10":"taxable","11":"shipping-taxable","12":"purchasable","13":"product-type-simple"},"acf":{"editorial":[{"ID":148940,"post_author":"3","post_date":"2022-10-14 12:02:11","post_date_gmt":"2022-10-14 10:02:11","post_content":"","post_title":"Usborne Publishing","post_excerpt":"","post_status":"publish","comment_status":"closed","ping_status":"closed","post_password":"","post_name":"usborne-publishing","to_ping":"","pinged":"","post_modified":"2022-10-14 12:02:11","post_modified_gmt":"2022-10-14 10:02:11","post_content_filtered":"","post_parent":0,"guid":"http:\/\/dev.claret.cat\/editorial\/usborne-publishing\/","menu_order":0,"post_type":"editorial","post_mime_type":"","comment_count":"0","filter":"raw"}],"autor":"ROBSON, KIRSTEEN","codart":"180370851","libros-coleccion":"FORA DE COL.LECCI\u00d3","ediciones":"1","encuadernacion":"R\u00fastica","fecha_de_publicacion":"01\/01\/2023","novedad":"1","paginas":"32","subtitulo":"","orden":"0","portada":"0","idioma":"cat","autores-libros":[{"ID":161700,"post_author":"3","post_date":"2022-10-14 17:20:20","post_date_gmt":"2022-10-14 15:20:20","post_content":"","post_title":"KIRSTEEN ROBSON","post_excerpt":"","post_status":"publish","comment_status":"closed","ping_status":"closed","post_password":"","post_name":"kirsteen-robson","to_ping":"","pinged":"","post_modified":"2022-10-14 17:20:20","post_modified_gmt":"2022-10-14 15:20:20","post_content_filtered":"","post_parent":0,"guid":"http:\/\/dev.claret.cat\/autor\/kirsteen-robson\/","menu_order":0,"post_type":"autor","post_mime_type":"","comment_count":"0","filter":"raw"}]},"aioseo_notices":[],"_links":{"self":[{"href":"https:\/\/www.claret.cat\/es\/wp-json\/wp\/v2\/product\/372209","targetHints":{"allow":["GET"]}}],"collection":[{"href":"https:\/\/www.claret.cat\/es\/wp-json\/wp\/v2\/product"}],"about":[{"href":"https:\/\/www.claret.cat\/es\/wp-json\/wp\/v2\/types\/product"}],"wp:featuredmedia":[{"embeddable":true,"href":"https:\/\/www.claret.cat\/es\/wp-json\/wp\/v2\/media\/376461"}],"wp:attachment":[{"href":"https:\/\/www.claret.cat\/es\/wp-json\/wp\/v2\/media?parent=372209"}],"wp:term":[{"taxonomy":"product_brand","embeddable":true,"href":"https:\/\/www.claret.cat\/es\/wp-json\/wp\/v2\/product_brand?post=372209"},{"taxonomy":"product_cat","embeddable":true,"href":"https:\/\/www.claret.cat\/es\/wp-json\/wp\/v2\/product_cat?post=372209"},{"taxonomy":"product_tag","embeddable":true,"href":"https:\/\/www.claret.cat\/es\/wp-json\/wp\/v2\/product_tag?post=372209"}],"curies":[{"name":"wp","href":"https:\/\/api.w.org\/{rel}","templated":true}]}}