{"id":37237,"date":"2022-10-02T18:32:44","date_gmt":"2022-10-02T16:32:44","guid":{"rendered":"http:\/\/dev.claret.cat\/producte\/apocrifos-cristianos-antiguos\/"},"modified":"2024-05-23T04:51:43","modified_gmt":"2024-05-23T02:51:43","slug":"apocrifos-cristianos-antiguos-9788490737842","status":"publish","type":"product","link":"https:\/\/www.claret.cat\/es\/libro\/apocrifos-cristianos-antiguos-9788490737842\/","title":{"rendered":"AP\u00d3CRIFOS CRISTIANOS ANTIGUOS"},"content":{"rendered":"<p>Este volumen se ocupa de los textos de los ap\u00f3crifos cristianos antiguos (llamados tambi\u00e9n \u00abap\u00f3crifos del Nuevo Testamento\u00bb).   El libro dedica al tema una amplia introducci\u00f3n a la que siguen las tres partes en que esta\u00b4 organizado. En la primera, las autoras examinan la recepci\u00f3n de pasajes b\u00edblicos relevantes en relaci\u00f3n con el g\u00e9nero en los textos ap\u00f3crifos redescubiertos recientemente, sobre todo a partir de Nag Hammadi. La segunda parte esta\u00b4 dedicada a los evangelios de la infancia de Jes\u00fas y las colecciones ap\u00f3crifas de hechos de los ap\u00f3stoles, incluyendo el Evangelio de Santiago y los Hechos de Tecla, los Hechos de Andr\u00e9s y los Hechos de Pedro. La tercera parte se ocupa de aquellos textos y tradiciones en los que las mujeres aparecen como autoras, entre ellos la Pasi\u00f3n de las santas Perpetua y Felicidad, los poemas sobre Proba y Eudoquia, y el relato de la peregrinaci\u00f3n de Egeria, todos ellos estudiados en funci\u00f3n de la recepci\u00f3n de los textos b\u00edblicos por parte de las mujeres.<\/p>\n","protected":false},"excerpt":{"rendered":"<p>LEHTIPUU, OUTI;  PETERSEN, SILKE<\/p>\n","protected":false},"featured_media":454047,"template":"","meta":{"_acf_changed":false,"om_disable_all_campaigns":false,"rs_blank_template":"","rs_page_bg_color":"","slide_template_v7":"","inline_featured_image":false,"_monsterinsights_skip_tracking":false,"_monsterinsights_sitenote_active":false,"_monsterinsights_sitenote_note":"","_monsterinsights_sitenote_category":0},"product_brand":[],"product_cat":[385,208],"product_tag":[],"class_list":{"0":"post-37237","1":"product","2":"type-product","3":"status-publish","4":"has-post-thumbnail","6":"product_cat-apocrifos","7":"product_cat-apocrifs","9":"first","10":"instock","11":"taxable","12":"shipping-taxable","13":"purchasable","14":"product-type-simple"},"acf":{"autor":"LEHTIPUU, OUTI;  PETERSEN, SILKE","codart":"849073784","libros-coleccion":"","ediciones":"1","encuadernacion":"R\u00fastica","fecha_de_publicacion":"09\/05\/2022","novedad":"1","paginas":"360","subtitulo":"TEXTOS MARGINALES DEL CRISTIANISMO PRIMITIVO","orden":"0","portada":"0","idioma":"spa","editorial":[{"ID":6390,"post_author":"3","post_date":"2022-07-28 17:51:08","post_date_gmt":"2022-07-28 15:51:08","post_content":"","post_title":"VERBO DIVINO","post_excerpt":"","post_status":"publish","comment_status":"closed","ping_status":"closed","post_password":"","post_name":"verbo-divino","to_ping":"","pinged":"","post_modified":"2022-07-28 17:51:08","post_modified_gmt":"2022-07-28 15:51:08","post_content_filtered":"","post_parent":0,"guid":"http:\/\/dev.claret.cat\/editorial\/verbo-divino\/","menu_order":0,"post_type":"editorial","post_mime_type":"","comment_count":"0","filter":"raw"}],"autores-libros":[{"ID":166352,"post_author":"3","post_date":"2022-10-14 18:02:28","post_date_gmt":"2022-10-14 16:02:28","post_content":"","post_title":"OUTI LEHTIPUU","post_excerpt":"","post_status":"publish","comment_status":"closed","ping_status":"closed","post_password":"","post_name":"outi-lehtipuu","to_ping":"","pinged":"","post_modified":"2022-10-14 18:02:28","post_modified_gmt":"2022-10-14 16:02:28","post_content_filtered":"","post_parent":0,"guid":"http:\/\/dev.claret.cat\/autor\/outi-lehtipuu\/","menu_order":0,"post_type":"autor","post_mime_type":"","comment_count":"0","filter":"raw"},{"ID":169468,"post_author":"3","post_date":"2022-10-14 22:27:28","post_date_gmt":"2022-10-14 20:27:28","post_content":"","post_title":"SILKE PETERSEN","post_excerpt":"","post_status":"publish","comment_status":"closed","ping_status":"closed","post_password":"","post_name":"silke-petersen","to_ping":"","pinged":"","post_modified":"2022-10-14 22:27:28","post_modified_gmt":"2022-10-14 20:27:28","post_content_filtered":"","post_parent":0,"guid":"http:\/\/dev.claret.cat\/autor\/silke-petersen\/","menu_order":0,"post_type":"autor","post_mime_type":"","comment_count":"0","filter":"raw"}]},"aioseo_notices":[],"_links":{"self":[{"href":"https:\/\/www.claret.cat\/es\/wp-json\/wp\/v2\/product\/37237","targetHints":{"allow":["GET"]}}],"collection":[{"href":"https:\/\/www.claret.cat\/es\/wp-json\/wp\/v2\/product"}],"about":[{"href":"https:\/\/www.claret.cat\/es\/wp-json\/wp\/v2\/types\/product"}],"wp:featuredmedia":[{"embeddable":true,"href":"https:\/\/www.claret.cat\/es\/wp-json\/wp\/v2\/media\/454047"}],"wp:attachment":[{"href":"https:\/\/www.claret.cat\/es\/wp-json\/wp\/v2\/media?parent=37237"}],"wp:term":[{"taxonomy":"product_brand","embeddable":true,"href":"https:\/\/www.claret.cat\/es\/wp-json\/wp\/v2\/product_brand?post=37237"},{"taxonomy":"product_cat","embeddable":true,"href":"https:\/\/www.claret.cat\/es\/wp-json\/wp\/v2\/product_cat?post=37237"},{"taxonomy":"product_tag","embeddable":true,"href":"https:\/\/www.claret.cat\/es\/wp-json\/wp\/v2\/product_tag?post=37237"}],"curies":[{"name":"wp","href":"https:\/\/api.w.org\/{rel}","templated":true}]}}