{"id":37243,"date":"2022-10-02T18:32:49","date_gmt":"2022-10-02T16:32:49","guid":{"rendered":"http:\/\/dev.claret.cat\/producte\/estuvo-casado-jesus\/"},"modified":"2024-05-23T04:51:31","modified_gmt":"2024-05-23T02:51:31","slug":"estuvo-casado-jesus-9788490737828","status":"publish","type":"product","link":"https:\/\/www.claret.cat\/es\/libro\/estuvo-casado-jesus-9788490737828\/","title":{"rendered":"\u00bfESTUVO CASADO JES\u00daS?"},"content":{"rendered":"<p>\u00bfCu\u00e1nto tiempo dur\u00f3 el diluvio universal? \u00bfCu\u00e1ntas fueron las plagas de Egipto? \u00bfPor qu\u00e9 el libro de Ester casi qued\u00f3 fuera de la Biblia? \u00bfPor qu\u00e9 Ezequiel tuvo que comerse un libro? \u00bfEstuvo casado Jes\u00fas?? A estas preguntas y a otras preguntas responde de manera amena y rigurosa Ariel \u00c1lvarez Vald\u00e9s en esta obra.   Las cuestiones de este libro ya fueron tratadas y analizadas por otros exegetas, pero aqu\u00ed se exponen de manera sencilla, simple y comprensible para los no especialistas, a fin de llenar el vac\u00edo divulgativo que existe en nuestro medio sobre estos temas, y establecer un puente entre las investigaciones de los exegetas y el pueblo de Dios.<\/p>\n","protected":false},"excerpt":{"rendered":"<p>\u00c1LVAREZ VALD\u00c9S, ARIEL<\/p>\n","protected":false},"featured_media":373087,"template":"","meta":{"_acf_changed":false,"om_disable_all_campaigns":false,"rs_blank_template":"","rs_page_bg_color":"","slide_template_v7":"","inline_featured_image":false,"_monsterinsights_skip_tracking":false,"_monsterinsights_sitenote_active":false,"_monsterinsights_sitenote_note":"","_monsterinsights_sitenote_category":0},"product_brand":[],"product_cat":[541,91,276,414],"product_tag":[],"class_list":{"0":"post-37243","1":"product","2":"type-product","3":"status-publish","4":"has-post-thumbnail","6":"product_cat-cristologia-1_espiritualidad-spa","7":"product_cat-cristologia","8":"product_cat-cristologia-teologia","9":"product_cat-cristologia-teologia-1_espiritualidad","11":"first","12":"instock","13":"taxable","14":"shipping-taxable","15":"purchasable","16":"product-type-simple"},"acf":{"autor":"\u00c1LVAREZ VALD\u00c9S, ARIEL","codart":"849073782","libros-coleccion":"","ediciones":"1","encuadernacion":"R\u00fastica","fecha_de_publicacion":"09\/05\/2022","novedad":"1","paginas":"176","subtitulo":"Y OTRAS 19 PREGUNTAS SOBRE LA BIBLIA","orden":"0","portada":"0","idioma":"spa","editorial":[{"ID":6390,"post_author":"3","post_date":"2022-07-28 17:51:08","post_date_gmt":"2022-07-28 15:51:08","post_content":"","post_title":"VERBO DIVINO","post_excerpt":"","post_status":"publish","comment_status":"closed","ping_status":"closed","post_password":"","post_name":"verbo-divino","to_ping":"","pinged":"","post_modified":"2022-07-28 17:51:08","post_modified_gmt":"2022-07-28 15:51:08","post_content_filtered":"","post_parent":0,"guid":"http:\/\/dev.claret.cat\/editorial\/verbo-divino\/","menu_order":0,"post_type":"editorial","post_mime_type":"","comment_count":"0","filter":"raw"}],"autores-libros":[{"ID":151077,"post_author":"3","post_date":"2022-10-14 14:38:01","post_date_gmt":"2022-10-14 12:38:01","post_content":"","post_title":"ARIEL ALVAREZ VALDES","post_excerpt":"","post_status":"publish","comment_status":"closed","ping_status":"closed","post_password":"","post_name":"ariel-alvarez-valdes","to_ping":"","pinged":"","post_modified":"2022-10-14 14:38:01","post_modified_gmt":"2022-10-14 12:38:01","post_content_filtered":"","post_parent":0,"guid":"http:\/\/dev.claret.cat\/autor\/ariel-alvarez-valdes\/","menu_order":0,"post_type":"autor","post_mime_type":"","comment_count":"0","filter":"raw"}]},"aioseo_notices":[],"_links":{"self":[{"href":"https:\/\/www.claret.cat\/es\/wp-json\/wp\/v2\/product\/37243","targetHints":{"allow":["GET"]}}],"collection":[{"href":"https:\/\/www.claret.cat\/es\/wp-json\/wp\/v2\/product"}],"about":[{"href":"https:\/\/www.claret.cat\/es\/wp-json\/wp\/v2\/types\/product"}],"wp:featuredmedia":[{"embeddable":true,"href":"https:\/\/www.claret.cat\/es\/wp-json\/wp\/v2\/media\/373087"}],"wp:attachment":[{"href":"https:\/\/www.claret.cat\/es\/wp-json\/wp\/v2\/media?parent=37243"}],"wp:term":[{"taxonomy":"product_brand","embeddable":true,"href":"https:\/\/www.claret.cat\/es\/wp-json\/wp\/v2\/product_brand?post=37243"},{"taxonomy":"product_cat","embeddable":true,"href":"https:\/\/www.claret.cat\/es\/wp-json\/wp\/v2\/product_cat?post=37243"},{"taxonomy":"product_tag","embeddable":true,"href":"https:\/\/www.claret.cat\/es\/wp-json\/wp\/v2\/product_tag?post=37243"}],"curies":[{"name":"wp","href":"https:\/\/api.w.org\/{rel}","templated":true}]}}