{"id":372511,"date":"2023-01-18T15:00:52","date_gmt":"2023-01-18T14:00:52","guid":{"rendered":"https:\/\/www.claret.cat\/llibre\/via-crucis-9788419408082\/"},"modified":"2026-03-02T13:00:06","modified_gmt":"2026-03-02T12:00:06","slug":"via-crucis-lugar-de-encuentro-9788419408082","status":"publish","type":"product","link":"https:\/\/www.claret.cat\/es\/libro\/via-crucis-lugar-de-encuentro-9788419408082\/","title":{"rendered":"V\u00cdA CRUCIS. LUGAR DE ENCUENTRO"},"content":{"rendered":"<p>Cada estaci\u00f3n de este V\u00eda crucis muestra un momento \u00fanico, un lugar de encuentro con diversas personas y situaciones, en el doloroso camino de Jes\u00fas hacia el Calvario, al igual que lo hab\u00edan sido otros muchos encuentros en momentos y diferentes lugares durante toda su vida. El papa Francisco nos anima a \u00abtrabajar por esta cultura del encuentro, as\u00ed simplemente, como lo hizo Jes\u00fas\u00bb.<\/p>\n","protected":false},"excerpt":{"rendered":"<p>EQUIPO PAULINAS<\/p>\n","protected":false},"featured_media":393127,"template":"","meta":{"_acf_changed":false,"om_disable_all_campaigns":false,"rs_blank_template":"","rs_page_bg_color":"","slide_template_v7":"","inline_featured_image":false,"_monsterinsights_skip_tracking":false,"_monsterinsights_sitenote_active":false,"_monsterinsights_sitenote_note":"","_monsterinsights_sitenote_category":0},"product_brand":[],"product_cat":[253,399,503,258],"product_tag":[],"class_list":{"0":"post-372511","1":"product","2":"type-product","3":"status-publish","4":"has-post-thumbnail","6":"product_cat-any-liturgic","7":"product_cat-any-liturgic-liturgia-1_espiritualidad","8":"product_cat-paraliturgia-liturgia-1_espiritualidad","9":"product_cat-paraliturgia","11":"first","12":"instock","13":"taxable","14":"shipping-taxable","15":"purchasable","16":"product-type-simple"},"acf":{"editorial":[{"ID":148016,"post_author":"3","post_date":"2022-10-14 11:54:59","post_date_gmt":"2022-10-14 09:54:59","post_content":"","post_title":"Editorial Paulinas","post_excerpt":"","post_status":"publish","comment_status":"closed","ping_status":"closed","post_password":"","post_name":"editorial-paulinas","to_ping":"","pinged":"","post_modified":"2022-10-14 11:54:59","post_modified_gmt":"2022-10-14 09:54:59","post_content_filtered":"","post_parent":0,"guid":"http:\/\/dev.claret.cat\/editorial\/editorial-paulinas\/","menu_order":0,"post_type":"editorial","post_mime_type":"","comment_count":"0","filter":"raw"}],"autor":"EQUIPO PAULINAS","codart":"841940808","libros-coleccion":"Kairoi","ediciones":"1","encuadernacion":"Grapado","fecha_de_publicacion":"01\/01\/2023","novedad":"1","paginas":"36","subtitulo":"LUGAR DE ENCUENTRO","orden":"0","portada":"0","idioma":"spa","autores-libros":[{"ID":155231,"post_author":"3","post_date":"2022-10-14 15:11:11","post_date_gmt":"2022-10-14 13:11:11","post_content":"","post_title":"EQUIPO PAULINAS","post_excerpt":"","post_status":"publish","comment_status":"closed","ping_status":"closed","post_password":"","post_name":"equipo-paulinas","to_ping":"","pinged":"","post_modified":"2022-10-14 15:11:11","post_modified_gmt":"2022-10-14 13:11:11","post_content_filtered":"","post_parent":0,"guid":"http:\/\/dev.claret.cat\/autor\/equipo-paulinas\/","menu_order":0,"post_type":"autor","post_mime_type":"","comment_count":"0","filter":"raw"}],"booktrailer":"","resenas":""},"aioseo_notices":[],"_links":{"self":[{"href":"https:\/\/www.claret.cat\/es\/wp-json\/wp\/v2\/product\/372511","targetHints":{"allow":["GET"]}}],"collection":[{"href":"https:\/\/www.claret.cat\/es\/wp-json\/wp\/v2\/product"}],"about":[{"href":"https:\/\/www.claret.cat\/es\/wp-json\/wp\/v2\/types\/product"}],"wp:featuredmedia":[{"embeddable":true,"href":"https:\/\/www.claret.cat\/es\/wp-json\/wp\/v2\/media\/393127"}],"wp:attachment":[{"href":"https:\/\/www.claret.cat\/es\/wp-json\/wp\/v2\/media?parent=372511"}],"wp:term":[{"taxonomy":"product_brand","embeddable":true,"href":"https:\/\/www.claret.cat\/es\/wp-json\/wp\/v2\/product_brand?post=372511"},{"taxonomy":"product_cat","embeddable":true,"href":"https:\/\/www.claret.cat\/es\/wp-json\/wp\/v2\/product_cat?post=372511"},{"taxonomy":"product_tag","embeddable":true,"href":"https:\/\/www.claret.cat\/es\/wp-json\/wp\/v2\/product_tag?post=372511"}],"curies":[{"name":"wp","href":"https:\/\/api.w.org\/{rel}","templated":true}]}}