{"id":373133,"date":"2023-01-18T16:20:00","date_gmt":"2023-01-18T15:20:00","guid":{"rendered":"https:\/\/www.claret.cat\/llibre\/a-lescolta-de-deu-9788491364597\/"},"modified":"2024-07-09T13:18:19","modified_gmt":"2024-07-09T11:18:19","slug":"a-lescolta-de-deu-9788491364597","status":"publish","type":"product","link":"https:\/\/www.claret.cat\/es\/libro\/a-lescolta-de-deu-9788491364597\/","title":{"rendered":"A L&#8217;ESCOLTA DE D\u00c9U"},"content":{"rendered":"<p>Klaus Hemmerle, en aquest llibre vol oferir a tothom una ajuda per descobrir i aprofundir la preg\u00e0ria, d&#8221;inter\u00e8s per qualsevol, tamb\u00e9 pels no-orants. De fet, el sup\u00f2sit no \u00e9s saber pregar sin\u00f3 voler pregar, la voluntat d&#8221;emprendre juntament amb altres homes i dones l&#8221;aventura de la preg\u00e0ria. \u00c9s un llibre per pensar, sobre D\u00e9u, el m\u00f3n i nosaltres mateixos.<br \/> Com ell mateix ens diu: \u201cs\u00f3n anotacions d&#8221;itineraris en els que qui escriu va ser guiat quan, aprenent, demanava a altres ser instru\u00eft en la preg\u00e0ria o quan a ell mateix se li va demanar de guiar a i en la preg\u00e0ria\u201d.<br \/> En resulta una escola de fe i de preg\u00e0ria que anima el lector \u201ca fer-se trobar en el seu recorregut per Aquell que prega en nosaltres, per a nosaltres i amb nosaltres\u201d, en definitiva, per encaminar-se a una vida de preg\u00e0ria i a una preg\u00e0ria viscuda.<\/p>\n","protected":false},"excerpt":{"rendered":"<p>HEMMERLE, KLAUS<\/p>\n","protected":false},"featured_media":973828,"template":"","meta":{"_acf_changed":false,"om_disable_all_campaigns":false,"rs_blank_template":"","rs_page_bg_color":"","slide_template_v7":"","inline_featured_image":false,"_monsterinsights_skip_tracking":false,"_monsterinsights_sitenote_active":false,"_monsterinsights_sitenote_note":"","_monsterinsights_sitenote_category":0},"product_brand":[],"product_cat":[581,396,247],"product_tag":[],"class_list":{"0":"post-373133","1":"product","2":"type-product","3":"status-publish","4":"has-post-thumbnail","6":"product_cat-editorial-claret","7":"product_cat-oracion","8":"product_cat-pregaria","10":"first","11":"instock","12":"taxable","13":"shipping-taxable","14":"purchasable","15":"product-type-simple"},"acf":{"editorial":[{"ID":6158,"post_author":"3","post_date":"2022-07-28 17:46:08","post_date_gmt":"2022-07-28 15:46:08","post_content":"","post_title":"CLARET","post_excerpt":"","post_status":"publish","comment_status":"closed","ping_status":"closed","post_password":"","post_name":"claret","to_ping":"","pinged":"","post_modified":"2022-07-28 17:46:08","post_modified_gmt":"2022-07-28 15:46:08","post_content_filtered":"","post_parent":0,"guid":"http:\/\/dev.claret.cat\/editorial\/claret\/","menu_order":0,"post_type":"editorial","post_mime_type":"","comment_count":"0","filter":"raw"}],"autor":"HEMMERLE, KLAUS","codart":"849136459","libros-coleccion":"FORA DE COL.LECCI\u00d3","ediciones":"1","encuadernacion":"R\u00fastica","fecha_de_publicacion":"07\/02\/2023","novedad":"1","paginas":"160","subtitulo":"INTRODUCCI\u00d3 A LA PREG\u00c0RIA","orden":"0","portada":"1","idioma":"cat","autores-libros":[{"ID":292605,"post_author":"3","post_date":"2022-12-11 01:21:58","post_date_gmt":"2022-12-11 00:21:58","post_content":"","post_title":"KLAUS HEMMERLE","post_excerpt":"","post_status":"publish","comment_status":"closed","ping_status":"closed","post_password":"","post_name":"klaus-hemmerle","to_ping":"","pinged":"","post_modified":"2022-12-11 01:21:58","post_modified_gmt":"2022-12-11 00:21:58","post_content_filtered":"","post_parent":0,"guid":"http:\/\/dev.claret.cat\/autor\/klaus-hemmerle\/","menu_order":0,"post_type":"autor","post_mime_type":"","comment_count":"0","filter":"raw"}],"traductores-libros":"","ilustradores-libros":"","formato":"","linkebook":"","ficha":"849136459_1685024038.pdf","muestra":"","presentacion":"","booktrailer":"","resenas":"<p>Catalunya Religi\u00f3, 11\/02\/2023<\/p>\n<p><a href=\"https:\/\/www.catalunyareligio.cat\/ca\/editorial-claret-publica-llibre-reservat-als-qui\" rel=\"noopener noreferrer\" target=\"_blank\">https:\/\/www.catalunyareligio.cat\/ca\/editorial-claret-publica-llibre-reservat-als-qui<\/a><\/p>\n<p><\/p>\n<p>Flama, 06\/01\/2023<\/p>\n<p><a href=\"https:\/\/www.flama.info\/modules.php?name=news&amp;amp;idnew=42448&amp;amp;back=1\" rel=\"noopener noreferrer\" target=\"_blank\">https:\/\/www.flama.info\/modules.php?name=news&amp;amp;idnew=42448&amp;amp;back=1<\/a><\/p>\n<p><\/p>\n<p>Catalunya Cristiana (CAT), 05\/03\/2023<\/p>\n<p><a href=\"https:\/\/drive.google.com\/file\/d\/1b28wM2SNIvIaXoXYheBdUfqubhFojFSd\/view?usp=sharing\" rel=\"noopener noreferrer\" target=\"_blank\">https:\/\/drive.google.com\/file\/d\/1b28wM2SNIvIaXoXYheBdUfqubhFojFSd\/view?usp=sharing<\/a><\/p>\n<p><\/p>\n<p>Catalunya Cristiana (CAST), 05\/03\/2023<\/p>\n<p><a href=\"https:\/\/drive.google.com\/file\/d\/1mSdM2iYyLtr0iS5TY1nNsD6OUP05qzF0\/view?usp=sharing\" rel=\"noopener noreferrer\" target=\"_blank\">https:\/\/drive.google.com\/file\/d\/1mSdM2iYyLtr0iS5TY1nNsD6OUP05qzF0\/view?usp=sharing<\/a><\/p>\n<p><\/p>\n<p>Serra d&#8217;Or, 01\/01\/2024<\/p>\n<p><a href=\"https:\/\/drive.google.com\/file\/d\/1FJ7Vd8wb9aA6tvYfmi7mKdZVHaHgDYeY\/view?usp=sharing\" rel=\"noopener noreferrer\" target=\"_blank\">https:\/\/drive.google.com\/file\/d\/1FJ7Vd8wb9aA6tvYfmi7mKdZVHaHgDYeY\/view?usp=sharing<\/a><\/p>\n","recomendamos":"","mas_vendido":"","precioebook":"0","ebookportada":false},"aioseo_notices":[],"_links":{"self":[{"href":"https:\/\/www.claret.cat\/es\/wp-json\/wp\/v2\/product\/373133","targetHints":{"allow":["GET"]}}],"collection":[{"href":"https:\/\/www.claret.cat\/es\/wp-json\/wp\/v2\/product"}],"about":[{"href":"https:\/\/www.claret.cat\/es\/wp-json\/wp\/v2\/types\/product"}],"wp:featuredmedia":[{"embeddable":true,"href":"https:\/\/www.claret.cat\/es\/wp-json\/wp\/v2\/media\/973828"}],"wp:attachment":[{"href":"https:\/\/www.claret.cat\/es\/wp-json\/wp\/v2\/media?parent=373133"}],"wp:term":[{"taxonomy":"product_brand","embeddable":true,"href":"https:\/\/www.claret.cat\/es\/wp-json\/wp\/v2\/product_brand?post=373133"},{"taxonomy":"product_cat","embeddable":true,"href":"https:\/\/www.claret.cat\/es\/wp-json\/wp\/v2\/product_cat?post=373133"},{"taxonomy":"product_tag","embeddable":true,"href":"https:\/\/www.claret.cat\/es\/wp-json\/wp\/v2\/product_tag?post=373133"}],"curies":[{"name":"wp","href":"https:\/\/api.w.org\/{rel}","templated":true}]}}