{"id":37318,"date":"2022-10-02T18:34:00","date_gmt":"2022-10-02T16:34:00","guid":{"rendered":"http:\/\/dev.claret.cat\/producte\/ya-no-necesito-el-panal\/"},"modified":"2023-10-06T09:11:21","modified_gmt":"2023-10-06T07:11:21","slug":"ya-no-necesito-el-panal-9788408252269","status":"publish","type":"product","link":"https:\/\/www.claret.cat\/es\/libro\/ya-no-necesito-el-panal-9788408252269\/","title":{"rendered":"YA NO NECESITO EL PA\u00d1AL"},"content":{"rendered":"<p>Todos los ni\u00f1os y las ni\u00f1as dejan el pa\u00f1al en alg\u00fan momento, cada cual a su ritmo. Este libro explica c\u00f3mo acompa\u00f1ar respetuosamente este proceso, trat\u00e1ndolo de manera natural, cercana y comprensiva.<br \/> Un libro escrito por\u00a0Romina Perez Toldi, pedagoga especializada en primera infancia.\u00a0En la \u00faltima p\u00e1gina incluye una gu\u00eda para familias con las claves para abordar este momento.<br \/> T\u00edtulos de la colecci\u00f3n Salud y bienestar para peques:\u00a0<\/p>\n<p> Zapatos nuevos<br \/> Ya no necesito el pa\u00f1al<br \/> Ya no necesito el chupete<br \/> \u00a1L\u00e1vate las manos!<br \/> \u00a1L\u00e1vate los dientes!<\/p>\n","protected":false},"excerpt":{"rendered":"<p>PEREZ TOLDI, ROMINA<\/p>\n","protected":false},"featured_media":54617,"template":"","meta":{"_acf_changed":false,"om_disable_all_campaigns":false,"rs_blank_template":"","rs_page_bg_color":"","slide_template_v7":"","inline_featured_image":false,"_monsterinsights_skip_tracking":false,"_monsterinsights_sitenote_active":false,"_monsterinsights_sitenote_note":"","_monsterinsights_sitenote_category":0},"product_brand":[],"product_cat":[361],"product_tag":[],"class_list":{"0":"post-37318","1":"product","2":"type-product","3":"status-publish","4":"has-post-thumbnail","6":"product_cat-cuentos-para-ninos-0-6-anos","8":"first","9":"instock","10":"taxable","11":"shipping-taxable","12":"purchasable","13":"product-type-simple"},"acf":{"autor":"PEREZ TOLDI, ROMINA","codart":"840825226","libros-coleccion":"FORA DE COL.LECCI\u00d3","ediciones":"1","encuadernacion":"Carton\u00e9","fecha_de_publicacion":"01\/05\/2022","novedad":"1","paginas":"10","subtitulo":"","orden":"0","portada":"0","idioma":"spa","editorial":[{"ID":6233,"post_author":"3","post_date":"2022-07-28 17:47:48","post_date_gmt":"2022-07-28 15:47:48","post_content":"","post_title":"EDITORIAL PLANETA","post_excerpt":"","post_status":"publish","comment_status":"closed","ping_status":"closed","post_password":"","post_name":"editorial-planeta","to_ping":"","pinged":"","post_modified":"2022-07-28 17:47:48","post_modified_gmt":"2022-07-28 15:47:48","post_content_filtered":"","post_parent":0,"guid":"http:\/\/dev.claret.cat\/editorial\/editorial-planeta\/","menu_order":0,"post_type":"editorial","post_mime_type":"","comment_count":"0","filter":"raw"}],"autores-libros":[{"ID":168441,"post_author":"3","post_date":"2022-10-14 22:19:08","post_date_gmt":"2022-10-14 20:19:08","post_content":"","post_title":"ROMINA PEREZ TOLDI","post_excerpt":"","post_status":"publish","comment_status":"closed","ping_status":"closed","post_password":"","post_name":"romina-perez-toldi","to_ping":"","pinged":"","post_modified":"2022-10-14 22:19:08","post_modified_gmt":"2022-10-14 20:19:08","post_content_filtered":"","post_parent":0,"guid":"http:\/\/dev.claret.cat\/autor\/romina-perez-toldi\/","menu_order":0,"post_type":"autor","post_mime_type":"","comment_count":"0","filter":"raw"}]},"aioseo_notices":[],"_links":{"self":[{"href":"https:\/\/www.claret.cat\/es\/wp-json\/wp\/v2\/product\/37318","targetHints":{"allow":["GET"]}}],"collection":[{"href":"https:\/\/www.claret.cat\/es\/wp-json\/wp\/v2\/product"}],"about":[{"href":"https:\/\/www.claret.cat\/es\/wp-json\/wp\/v2\/types\/product"}],"wp:featuredmedia":[{"embeddable":true,"href":"https:\/\/www.claret.cat\/es\/wp-json\/wp\/v2\/media\/54617"}],"wp:attachment":[{"href":"https:\/\/www.claret.cat\/es\/wp-json\/wp\/v2\/media?parent=37318"}],"wp:term":[{"taxonomy":"product_brand","embeddable":true,"href":"https:\/\/www.claret.cat\/es\/wp-json\/wp\/v2\/product_brand?post=37318"},{"taxonomy":"product_cat","embeddable":true,"href":"https:\/\/www.claret.cat\/es\/wp-json\/wp\/v2\/product_cat?post=37318"},{"taxonomy":"product_tag","embeddable":true,"href":"https:\/\/www.claret.cat\/es\/wp-json\/wp\/v2\/product_tag?post=37318"}],"curies":[{"name":"wp","href":"https:\/\/api.w.org\/{rel}","templated":true}]}}