{"id":37342,"date":"2022-10-02T18:34:25","date_gmt":"2022-10-02T16:34:25","guid":{"rendered":"http:\/\/dev.claret.cat\/producte\/casacas-azules-2002-2005\/"},"modified":"2023-10-06T10:47:43","modified_gmt":"2023-10-06T08:47:43","slug":"casacas-azules-20022005-9788418898655","status":"publish","type":"product","link":"https:\/\/www.claret.cat\/es\/libro\/casacas-azules-20022005-9788418898655\/","title":{"rendered":"CASACAS AZULES 2002-2005"},"content":{"rendered":"<p>\u00bfCu\u00e1nto hay de cierto en la animadversi\u00f3n entre el sargento Chesterfield y el Cabo Blutch?<\/p>\n<p> \u00bfQu\u00e9 ser\u00eda del primero sin el segundo?<\/p>\n<p> Cauvin y Lambil nos ofrecen alguna pista m\u00e1s en R\u00e9quiem por un azul, mientras que, en Las Nancy Hart, rescatan un hecho real de la guerra de Secesi\u00f3n, cuando los soldados del Norte se encuentran con un grupo de mujeres resueltas a defender su ciudad cueste lo que cueste\u2026 \u00a1y son de armas tomar! El tercer \u00e1lbum de este tomo, bajo la capa de Arabesco, la inseparable yegua del cabo Blutch, nos presenta en primer plano el tr\u00e1gico papel de sus cong\u00e9neres, secundarios omnipresentes y casi siempre olvidados en todos los conflictos hasta ese momento.<\/p>\n<p> Finalmente, los habituales extras nos ofrecen una visi\u00f3n m\u00e1s completa de los hechos hist\u00f3ricos que han inspirado estas historias.<\/p>\n","protected":false},"excerpt":{"rendered":"<p>CAUVIN, RAUOL\/ LAMBIL, WILLY<\/p>\n","protected":false},"featured_media":54633,"template":"","meta":{"_acf_changed":false,"om_disable_all_campaigns":false,"rs_blank_template":"","rs_page_bg_color":"","slide_template_v7":"","inline_featured_image":false,"_monsterinsights_skip_tracking":false,"_monsterinsights_sitenote_active":false,"_monsterinsights_sitenote_note":"","_monsterinsights_sitenote_category":0},"product_brand":[],"product_cat":[558],"product_tag":[],"class_list":{"0":"post-37342","1":"product","2":"type-product","3":"status-publish","4":"has-post-thumbnail","6":"product_cat-comic-3_infantil-juvenil-spa-spa","8":"first","9":"instock","10":"taxable","11":"shipping-taxable","12":"purchasable","13":"product-type-simple"},"acf":{"autor":"CAUVIN, RAUOL\/ LAMBIL, WILLY","codart":"841889865","libros-coleccion":"","ediciones":"1","encuadernacion":"Carton\u00e9","fecha_de_publicacion":"01\/02\/2022","novedad":"1","paginas":"0","subtitulo":"","orden":"0","portada":"0","idioma":"spa","editorial":[{"ID":148672,"post_author":"3","post_date":"2022-10-14 12:00:05","post_date_gmt":"2022-10-14 10:00:05","post_content":"","post_title":"Plan B Publicaciones","post_excerpt":"","post_status":"publish","comment_status":"closed","ping_status":"closed","post_password":"","post_name":"plan-b-publicaciones","to_ping":"","pinged":"","post_modified":"2022-10-14 12:00:05","post_modified_gmt":"2022-10-14 10:00:05","post_content_filtered":"","post_parent":0,"guid":"http:\/\/dev.claret.cat\/editorial\/plan-b-publicaciones\/","menu_order":0,"post_type":"editorial","post_mime_type":"","comment_count":"0","filter":"raw"}],"autores-libros":[{"ID":167866,"post_author":"3","post_date":"2022-10-14 18:14:37","post_date_gmt":"2022-10-14 16:14:37","post_content":"","post_title":"RAUOL CAUVIN","post_excerpt":"","post_status":"publish","comment_status":"closed","ping_status":"closed","post_password":"","post_name":"rauol-cauvin","to_ping":"","pinged":"","post_modified":"2022-10-14 18:14:37","post_modified_gmt":"2022-10-14 16:14:37","post_content_filtered":"","post_parent":0,"guid":"http:\/\/dev.claret.cat\/autor\/rauol-cauvin\/","menu_order":0,"post_type":"autor","post_mime_type":"","comment_count":"0","filter":"raw"},{"ID":171347,"post_author":"3","post_date":"2022-10-14 22:42:40","post_date_gmt":"2022-10-14 20:42:40","post_content":"","post_title":"WILLY LAMBIL","post_excerpt":"","post_status":"publish","comment_status":"closed","ping_status":"closed","post_password":"","post_name":"willy-lambil","to_ping":"","pinged":"","post_modified":"2022-10-14 22:42:40","post_modified_gmt":"2022-10-14 20:42:40","post_content_filtered":"","post_parent":0,"guid":"http:\/\/dev.claret.cat\/autor\/willy-lambil\/","menu_order":0,"post_type":"autor","post_mime_type":"","comment_count":"0","filter":"raw"}]},"aioseo_notices":[],"_links":{"self":[{"href":"https:\/\/www.claret.cat\/es\/wp-json\/wp\/v2\/product\/37342","targetHints":{"allow":["GET"]}}],"collection":[{"href":"https:\/\/www.claret.cat\/es\/wp-json\/wp\/v2\/product"}],"about":[{"href":"https:\/\/www.claret.cat\/es\/wp-json\/wp\/v2\/types\/product"}],"wp:featuredmedia":[{"embeddable":true,"href":"https:\/\/www.claret.cat\/es\/wp-json\/wp\/v2\/media\/54633"}],"wp:attachment":[{"href":"https:\/\/www.claret.cat\/es\/wp-json\/wp\/v2\/media?parent=37342"}],"wp:term":[{"taxonomy":"product_brand","embeddable":true,"href":"https:\/\/www.claret.cat\/es\/wp-json\/wp\/v2\/product_brand?post=37342"},{"taxonomy":"product_cat","embeddable":true,"href":"https:\/\/www.claret.cat\/es\/wp-json\/wp\/v2\/product_cat?post=37342"},{"taxonomy":"product_tag","embeddable":true,"href":"https:\/\/www.claret.cat\/es\/wp-json\/wp\/v2\/product_tag?post=37342"}],"curies":[{"name":"wp","href":"https:\/\/api.w.org\/{rel}","templated":true}]}}