{"id":373457,"date":"2023-01-19T09:50:42","date_gmt":"2023-01-19T08:50:42","guid":{"rendered":"https:\/\/www.claret.cat\/llibre\/prevenir-y-acompanar-los-abusos-en-la-vida-religiosa-9788428839778\/"},"modified":"2024-05-02T05:19:02","modified_gmt":"2024-05-02T03:19:02","slug":"prevenir-y-acompanar-los-abusos-en-la-vida-religiosa-9788428839778","status":"publish","type":"product","link":"https:\/\/www.claret.cat\/es\/libro\/prevenir-y-acompanar-los-abusos-en-la-vida-religiosa-9788428839778\/","title":{"rendered":"PREVENIR Y ACOMPA\u00d1AR LOS ABUSOS EN LA VIDA RELIGIOSA"},"content":{"rendered":"<p>Los autores reunidos en este libro sacan a la luz la tr\u00e1gica realidad de los abusos y maltratos en la vida religiosa femenina desde la propia experiencia de escucha a las v\u00edctimas. Estas p\u00e1ginas ayudan al lector a releer y a nombrar la profundidad de las heridas y sus mismas ra\u00edces, a analizar desde un punto de vista eclesial e interdisciplinar las fallas sist\u00e9micas, as\u00ed como las formas de prevenir y luchar contra todo tipo de violencia y hacer de las comunidades religiosas un espacio seguro.Al afrontar dicha realidad y esbozar formas muy concretas de escuchar, acompa\u00f1ar y caminar con las v\u00edctimas, este libro contribuye a la reflexi\u00f3n sinodal que no dud\u00f3 en nombrar la dolorosa verdad de los abusos sexuales, los abusos de poder y los abusos de conciencia cometidos, tambi\u00e9n, contra las personas consagradas.<\/p>\n","protected":false},"excerpt":{"rendered":"<p>PORTILLO TREVIZO, DANIEL (COORD.) ; BECQUART, NATHALIE (PREFACIO)<\/p>\n","protected":false},"featured_media":391767,"template":"","meta":{"_acf_changed":false,"om_disable_all_campaigns":false,"rs_blank_template":"","rs_page_bg_color":"","slide_template_v7":"","inline_featured_image":false,"_monsterinsights_skip_tracking":false,"_monsterinsights_sitenote_active":false,"_monsterinsights_sitenote_note":"","_monsterinsights_sitenote_category":0},"product_brand":[],"product_cat":[92,542],"product_tag":[],"class_list":{"0":"post-373457","1":"product","2":"type-product","3":"status-publish","4":"has-post-thumbnail","6":"product_cat-vida-religiosa","7":"product_cat-vida-religiosa-1_espiritualidad-spa","9":"first","10":"instock","11":"taxable","12":"shipping-taxable","13":"purchasable","14":"product-type-simple"},"acf":{"editorial":[{"ID":6335,"post_author":"3","post_date":"2022-07-28 17:49:59","post_date_gmt":"2022-07-28 15:49:59","post_content":"","post_title":"PPC altres","post_excerpt":"","post_status":"publish","comment_status":"closed","ping_status":"closed","post_password":"","post_name":"ppc-altres","to_ping":"","pinged":"","post_modified":"2022-07-28 17:49:59","post_modified_gmt":"2022-07-28 15:49:59","post_content_filtered":"","post_parent":0,"guid":"http:\/\/dev.claret.cat\/editorial\/ppc-altres\/","menu_order":0,"post_type":"editorial","post_mime_type":"","comment_count":"0","filter":"raw"}],"autor":"PORTILLO TREVIZO, DANIEL (COORD.) ; BECQUART, NATHALIE (PREFACIO)","codart":"842883977","libros-coleccion":"","ediciones":"1","encuadernacion":"R\u00fastica","fecha_de_publicacion":"19\/01\/2023","novedad":"1","paginas":"270","subtitulo":"","orden":"0","portada":"0","idioma":"spa","autores-libros":[{"ID":5372,"post_author":"3","post_date":"2022-07-28 17:22:33","post_date_gmt":"2022-07-28 15:22:33","post_content":"","post_title":"DANIEL (COORD.) PORTILLO TREVIZO","post_excerpt":"","post_status":"publish","comment_status":"closed","ping_status":"closed","post_password":"","post_name":"daniel-coord-portillo-trevizo","to_ping":"","pinged":"","post_modified":"2022-07-28 17:22:33","post_modified_gmt":"2022-07-28 15:22:33","post_content_filtered":"","post_parent":0,"guid":"http:\/\/dev.claret.cat\/autor\/daniel-coord-portillo-trevizo\/","menu_order":0,"post_type":"autor","post_mime_type":"","comment_count":"0","filter":"raw"},{"ID":391766,"post_author":"3","post_date":"2023-02-17 20:15:03","post_date_gmt":"2023-02-17 19:15:03","post_content":"","post_title":"NATHALIE (PREFACIO) BECQUART","post_excerpt":"","post_status":"publish","comment_status":"closed","ping_status":"closed","post_password":"","post_name":"nathalie-prefacio-becquart","to_ping":"","pinged":"","post_modified":"2023-02-17 20:15:03","post_modified_gmt":"2023-02-17 19:15:03","post_content_filtered":"","post_parent":0,"guid":"https:\/\/www.claret.cat\/autor\/nathalie-prefacio-becquart\/","menu_order":0,"post_type":"autor","post_mime_type":"","comment_count":"0","filter":"raw"}]},"aioseo_notices":[],"_links":{"self":[{"href":"https:\/\/www.claret.cat\/es\/wp-json\/wp\/v2\/product\/373457","targetHints":{"allow":["GET"]}}],"collection":[{"href":"https:\/\/www.claret.cat\/es\/wp-json\/wp\/v2\/product"}],"about":[{"href":"https:\/\/www.claret.cat\/es\/wp-json\/wp\/v2\/types\/product"}],"wp:featuredmedia":[{"embeddable":true,"href":"https:\/\/www.claret.cat\/es\/wp-json\/wp\/v2\/media\/391767"}],"wp:attachment":[{"href":"https:\/\/www.claret.cat\/es\/wp-json\/wp\/v2\/media?parent=373457"}],"wp:term":[{"taxonomy":"product_brand","embeddable":true,"href":"https:\/\/www.claret.cat\/es\/wp-json\/wp\/v2\/product_brand?post=373457"},{"taxonomy":"product_cat","embeddable":true,"href":"https:\/\/www.claret.cat\/es\/wp-json\/wp\/v2\/product_cat?post=373457"},{"taxonomy":"product_tag","embeddable":true,"href":"https:\/\/www.claret.cat\/es\/wp-json\/wp\/v2\/product_tag?post=373457"}],"curies":[{"name":"wp","href":"https:\/\/api.w.org\/{rel}","templated":true}]}}