{"id":373673,"date":"2023-01-19T16:35:45","date_gmt":"2023-01-19T15:35:45","guid":{"rendered":"https:\/\/www.claret.cat\/llibre\/nou-testament-9788487023545\/"},"modified":"2026-02-05T12:46:05","modified_gmt":"2026-02-05T11:46:05","slug":"nou-testament-9788487023545","status":"publish","type":"product","link":"https:\/\/www.claret.cat\/es\/libro\/nou-testament-9788487023545\/","title":{"rendered":"NOU TESTAMENT"},"content":{"rendered":"<p>Traducci\u00f3 del grec al catal\u00e0, feta per Ferran Blasi i Javier Jarne, amb anotacions d&#8217;experts te\u00f2legs i d&#8217;autors cl\u00e0ssics d&#8217;espiritualitat.<\/p>\n<p>L\u2019escriptor Joan Sales exposa l\u2019\u00e0nima en una carta del 1937 al seu gran amic, el poeta M\u00e0rius Torres. L\u2019autor d\u2019Incerta Gl\u00f2ria, sol en aquell front de guerra, escriu: \u00abD\u00e9u va viure entre nosaltres fet un vagabund com tots, rodolant a l\u2019atzar dels camins i vivint de caritat. [\u2026]. He arribat a un punt que ja no puc creure m\u00e9s que en el D\u00e9u-trinxeraire de Galilea, que baix\u00e0 del Cel per ensenyar-nos que l\u2019\u00fanic cam\u00ed que duu a la gl\u00f2ria passa pel sofriment; un D\u00e9u d\u2019infanteria en una paraula\u00bb. En la seva meditaci\u00f3 de l\u2019Evangeli, Joan Sales hi descobreix aquest Jes\u00fas trinxeraire. Agust\u00ed d\u2019Hipona veu en Jes\u00fas \u00abalg\u00fa m\u00e9s \u00edntim que all\u00f2 meu m\u00e9s \u00edntim\u00bb. Joan Pau II hi troba un Jes\u00fas que t\u00e9 \u00abla veritat darrera i definitiva sobre l\u2019home\u00bb. Potser \u00e9s per aix\u00f2 que la inspiraci\u00f3 divina ha volgut que les escenes dels evangelis siguin tan cinematogr\u00e0fiques i quedin tan a l\u2019abast de la imaginaci\u00f3: perqu\u00e8 es pugui esdevenir una trobada personal amb Jes\u00fas, un contacte vital i decisiu com els de Joan Sales, Agust\u00ed d\u2019Hipona o Joan Pau II.<\/p>\n","protected":false},"excerpt":{"rendered":"<p>AAVV<\/p>\n","protected":false},"featured_media":827165,"template":"","meta":{"_acf_changed":false,"om_disable_all_campaigns":false,"rs_blank_template":"","rs_page_bg_color":"","slide_template_v7":"","inline_featured_image":false,"_monsterinsights_skip_tracking":false,"_monsterinsights_sitenote_active":false,"_monsterinsights_sitenote_note":"","_monsterinsights_sitenote_category":0},"product_brand":[],"product_cat":[75,341,420,296],"product_tag":[],"class_list":{"0":"post-373673","1":"product","2":"type-product","3":"status-publish","4":"has-post-thumbnail","6":"product_cat-biblia","7":"product_cat-biblia-es","8":"product_cat-biblias","9":"product_cat-biblies","11":"first","12":"instock","13":"taxable","14":"shipping-taxable","15":"purchasable","16":"product-type-simple"},"acf":{"editorial":[{"ID":147384,"post_author":"3","post_date":"2022-10-14 11:50:10","post_date_gmt":"2022-10-14 09:50:10","post_content":"","post_title":"ALBADA S.L.","post_excerpt":"","post_status":"publish","comment_status":"closed","ping_status":"closed","post_password":"","post_name":"albada-s-l","to_ping":"","pinged":"","post_modified":"2022-10-14 11:50:10","post_modified_gmt":"2022-10-14 09:50:10","post_content_filtered":"","post_parent":0,"guid":"http:\/\/dev.claret.cat\/editorial\/albada-s-l\/","menu_order":0,"post_type":"editorial","post_mime_type":"","comment_count":"0","filter":"raw"}],"autores-libros":[{"ID":323744,"post_author":"3","post_date":"2023-01-03 05:51:53","post_date_gmt":"2023-01-03 04:51:53","post_content":"","post_title":"JOSEP MASABEU I TIERNO","post_excerpt":"","post_status":"publish","comment_status":"closed","ping_status":"closed","post_password":"","post_name":"josep-masabeu-i-tierno","to_ping":"","pinged":"","post_modified":"2023-01-03 05:51:53","post_modified_gmt":"2023-01-03 04:51:53","post_content_filtered":"","post_parent":0,"guid":"https:\/\/www.claret.cat\/autor\/josep-masabeu-i-tierno\/","menu_order":0,"post_type":"autor","post_mime_type":"","comment_count":"0","filter":"raw"}],"autor":"AAVV","codart":"848702354","libros-coleccion":"","ediciones":"1","encuadernacion":"R\u00fastica","fecha_de_publicacion":"01\/01\/2004","novedad":"0","paginas":"824","subtitulo":"","orden":"999","portada":"0","idioma":"cat","booktrailer":"","resenas":""},"aioseo_notices":[],"_links":{"self":[{"href":"https:\/\/www.claret.cat\/es\/wp-json\/wp\/v2\/product\/373673","targetHints":{"allow":["GET"]}}],"collection":[{"href":"https:\/\/www.claret.cat\/es\/wp-json\/wp\/v2\/product"}],"about":[{"href":"https:\/\/www.claret.cat\/es\/wp-json\/wp\/v2\/types\/product"}],"wp:featuredmedia":[{"embeddable":true,"href":"https:\/\/www.claret.cat\/es\/wp-json\/wp\/v2\/media\/827165"}],"wp:attachment":[{"href":"https:\/\/www.claret.cat\/es\/wp-json\/wp\/v2\/media?parent=373673"}],"wp:term":[{"taxonomy":"product_brand","embeddable":true,"href":"https:\/\/www.claret.cat\/es\/wp-json\/wp\/v2\/product_brand?post=373673"},{"taxonomy":"product_cat","embeddable":true,"href":"https:\/\/www.claret.cat\/es\/wp-json\/wp\/v2\/product_cat?post=373673"},{"taxonomy":"product_tag","embeddable":true,"href":"https:\/\/www.claret.cat\/es\/wp-json\/wp\/v2\/product_tag?post=373673"}],"curies":[{"name":"wp","href":"https:\/\/api.w.org\/{rel}","templated":true}]}}