{"id":374213,"date":"2023-01-20T19:00:10","date_gmt":"2023-01-20T18:00:10","guid":{"rendered":"https:\/\/www.claret.cat\/llibre\/una-historia-de-la-guerra-civil-que-no-va-a-gustar-a-nadie-9788408114635\/"},"modified":"2023-02-09T12:21:13","modified_gmt":"2023-02-09T11:21:13","slug":"una-historia-de-la-guerra-civil-que-no-va-a-gustar-a-nadie-9788408114635","status":"publish","type":"product","link":"https:\/\/www.claret.cat\/es\/libro\/una-historia-de-la-guerra-civil-que-no-va-a-gustar-a-nadie-9788408114635\/","title":{"rendered":"UNA HISTORIA DE LA GUERRA CIVIL QUE NO VA A GUSTAR A NADIE"},"content":{"rendered":"<p>S\u00ed, otro libro sobre la guerra civil, pero que no marea con datos innecesarios. El lector acompa\u00f1a a un joven general Franco que se labra un porvenir y nos lo labra, de paso, a cuarenta millones de espa\u00f1oles, pero tambi\u00e9n acompa\u00f1a a muchos ciudadanos an\u00f3nimos a los que la guerra marc\u00f3 para siempre. \u00bfQui\u00e9nes eran los buenos y qui\u00e9nes los malos? Eso, que el lector lo decida.<\/p>\n","protected":false},"excerpt":{"rendered":"<p>ESLAVA GAL\u00c1N, JUAN<\/p>\n","protected":false},"featured_media":375760,"template":"","meta":{"_acf_changed":false,"om_disable_all_campaigns":false,"rs_blank_template":"","rs_page_bg_color":"","slide_template_v7":"","inline_featured_image":false,"_monsterinsights_skip_tracking":false,"_monsterinsights_sitenote_active":false,"_monsterinsights_sitenote_note":"","_monsterinsights_sitenote_category":0},"product_brand":[],"product_cat":[127,357],"product_tag":[],"class_list":{"0":"post-374213","1":"product","2":"type-product","3":"status-publish","4":"has-post-thumbnail","6":"product_cat-novella-contemporania","7":"product_cat-novela-contemporanea","9":"first","10":"instock","11":"taxable","12":"shipping-taxable","13":"purchasable","14":"product-type-simple"},"acf":{"editorial":[{"ID":6233,"post_author":"3","post_date":"2022-07-28 17:47:48","post_date_gmt":"2022-07-28 15:47:48","post_content":"","post_title":"EDITORIAL PLANETA","post_excerpt":"","post_status":"publish","comment_status":"closed","ping_status":"closed","post_password":"","post_name":"editorial-planeta","to_ping":"","pinged":"","post_modified":"2022-07-28 17:47:48","post_modified_gmt":"2022-07-28 15:47:48","post_content_filtered":"","post_parent":0,"guid":"http:\/\/dev.claret.cat\/editorial\/editorial-planeta\/","menu_order":0,"post_type":"editorial","post_mime_type":"","comment_count":"0","filter":"raw"}],"autor":"ESLAVA GAL\u00c1N, JUAN","codart":"840811463","libros-coleccion":"Historia","ediciones":"1","encuadernacion":"R\u00fastica","fecha_de_publicacion":"01\/06\/2013","novedad":"1","paginas":"400","subtitulo":"","orden":"0","portada":"0","idioma":"spa","autores-libros":[{"ID":161034,"post_author":"3","post_date":"2022-10-14 15:57:52","post_date_gmt":"2022-10-14 13:57:52","post_content":"","post_title":"JUAN ESLAVA GAL\u00c1N","post_excerpt":"","post_status":"publish","comment_status":"closed","ping_status":"closed","post_password":"","post_name":"juan-eslava-galan","to_ping":"","pinged":"","post_modified":"2022-10-14 15:57:52","post_modified_gmt":"2022-10-14 13:57:52","post_content_filtered":"","post_parent":0,"guid":"http:\/\/dev.claret.cat\/autor\/juan-eslava-galan\/","menu_order":0,"post_type":"autor","post_mime_type":"","comment_count":"0","filter":"raw"}]},"aioseo_notices":[],"_links":{"self":[{"href":"https:\/\/www.claret.cat\/es\/wp-json\/wp\/v2\/product\/374213","targetHints":{"allow":["GET"]}}],"collection":[{"href":"https:\/\/www.claret.cat\/es\/wp-json\/wp\/v2\/product"}],"about":[{"href":"https:\/\/www.claret.cat\/es\/wp-json\/wp\/v2\/types\/product"}],"wp:featuredmedia":[{"embeddable":true,"href":"https:\/\/www.claret.cat\/es\/wp-json\/wp\/v2\/media\/375760"}],"wp:attachment":[{"href":"https:\/\/www.claret.cat\/es\/wp-json\/wp\/v2\/media?parent=374213"}],"wp:term":[{"taxonomy":"product_brand","embeddable":true,"href":"https:\/\/www.claret.cat\/es\/wp-json\/wp\/v2\/product_brand?post=374213"},{"taxonomy":"product_cat","embeddable":true,"href":"https:\/\/www.claret.cat\/es\/wp-json\/wp\/v2\/product_cat?post=374213"},{"taxonomy":"product_tag","embeddable":true,"href":"https:\/\/www.claret.cat\/es\/wp-json\/wp\/v2\/product_tag?post=374213"}],"curies":[{"name":"wp","href":"https:\/\/api.w.org\/{rel}","templated":true}]}}