{"id":374241,"date":"2023-01-20T19:01:42","date_gmt":"2023-01-20T18:01:42","guid":{"rendered":"https:\/\/www.claret.cat\/llibre\/you-3-miss-you-9788408181217\/"},"modified":"2023-07-07T17:58:25","modified_gmt":"2023-07-07T15:58:25","slug":"you-3-miss-you-9788408181217","status":"publish","type":"product","link":"https:\/\/www.claret.cat\/es\/libro\/you-3-miss-you-9788408181217\/","title":{"rendered":"YOU 3. MISS YOU"},"content":{"rendered":"<p>Ha pasado un a\u00f1o desde la \u00faltima vez que Eden habl\u00f3 con Tyler. Sigue furiosa con \u00e9l por haberse marchado de manera repentina el pasado verano, pero ha hecho todo lo que ha podido para seguir adelante con su vida en la universidad de Chicago. Cuando llegan las vacaciones, regresa a Santa M\u00f3nica pero no es la \u00fanica que ha decidido volver a casa.<\/p>\n","protected":false},"excerpt":{"rendered":"<p>MASKAME, ESTELLE<\/p>\n","protected":false},"featured_media":380892,"template":"","meta":{"_acf_changed":false,"om_disable_all_campaigns":false,"rs_blank_template":"","rs_page_bg_color":"","slide_template_v7":"","inline_featured_image":false,"_monsterinsights_skip_tracking":false,"_monsterinsights_sitenote_active":false,"_monsterinsights_sitenote_note":"","_monsterinsights_sitenote_category":0},"product_brand":[],"product_cat":[133,566,117,363],"product_tag":[],"class_list":{"0":"post-374241","1":"product","2":"type-product","3":"status-publish","4":"has-post-thumbnail","6":"product_cat-lectures-per-adolescents-12-18-anys","7":"product_cat-juvenil-3_infantil-juvenil-spa-spa","8":"product_cat-juvenil","9":"product_cat-lecturas-por-adolescentes-12-18-anos","11":"first","12":"instock","13":"taxable","14":"shipping-taxable","15":"purchasable","16":"product-type-simple"},"acf":{"editorial":[{"ID":6233,"post_author":"3","post_date":"2022-07-28 17:47:48","post_date_gmt":"2022-07-28 15:47:48","post_content":"","post_title":"EDITORIAL PLANETA","post_excerpt":"","post_status":"publish","comment_status":"closed","ping_status":"closed","post_password":"","post_name":"editorial-planeta","to_ping":"","pinged":"","post_modified":"2022-07-28 17:47:48","post_modified_gmt":"2022-07-28 15:47:48","post_content_filtered":"","post_parent":0,"guid":"http:\/\/dev.claret.cat\/editorial\/editorial-planeta\/","menu_order":0,"post_type":"editorial","post_mime_type":"","comment_count":"0","filter":"raw"}],"autor":"MASKAME, ESTELLE","codart":"840818121","libros-coleccion":"Bestseller","ediciones":"1","encuadernacion":"R\u00fastica","fecha_de_publicacion":"01\/01\/2018","novedad":"1","paginas":"432","subtitulo":"SERIE YOU 3","orden":"0","portada":"0","idioma":"spa","autores-libros":[{"ID":155399,"post_author":"3","post_date":"2022-10-14 15:12:31","post_date_gmt":"2022-10-14 13:12:31","post_content":"","post_title":"ESTELLE MASKAME","post_excerpt":"","post_status":"publish","comment_status":"closed","ping_status":"closed","post_password":"","post_name":"estelle-maskame","to_ping":"","pinged":"","post_modified":"2022-10-14 15:12:31","post_modified_gmt":"2022-10-14 13:12:31","post_content_filtered":"","post_parent":0,"guid":"http:\/\/dev.claret.cat\/autor\/estelle-maskame\/","menu_order":0,"post_type":"autor","post_mime_type":"","comment_count":"0","filter":"raw"}]},"aioseo_notices":[],"_links":{"self":[{"href":"https:\/\/www.claret.cat\/es\/wp-json\/wp\/v2\/product\/374241","targetHints":{"allow":["GET"]}}],"collection":[{"href":"https:\/\/www.claret.cat\/es\/wp-json\/wp\/v2\/product"}],"about":[{"href":"https:\/\/www.claret.cat\/es\/wp-json\/wp\/v2\/types\/product"}],"wp:featuredmedia":[{"embeddable":true,"href":"https:\/\/www.claret.cat\/es\/wp-json\/wp\/v2\/media\/380892"}],"wp:attachment":[{"href":"https:\/\/www.claret.cat\/es\/wp-json\/wp\/v2\/media?parent=374241"}],"wp:term":[{"taxonomy":"product_brand","embeddable":true,"href":"https:\/\/www.claret.cat\/es\/wp-json\/wp\/v2\/product_brand?post=374241"},{"taxonomy":"product_cat","embeddable":true,"href":"https:\/\/www.claret.cat\/es\/wp-json\/wp\/v2\/product_cat?post=374241"},{"taxonomy":"product_tag","embeddable":true,"href":"https:\/\/www.claret.cat\/es\/wp-json\/wp\/v2\/product_tag?post=374241"}],"curies":[{"name":"wp","href":"https:\/\/api.w.org\/{rel}","templated":true}]}}