{"id":37429,"date":"2022-10-02T18:35:49","date_gmt":"2022-10-02T16:35:49","guid":{"rendered":"http:\/\/dev.claret.cat\/producte\/humanizacion-y-counselling\/"},"modified":"2026-04-01T07:18:46","modified_gmt":"2026-04-01T05:18:46","slug":"humanizacion-y-counselling-9788429330670","status":"publish","type":"product","link":"https:\/\/www.claret.cat\/es\/libro\/humanizacion-y-counselling-9788429330670\/","title":{"rendered":"HUMANIZACI\u00d3N Y COUNSELLING"},"content":{"rendered":"<p>En todos los \u00e1mbitos donde est\u00e1 en juego la relaci\u00f3n humana, la propuesta de humanizar cae bien. Y muy concretamente en el mundo de la salud. En este espacio, una de las fundamentales claves est\u00e1 en el cuidado desde una relaci\u00f3n de ayuda emp\u00e1tica, adecuada y competente. Una humanizaci\u00f3n que precisa de los conocimientos y experiencia que aportan el counselling y sus profesionales. Esta obra explora algunos aspectos novedosos para cualificar las competencias blandas propias de las relaciones de ayuda. Y adem\u00e1s para establecer claves que ayuden a cuidar a la persona, en su multidimensionalidad.<\/p>\n","protected":false},"excerpt":{"rendered":"<p>BERMEJO, JOS\u00c9 CARLOS<\/p>\n","protected":false},"featured_media":340947,"template":"","meta":{"_acf_changed":false,"om_disable_all_campaigns":false,"rs_blank_template":"","rs_page_bg_color":"","slide_template_v7":"","inline_featured_image":false,"_monsterinsights_skip_tracking":false,"_monsterinsights_sitenote_active":false,"_monsterinsights_sitenote_note":"","_monsterinsights_sitenote_category":0},"product_brand":[],"product_cat":[485,232,237,488],"product_tag":[],"class_list":{"0":"post-37429","1":"product","2":"type-product","3":"status-publish","4":"has-post-thumbnail","6":"product_cat-autores-espiritualidad-1_espiritualidad","7":"product_cat-autors-espiritualitat","8":"product_cat-cami-de-perfeccionament","9":"product_cat-camino-de-perfeccionamiento","11":"first","12":"instock","13":"taxable","14":"shipping-taxable","15":"purchasable","16":"product-type-simple"},"acf":{"autor":"BERMEJO, JOS\u00c9 CARLOS","codart":"842933067","libros-coleccion":"Proyecto","ediciones":"1","encuadernacion":"R\u00fastica","fecha_de_publicacion":"05\/05\/2022","novedad":"1","paginas":"152","subtitulo":"ALGUNAS COSAS NUEVAS","orden":"0","portada":"0","idioma":"spa","editorial":[{"ID":6351,"post_author":"3","post_date":"2022-07-28 17:50:19","post_date_gmt":"2022-07-28 15:50:19","post_content":"","post_title":"Sal Terrae","post_excerpt":"","post_status":"publish","comment_status":"closed","ping_status":"closed","post_password":"","post_name":"sal-terrae","to_ping":"","pinged":"","post_modified":"2022-07-28 17:50:19","post_modified_gmt":"2022-07-28 15:50:19","post_content_filtered":"","post_parent":0,"guid":"http:\/\/dev.claret.cat\/editorial\/sal-terrae\/","menu_order":0,"post_type":"editorial","post_mime_type":"","comment_count":"0","filter":"raw"}],"autores-libros":[{"ID":5637,"post_author":"3","post_date":"2022-07-28 17:28:16","post_date_gmt":"2022-07-28 15:28:16","post_content":"","post_title":"JOS\u00c9 CARLOS BERMEJO","post_excerpt":"","post_status":"publish","comment_status":"closed","ping_status":"closed","post_password":"","post_name":"jose-carlos-bermejo","to_ping":"","pinged":"","post_modified":"2022-07-28 17:28:16","post_modified_gmt":"2022-07-28 15:28:16","post_content_filtered":"","post_parent":0,"guid":"http:\/\/dev.claret.cat\/autor\/jose-carlos-bermejo\/","menu_order":0,"post_type":"autor","post_mime_type":"","comment_count":"0","filter":"raw"}],"booktrailer":"","resenas":""},"aioseo_notices":[],"_links":{"self":[{"href":"https:\/\/www.claret.cat\/es\/wp-json\/wp\/v2\/product\/37429","targetHints":{"allow":["GET"]}}],"collection":[{"href":"https:\/\/www.claret.cat\/es\/wp-json\/wp\/v2\/product"}],"about":[{"href":"https:\/\/www.claret.cat\/es\/wp-json\/wp\/v2\/types\/product"}],"wp:featuredmedia":[{"embeddable":true,"href":"https:\/\/www.claret.cat\/es\/wp-json\/wp\/v2\/media\/340947"}],"wp:attachment":[{"href":"https:\/\/www.claret.cat\/es\/wp-json\/wp\/v2\/media?parent=37429"}],"wp:term":[{"taxonomy":"product_brand","embeddable":true,"href":"https:\/\/www.claret.cat\/es\/wp-json\/wp\/v2\/product_brand?post=37429"},{"taxonomy":"product_cat","embeddable":true,"href":"https:\/\/www.claret.cat\/es\/wp-json\/wp\/v2\/product_cat?post=37429"},{"taxonomy":"product_tag","embeddable":true,"href":"https:\/\/www.claret.cat\/es\/wp-json\/wp\/v2\/product_tag?post=37429"}],"curies":[{"name":"wp","href":"https:\/\/api.w.org\/{rel}","templated":true}]}}